{"id":17,"date":"2021-05-03T07:20:49","date_gmt":"2021-05-03T07:20:49","guid":{"rendered":"https:\/\/skydoo.com\/?page_id=17"},"modified":"2021-07-06T15:43:21","modified_gmt":"2021-07-06T13:43:21","slug":"nos-clients","status":"publish","type":"page","link":"https:\/\/skydoo.com\/fr\/qui-sommes-nous-skydoo\/nos-clients\/","title":{"rendered":"Nos clients"},"content":{"rendered":"\t\t<div data-elementor-type=\"wp-page\" data-elementor-id=\"17\" class=\"elementor elementor-17\" data-elementor-post-type=\"page\">\n\t\t\t\t\t\t<section class=\"elementor-section elementor-top-section elementor-element elementor-element-44f14778 elementor-section-height-min-height elementor-section-items-stretch elementor-section-boxed elementor-section-height-default\" data-id=\"44f14778\" data-element_type=\"section\" data-e-type=\"section\" data-settings=\"{&quot;background_background&quot;:&quot;classic&quot;}\">\n\t\t\t\t\t\t\t<div class=\"elementor-background-overlay\"><\/div>\n\t\t\t\t\t\t\t<div class=\"elementor-container elementor-column-gap-default\">\n\t\t\t\t\t<div class=\"elementor-column elementor-col-66 elementor-top-column elementor-element elementor-element-564bb8d2\" data-id=\"564bb8d2\" data-element_type=\"column\" data-e-type=\"column\">\n\t\t\t<div class=\"elementor-widget-wrap elementor-element-populated\">\n\t\t\t\t\t\t<div class=\"elementor-element elementor-element-5e7ba723 elementor-widget elementor-widget-shortcode\" data-id=\"5e7ba723\" data-element_type=\"widget\" data-e-type=\"widget\" data-widget_type=\"shortcode.default\">\n\t\t\t\t<div class=\"elementor-widget-container\">\n\t\t\t\t\t\t\t<div class=\"elementor-shortcode\"><nav aria-label=\"breadcrumbs\" class=\"rank-math-breadcrumb\"><p><span class=\"last\">Accueil<\/span><\/p><\/nav><\/div>\n\t\t\t\t\t\t<\/div>\n\t\t\t\t<\/div>\n\t\t\t\t<div class=\"elementor-element elementor-element-2ee28fe8 elementor-widget elementor-widget-heading\" data-id=\"2ee28fe8\" data-element_type=\"widget\" data-e-type=\"widget\" data-widget_type=\"heading.default\">\n\t\t\t\t<div class=\"elementor-widget-container\">\n\t\t\t\t\t<h1 class=\"elementor-heading-title elementor-size-default\">Nos clients<\/h1>\t\t\t\t<\/div>\n\t\t\t\t<\/div>\n\t\t\t\t<div class=\"elementor-element elementor-element-12dad3c6 elementor-widget elementor-widget-text-editor\" data-id=\"12dad3c6\" data-element_type=\"widget\" data-e-type=\"widget\" data-widget_type=\"text-editor.default\">\n\t\t\t\t<div class=\"elementor-widget-container\">\n\t\t\t\t\t\t\t\t\t<p>Nos clients t\u00e9moignent\u00a0de nos outils ICT, communication, et du support professionnel de Skydoo. Contactez-nous et lan\u00e7ons votre entreprise 2.0 !<\/p>\t\t\t\t\t\t\t\t<\/div>\n\t\t\t\t<\/div>\n\t\t\t\t\t<\/div>\n\t\t<\/div>\n\t\t\t\t<div class=\"elementor-column elementor-col-33 elementor-top-column elementor-element elementor-element-28dd3656\" data-id=\"28dd3656\" data-element_type=\"column\" data-e-type=\"column\">\n\t\t\t<div class=\"elementor-widget-wrap\">\n\t\t\t\t\t\t\t<\/div>\n\t\t<\/div>\n\t\t\t\t\t<\/div>\n\t\t<\/section>\n\t\t\t\t<section class=\"elementor-section elementor-top-section elementor-element elementor-element-7b34cc4 elementor-section-boxed elementor-section-height-default elementor-section-height-default\" data-id=\"7b34cc4\" data-element_type=\"section\" data-e-type=\"section\">\n\t\t\t\t\t\t<div class=\"elementor-container elementor-column-gap-default\">\n\t\t\t\t\t<div class=\"elementor-column elementor-col-100 elementor-top-column elementor-element elementor-element-22a2078\" data-id=\"22a2078\" data-element_type=\"column\" data-e-type=\"column\">\n\t\t\t<div class=\"elementor-widget-wrap elementor-element-populated\">\n\t\t\t\t\t\t<div class=\"elementor-element elementor-element-c4debb3 elementor-widget elementor-widget-heading\" data-id=\"c4debb3\" data-element_type=\"widget\" data-e-type=\"widget\" data-widget_type=\"heading.default\">\n\t\t\t\t<div class=\"elementor-widget-container\">\n\t\t\t\t\t<h2 class=\"elementor-heading-title elementor-size-default\">NOS CLIENTS SONT AUSSI NOS AMBASSADEURS<\/h2>\t\t\t\t<\/div>\n\t\t\t\t<\/div>\n\t\t\t\t<div class=\"elementor-element elementor-element-1970b5f elementor-widget elementor-widget-heading\" data-id=\"1970b5f\" data-element_type=\"widget\" data-e-type=\"widget\" data-widget_type=\"heading.default\">\n\t\t\t\t<div class=\"elementor-widget-container\">\n\t\t\t\t\t<p class=\"elementor-heading-title elementor-size-default\">De Knokke \u00e0 Li\u00e8ge, d\u2019Anvers \u00e0 Bastogne, des entreprises, petites et grandes, ont r\u00e9solument choisi la transparence du service offert par Skydoo. La probl\u00e9matique li\u00e9e \u00e0 l\u2019ICT et la s\u00e9curit\u00e9 informatique, aux services de back-up, au design web et \u00e0 l\u2019image de l\u2019entreprise re\u00e7oit une r\u00e9ponse professionnelle, en restant dans des limites budg\u00e9taires acceptables. Pas moins de 5.000 entreprises ont d\u00e9j\u00e0 virtuellement adopt\u00e9 Skydoo.<\/p>\t\t\t\t<\/div>\n\t\t\t\t<\/div>\n\t\t\t\t\t<\/div>\n\t\t<\/div>\n\t\t\t\t\t<\/div>\n\t\t<\/section>\n\t\t\t\t<section class=\"elementor-section elementor-top-section elementor-element elementor-element-096b95a elementor-section-boxed elementor-section-height-default elementor-section-height-default\" data-id=\"096b95a\" data-element_type=\"section\" data-e-type=\"section\" data-settings=\"{&quot;background_background&quot;:&quot;classic&quot;}\">\n\t\t\t\t\t\t<div class=\"elementor-container elementor-column-gap-default\">\n\t\t\t\t\t<div class=\"elementor-column elementor-col-100 elementor-top-column elementor-element elementor-element-92b2830\" data-id=\"92b2830\" data-element_type=\"column\" data-e-type=\"column\">\n\t\t\t<div class=\"elementor-widget-wrap elementor-element-populated\">\n\t\t\t\t\t\t<div class=\"elementor-element elementor-element-39a8dab elementor-widget elementor-widget-heading\" data-id=\"39a8dab\" data-element_type=\"widget\" data-e-type=\"widget\" data-widget_type=\"heading.default\">\n\t\t\t\t<div class=\"elementor-widget-container\">\n\t\t\t\t\t<h3 class=\"elementor-heading-title elementor-size-default\">QUELQUES T\u00c9MOIGNAGES DE NOS CLIENTS ...<\/h3>\t\t\t\t<\/div>\n\t\t\t\t<\/div>\n\t\t\t\t<div class=\"elementor-element elementor-element-ccd3380 elementor-testimonial--skin-bubble elementor-testimonial--align-left elementor-pagination-type-fraction elementor-testimonial--layout-image_inline elementor-arrows-yes elementor-widget elementor-widget-testimonial-carousel\" data-id=\"ccd3380\" data-element_type=\"widget\" data-e-type=\"widget\" data-settings=\"{&quot;slides_per_view&quot;:&quot;2&quot;,&quot;slides_to_scroll&quot;:&quot;1&quot;,&quot;pagination&quot;:&quot;fraction&quot;,&quot;space_between&quot;:{&quot;unit&quot;:&quot;px&quot;,&quot;size&quot;:0,&quot;sizes&quot;:[]},&quot;autoplay_speed&quot;:10000,&quot;show_arrows&quot;:&quot;yes&quot;,&quot;speed&quot;:500,&quot;autoplay&quot;:&quot;yes&quot;,&quot;loop&quot;:&quot;yes&quot;,&quot;pause_on_hover&quot;:&quot;yes&quot;,&quot;pause_on_interaction&quot;:&quot;yes&quot;,&quot;space_between_tablet&quot;:{&quot;unit&quot;:&quot;px&quot;,&quot;size&quot;:10,&quot;sizes&quot;:[]},&quot;space_between_mobile&quot;:{&quot;unit&quot;:&quot;px&quot;,&quot;size&quot;:10,&quot;sizes&quot;:[]}}\" data-no-translation=\"\" data-widget_type=\"testimonial-carousel.default\">\n\t\t\t\t<div class=\"elementor-widget-container\">\n\t\t\t\t\t\t\t\t\t<div class=\"elementor-swiper\">\n\t\t\t\t\t<div class=\"elementor-main-swiper swiper\" role=\"region\" aria-roledescription=\"carousel\" aria-label=\"Slides\">\n\t\t\t\t<div class=\"swiper-wrapper\">\n\t\t\t\t\t\t\t\t\t\t\t<div class=\"swiper-slide\" role=\"group\" aria-roledescription=\"slide\">\n\t\t\t\t\t\t\t\t\t<div class=\"elementor-testimonial\">\n\t\t\t\t\t\t\t<div class=\"elementor-testimonial__content\">\n\t\t\t\t\t<div class=\"elementor-testimonial__text\">\n\t\t\t\t\t\tJe soussign\u00e9e, D. Nadine, t\u00e9l\u00e9 secr\u00e9taire ind\u00e9pendante \u00e0 Ecaussines depuis plus de 20 ans, je travaille avec Skydoo pour la sauvegarde et la protection de mes donn\u00e9es depuis un peu plus de deux ans et j\u2019appr\u00e9cie \u00e9norm\u00e9ment ce service qui me lib\u00e8re du stress, de l\u2019angoisse d\u2019une \u00e9ventuelle perte de donn\u00e9es ou d\u2019un piratage informatique qui pourrait avoir de graves cons\u00e9quences. L\u2019\u00e9quipe de Skydoo est ultra professionnelle et amicale. R\u00e9guli\u00e8rement, il y a des \u00e9changes par mail ou t\u00e9l\u00e9phone pour prendre des nouvelles c\u2019est tr\u00e8s sympathique et agr\u00e9able. Personnellement, SKYDOO c\u2019\u00e9tait LA SOLUTION qui manquait \u00e0 mon activit\u00e9 et qui m\u2019accompagne jusqu\u2019\u00e0 ma fin de carri\u00e8re.\t\t\t\t\t<\/div>\n\t\t\t\t\t\t\t\t\t<\/div>\n\t\t\t\t\t\t<div class=\"elementor-testimonial__footer\">\n\t\t\t\t\t\t\t\t<cite class=\"elementor-testimonial__cite\"><span class=\"elementor-testimonial__name\">Mme D. Nadine<\/span><\/cite>\t\t\t<\/div>\n\t\t<\/div>\n\t\t\t\t\t\t\t\t<\/div>\n\t\t\t\t\t\t\t\t\t\t\t<div class=\"swiper-slide\" role=\"group\" aria-roledescription=\"slide\">\n\t\t\t\t\t\t\t\t\t<div class=\"elementor-testimonial\">\n\t\t\t\t\t\t\t<div class=\"elementor-testimonial__content\">\n\t\t\t\t\t<div class=\"elementor-testimonial__text\">\n\t\t\t\t\t\tMadame, Monsieur,\n<br>Je suis en charge de l\u2019informatique au sein de la SCRL G. Soci\u00e9t\u00e9 d\u2019Avocats \u00e0 Li\u00e8ge. Mes associ\u00e9s et moi avons depuis longtemps pu appr\u00e9cier les services de votre soci\u00e9t\u00e9. En particulier, lorsque notre serveur a  \u00e9t\u00e9 la cible de crypto-virus au printemps 2017, j\u2019ai pu constater l\u2019efficacit\u00e9 de la sauvegarde et de la restauration des donn\u00e9es, que ce soit en bloc ou de mani\u00e8re s\u00e9lective. La r\u00e9cup\u00e9ration ponctuelle de l\u2019un ou l\u2019autre fichier effac\u00e9 par erreur est \u00e9galement optimale. Plus r\u00e9cemment, nous avons chang\u00e9 de serveur, et j\u2019ai pu recevoir votre aide pour les modifications de la configuration des back-ups. En particulier, Monsieur S\u00e9bastien VAN CUTSEM fait preuve de beaucoup de disponibilit\u00e9 et de professionnalisme, et est d\u2019une aide pr\u00e9cieuse lorsque l\u2019une ou l\u2019autre question surgit. <br><br>Je tiens donc, au nom de notre soci\u00e9t\u00e9, \u00e0 vous remercier pour l\u2019aide que vous nous apportez.\t\t\t\t\t<\/div>\n\t\t\t\t\t\t\t\t\t<\/div>\n\t\t\t\t\t\t<div class=\"elementor-testimonial__footer\">\n\t\t\t\t\t\t\t\t<cite class=\"elementor-testimonial__cite\"><span class=\"elementor-testimonial__name\">G. Soci\u00e9t\u00e9 d'avocats<\/span><\/cite>\t\t\t<\/div>\n\t\t<\/div>\n\t\t\t\t\t\t\t\t<\/div>\n\t\t\t\t\t\t\t\t\t\t\t<div class=\"swiper-slide\" role=\"group\" aria-roledescription=\"slide\">\n\t\t\t\t\t\t\t\t\t<div class=\"elementor-testimonial\">\n\t\t\t\t\t\t\t<div class=\"elementor-testimonial__content\">\n\t\t\t\t\t<div class=\"elementor-testimonial__text\">\n\t\t\t\t\t\tCh\u00e8re Madame Moulin,\n<br>\nJe tiens, par cette lettre, \u00e0 vous transmettre mes remerciements les plus sinc\u00e8res pour votre professionnalisme et pour la r\u00e9activit\u00e9 de votre \u00e9quipe. Client de votre soci\u00e9t\u00e9 depuis plus de 25 ans, vos services nous ont toujours donn\u00e9 enti\u00e8re satisfaction et je peux vous assurer que je ne manquerai pas de vous faire conna\u00eetre au plus grand nombre. \n<br><br>\nJe vous r\u00e9it\u00e8re mes remerciements et je vous prie d\u2019accepter mes salutations les plus sinc\u00e8res. <br>Bien \u00e0 vous, \t\t\t\t\t<\/div>\n\t\t\t\t\t\t\t\t\t<\/div>\n\t\t\t\t\t\t<div class=\"elementor-testimonial__footer\">\n\t\t\t\t\t\t\t\t<cite class=\"elementor-testimonial__cite\"><span class=\"elementor-testimonial__name\">Jean Pierre M.<\/span><span class=\"elementor-testimonial__title\">Administrateur D\u00e9l\u00e9gue, SA S.Travel International<\/span><\/cite>\t\t\t<\/div>\n\t\t<\/div>\n\t\t\t\t\t\t\t\t<\/div>\n\t\t\t\t\t\t\t\t\t\t\t<div class=\"swiper-slide\" role=\"group\" aria-roledescription=\"slide\">\n\t\t\t\t\t\t\t\t\t<div class=\"elementor-testimonial\">\n\t\t\t\t\t\t\t<div class=\"elementor-testimonial__content\">\n\t\t\t\t\t<div class=\"elementor-testimonial__text\">\n\t\t\t\t\t\tMadame Monsieur,\n<br><br>Ce message pour vous dire que je suis satisfaite de la soci\u00e9t\u00e9 Skydoo et que je la conseillerais vivement aux personnes qui me le demandent. Vous r\u00e9pondez rapidement aux demandes et s\u2019il y a un probl\u00e8me vous essayez de le r\u00e9gler dans les plus brefs d\u00e9lais, ce qui est vraiment agr\u00e9able. De plus, votre collaborateur monsieur Cottet est quelqu\u2019un de tr\u00e8s agr\u00e9able, qui explique bien comment fonctionne le produit.\n<br><br>Merci \u00e0 vous,\t\t\t\t\t<\/div>\n\t\t\t\t\t\t\t\t\t<\/div>\n\t\t\t\t\t\t<div class=\"elementor-testimonial__footer\">\n\t\t\t\t\t\t\t\t<cite class=\"elementor-testimonial__cite\"><span class=\"elementor-testimonial__name\">Marine E.<\/span><span class=\"elementor-testimonial__title\">Kin\u00e9sith\u00e9rapeute<\/span><\/cite>\t\t\t<\/div>\n\t\t<\/div>\n\t\t\t\t\t\t\t\t<\/div>\n\t\t\t\t\t\t\t\t\t<\/div>\n\t\t\t\t\t\t\t\t\t\t\t\t\t\t\t<div class=\"elementor-swiper-button elementor-swiper-button-prev\" role=\"button\" tabindex=\"0\" aria-label=\"Previous\">\n\t\t\t\t\t\t\t<i aria-hidden=\"true\" class=\"eicon-chevron-left\"><\/i>\t\t\t\t\t\t<\/div>\n\t\t\t\t\t\t<div class=\"elementor-swiper-button elementor-swiper-button-next\" role=\"button\" tabindex=\"0\" aria-label=\"Next\">\n\t\t\t\t\t\t\t<i aria-hidden=\"true\" class=\"eicon-chevron-right\"><\/i>\t\t\t\t\t\t<\/div>\n\t\t\t\t\t\t\t\t\t\t\t\t\t\t\t\t<div class=\"swiper-pagination\"><\/div>\n\t\t\t\t\t\t\t\t\t\t\t\t<\/div>\n\t\t\t\t<\/div>\n\t\t\t\t\t\t\t\t<\/div>\n\t\t\t\t<\/div>\n\t\t\t\t<div class=\"elementor-element elementor-element-e7e51c5 elementor-testimonial--skin-bubble elementor-testimonial--align-left elementor-pagination-type-fraction elementor-testimonial--layout-image_inline elementor-arrows-yes elementor-widget elementor-widget-testimonial-carousel\" data-id=\"e7e51c5\" data-element_type=\"widget\" data-e-type=\"widget\" data-settings=\"{&quot;slides_per_view&quot;:&quot;2&quot;,&quot;slides_to_scroll&quot;:&quot;1&quot;,&quot;pagination&quot;:&quot;fraction&quot;,&quot;space_between&quot;:{&quot;unit&quot;:&quot;px&quot;,&quot;size&quot;:0,&quot;sizes&quot;:[]},&quot;autoplay_speed&quot;:10000,&quot;show_arrows&quot;:&quot;yes&quot;,&quot;speed&quot;:500,&quot;autoplay&quot;:&quot;yes&quot;,&quot;loop&quot;:&quot;yes&quot;,&quot;pause_on_hover&quot;:&quot;yes&quot;,&quot;pause_on_interaction&quot;:&quot;yes&quot;,&quot;space_between_tablet&quot;:{&quot;unit&quot;:&quot;px&quot;,&quot;size&quot;:10,&quot;sizes&quot;:[]},&quot;space_between_mobile&quot;:{&quot;unit&quot;:&quot;px&quot;,&quot;size&quot;:10,&quot;sizes&quot;:[]}}\" data-no-translation=\"\" data-widget_type=\"testimonial-carousel.default\">\n\t\t\t\t<div class=\"elementor-widget-container\">\n\t\t\t\t\t<style>.elementor-element-e7e51c5{display:none !important}<\/style>\t\t\t\t<\/div>\n\t\t\t\t<\/div>\n\t\t\t\t\t<\/div>\n\t\t<\/div>\n\t\t\t\t\t<\/div>\n\t\t<\/section>\n\t\t\t\t<\/div>\n\t\t","protected":false},"excerpt":{"rendered":"<p>Nos clients t\u00e9moignent\u00a0de nos outils ICT, communication, et du support professionnel de Skydoo. Contactez-nous et lan\u00e7ons votre entreprise 2.0 ! NOS CLIENTS SONT AUSSI NOS AMBASSADEURS De Knokke \u00e0 Li\u00e8ge, d\u2019Anvers \u00e0 Bastogne, des entreprises, petites et grandes, ont r\u00e9solument choisi la transparence du service offert par Skydoo. La probl\u00e9matique li\u00e9e \u00e0 l\u2019ICT et la [&hellip;]<\/p>\n","protected":false},"author":1,"featured_media":553,"parent":11,"menu_order":0,"comment_status":"closed","ping_status":"closed","template":"elementor_header_footer","meta":{"footnotes":""},"class_list":["post-17","page","type-page","status-publish","has-post-thumbnail","hentry"],"_links":{"self":[{"href":"https:\/\/skydoo.com\/fr\/wp-json\/wp\/v2\/pages\/17","targetHints":{"allow":["GET"]}}],"collection":[{"href":"https:\/\/skydoo.com\/fr\/wp-json\/wp\/v2\/pages"}],"about":[{"href":"https:\/\/skydoo.com\/fr\/wp-json\/wp\/v2\/types\/page"}],"author":[{"embeddable":true,"href":"https:\/\/skydoo.com\/fr\/wp-json\/wp\/v2\/users\/1"}],"replies":[{"embeddable":true,"href":"https:\/\/skydoo.com\/fr\/wp-json\/wp\/v2\/comments?post=17"}],"version-history":[{"count":0,"href":"https:\/\/skydoo.com\/fr\/wp-json\/wp\/v2\/pages\/17\/revisions"}],"up":[{"embeddable":true,"href":"https:\/\/skydoo.com\/fr\/wp-json\/wp\/v2\/pages\/11"}],"wp:featuredmedia":[{"embeddable":true,"href":"https:\/\/skydoo.com\/fr\/wp-json\/wp\/v2\/media\/553"}],"wp:attachment":[{"href":"https:\/\/skydoo.com\/fr\/wp-json\/wp\/v2\/media?parent=17"}],"curies":[{"name":"wp","href":"https:\/\/api.w.org\/{rel}","templated":true}]}}