{"id":21,"date":"2021-05-03T07:22:12","date_gmt":"2021-05-03T07:22:12","guid":{"rendered":"https:\/\/skydoo.com\/?page_id=21"},"modified":"2021-05-19T09:30:01","modified_gmt":"2021-05-19T09:30:01","slug":"securite-et-back-ups","status":"publish","type":"page","link":"https:\/\/skydoo.com\/fr\/ict-et-securite\/securite-et-back-ups\/","title":{"rendered":"S\u00e9curit\u00e9 et Back-ups"},"content":{"rendered":"\t\t<div data-elementor-type=\"wp-page\" data-elementor-id=\"21\" class=\"elementor elementor-21\" data-elementor-post-type=\"page\">\n\t\t\t\t\t\t<section class=\"elementor-section elementor-top-section elementor-element elementor-element-79b98840 elementor-section-height-min-height elementor-section-items-stretch elementor-section-boxed elementor-section-height-default\" data-id=\"79b98840\" data-element_type=\"section\" data-e-type=\"section\" data-settings=\"{&quot;background_background&quot;:&quot;classic&quot;}\">\n\t\t\t\t\t\t\t<div class=\"elementor-background-overlay\"><\/div>\n\t\t\t\t\t\t\t<div class=\"elementor-container elementor-column-gap-default\">\n\t\t\t\t\t<div class=\"elementor-column elementor-col-66 elementor-top-column elementor-element elementor-element-6d963cc1\" data-id=\"6d963cc1\" data-element_type=\"column\" data-e-type=\"column\">\n\t\t\t<div class=\"elementor-widget-wrap elementor-element-populated\">\n\t\t\t\t\t\t<div class=\"elementor-element elementor-element-53802aac elementor-widget elementor-widget-shortcode\" data-id=\"53802aac\" data-element_type=\"widget\" data-e-type=\"widget\" data-widget_type=\"shortcode.default\">\n\t\t\t\t<div class=\"elementor-widget-container\">\n\t\t\t\t\t\t\t<div class=\"elementor-shortcode\"><nav aria-label=\"breadcrumbs\" class=\"rank-math-breadcrumb\"><p><span class=\"last\">Accueil<\/span><\/p><\/nav><\/div>\n\t\t\t\t\t\t<\/div>\n\t\t\t\t<\/div>\n\t\t\t\t<div class=\"elementor-element elementor-element-36be2770 elementor-widget elementor-widget-heading\" data-id=\"36be2770\" data-element_type=\"widget\" data-e-type=\"widget\" data-widget_type=\"heading.default\">\n\t\t\t\t<div class=\"elementor-widget-container\">\n\t\t\t\t\t<h1 class=\"elementor-heading-title elementor-size-default\">S\u00e9curit\u00e9 et Back-ups<\/h1>\t\t\t\t<\/div>\n\t\t\t\t<\/div>\n\t\t\t\t<div class=\"elementor-element elementor-element-40ff0820 elementor-widget elementor-widget-text-editor\" data-id=\"40ff0820\" data-element_type=\"widget\" data-e-type=\"widget\" data-widget_type=\"text-editor.default\">\n\t\t\t\t<div class=\"elementor-widget-container\">\n\t\t\t\t\t\t\t\t\t<p>En tant qu\u2019acc\u00e9l\u00e9rateur ICT aupr\u00e8s des entrepreneurs, Skydoo prend int\u00e9gralement en charge l\u2019impl\u00e9mentation de l\u2019ICT, la s\u00e9curit\u00e9 et le d\u00e9veloppement de sites web. En savoir plus sur notre parcours, notre vision et nos projets en chantier ?<\/p>\t\t\t\t\t\t\t\t<\/div>\n\t\t\t\t<\/div>\n\t\t\t\t\t<\/div>\n\t\t<\/div>\n\t\t\t\t<div class=\"elementor-column elementor-col-33 elementor-top-column elementor-element elementor-element-76a06ece\" data-id=\"76a06ece\" data-element_type=\"column\" data-e-type=\"column\">\n\t\t\t<div class=\"elementor-widget-wrap\">\n\t\t\t\t\t\t\t<\/div>\n\t\t<\/div>\n\t\t\t\t\t<\/div>\n\t\t<\/section>\n\t\t\t\t<section class=\"elementor-section elementor-top-section elementor-element elementor-element-ffcccc6 elementor-section-boxed elementor-section-height-default elementor-section-height-default\" data-id=\"ffcccc6\" data-element_type=\"section\" data-e-type=\"section\">\n\t\t\t\t\t\t<div class=\"elementor-container elementor-column-gap-default\">\n\t\t\t\t\t<div class=\"elementor-column elementor-col-100 elementor-top-column elementor-element elementor-element-e71132c\" data-id=\"e71132c\" data-element_type=\"column\" data-e-type=\"column\">\n\t\t\t<div class=\"elementor-widget-wrap elementor-element-populated\">\n\t\t\t\t\t\t<div class=\"elementor-element elementor-element-443058b elementor-widget elementor-widget-heading\" data-id=\"443058b\" data-element_type=\"widget\" data-e-type=\"widget\" data-widget_type=\"heading.default\">\n\t\t\t\t<div class=\"elementor-widget-container\">\n\t\t\t\t\t<h2 class=\"elementor-heading-title elementor-size-default\">Votre S\u00e9CURIT\u00c9 &amp; BACK-UPS<\/h2>\t\t\t\t<\/div>\n\t\t\t\t<\/div>\n\t\t\t\t<div class=\"elementor-element elementor-element-66ec338 elementor-widget elementor-widget-heading\" data-id=\"66ec338\" data-element_type=\"widget\" data-e-type=\"widget\" data-widget_type=\"heading.default\">\n\t\t\t\t<div class=\"elementor-widget-container\">\n\t\t\t\t\t<p class=\"elementor-heading-title elementor-size-default\">Votre s\u00e9curit\u00e9 a-t-elle \u00e9t\u00e9 mise \u00e0 jour ? Vos collaborateurs \u00e9prouvent-ils des difficult\u00e9s pour se connecter sur vos syst\u00e8mes depuis leur domicile ? Avez-vous d\u00e9j\u00e0 perdu des fichiers ou craignez-vous la pr\u00e9sence d\u2019un virus dans vos ordinateurs ? N\u2019\u00eates-vous pas un adepte des back-ups ?<\/p>\t\t\t\t<\/div>\n\t\t\t\t<\/div>\n\t\t\t\t\t<\/div>\n\t\t<\/div>\n\t\t\t\t\t<\/div>\n\t\t<\/section>\n\t\t\t\t<section class=\"elementor-section elementor-top-section elementor-element elementor-element-c75092c elementor-section-boxed elementor-section-height-default elementor-section-height-default\" data-id=\"c75092c\" data-element_type=\"section\" data-e-type=\"section\">\n\t\t\t\t\t\t<div class=\"elementor-container elementor-column-gap-default\">\n\t\t\t\t\t<div class=\"elementor-column elementor-col-100 elementor-top-column elementor-element elementor-element-277d27e\" data-id=\"277d27e\" data-element_type=\"column\" data-e-type=\"column\">\n\t\t\t<div class=\"elementor-widget-wrap elementor-element-populated\">\n\t\t\t\t\t\t<section class=\"elementor-section elementor-inner-section elementor-element elementor-element-9b0128f elementor-section-content-middle elementor-reverse-mobile elementor-section-boxed elementor-section-height-default elementor-section-height-default\" data-id=\"9b0128f\" data-element_type=\"section\" data-e-type=\"section\">\n\t\t\t\t\t\t<div class=\"elementor-container elementor-column-gap-wide\">\n\t\t\t\t\t<div class=\"elementor-column elementor-col-50 elementor-inner-column elementor-element elementor-element-c0863af\" data-id=\"c0863af\" data-element_type=\"column\" data-e-type=\"column\">\n\t\t\t<div class=\"elementor-widget-wrap elementor-element-populated\">\n\t\t\t\t\t\t<div class=\"elementor-element elementor-element-97ef019 elementor-widget elementor-widget-heading\" data-id=\"97ef019\" data-element_type=\"widget\" data-e-type=\"widget\" data-widget_type=\"heading.default\">\n\t\t\t\t<div class=\"elementor-widget-container\">\n\t\t\t\t\t<h2 class=\"elementor-heading-title elementor-size-default\">UNE S\u00c9CURIT\u00c9 INFORMATIQUE<br>\nDIGNE DE CE NOM<\/h2>\t\t\t\t<\/div>\n\t\t\t\t<\/div>\n\t\t\t\t<div class=\"elementor-element elementor-element-b71473a elementor-widget elementor-widget-text-editor\" data-id=\"b71473a\" data-element_type=\"widget\" data-e-type=\"widget\" data-widget_type=\"text-editor.default\">\n\t\t\t\t<div class=\"elementor-widget-container\">\n\t\t\t\t\t\t\t\t\t<p>Skydoo optimise vos syst\u00e8mes informatiques ou cr\u00e9e une nouvelle infrastructure IT qui vous permet de consulter, \u00e9diter et crypter vos documents en deux temps trois mouvements. De l\u2019installation d\u2019un pare-feu aux mises \u00e0 jour automatis\u00e9es, de la protection antivirus, stockage de donn\u00e9es, \u00e0 la totale s\u00e9curisation du r\u00e9seau, nous sommes votre partenaire IT et veillons \u00e0 la mise \u00e0 jour des applications selon une formule adapt\u00e9e \u00e0 votre entreprise et \u00e0 votre budget.\u00a0<\/p>\t\t\t\t\t\t\t\t<\/div>\n\t\t\t\t<\/div>\n\t\t\t\t\t<\/div>\n\t\t<\/div>\n\t\t\t\t<div class=\"elementor-column elementor-col-50 elementor-inner-column elementor-element elementor-element-f3d8994\" data-id=\"f3d8994\" data-element_type=\"column\" data-e-type=\"column\">\n\t\t\t<div class=\"elementor-widget-wrap elementor-element-populated\">\n\t\t\t\t\t\t<div class=\"elementor-element elementor-element-7ecfb64 elementor-widget elementor-widget-image\" data-id=\"7ecfb64\" data-element_type=\"widget\" data-e-type=\"widget\" data-widget_type=\"image.default\">\n\t\t\t\t<div class=\"elementor-widget-container\">\n\t\t\t\t\t\t\t\t\t\t\t\t\t\t\t<img fetchpriority=\"high\" decoding=\"async\" width=\"1024\" height=\"683\" src=\"https:\/\/skydoo.com\/wp-content\/uploads\/SkydooSecuriteDigne.png\" class=\"attachment-large size-large wp-image-652\" alt=\"Skydoo Solutions Securit\u00e9 et Back-ups\" srcset=\"https:\/\/skydoo.com\/wp-content\/uploads\/SkydooSecuriteDigne.png 1024w, https:\/\/skydoo.com\/wp-content\/uploads\/SkydooSecuriteDigne-300x200.png 300w, https:\/\/skydoo.com\/wp-content\/uploads\/SkydooSecuriteDigne-768x512.png 768w, https:\/\/skydoo.com\/wp-content\/uploads\/SkydooSecuriteDigne-16x12.png 16w\" sizes=\"(max-width: 1024px) 100vw, 1024px\" title=\"| Skydoo\">\t\t\t\t\t\t\t\t\t\t\t\t\t\t\t<\/div>\n\t\t\t\t<\/div>\n\t\t\t\t\t<\/div>\n\t\t<\/div>\n\t\t\t\t\t<\/div>\n\t\t<\/section>\n\t\t\t\t<section class=\"elementor-section elementor-inner-section elementor-element elementor-element-f54f977 elementor-section-content-middle elementor-section-boxed elementor-section-height-default elementor-section-height-default\" data-id=\"f54f977\" data-element_type=\"section\" data-e-type=\"section\">\n\t\t\t\t\t\t<div class=\"elementor-container elementor-column-gap-wide\">\n\t\t\t\t\t<div class=\"elementor-column elementor-col-33 elementor-inner-column elementor-element elementor-element-7071dea\" data-id=\"7071dea\" data-element_type=\"column\" data-e-type=\"column\">\n\t\t\t<div class=\"elementor-widget-wrap elementor-element-populated\">\n\t\t\t\t\t\t<div class=\"elementor-element elementor-element-c9536ab elementor-widget elementor-widget-image\" data-id=\"c9536ab\" data-element_type=\"widget\" data-e-type=\"widget\" data-widget_type=\"image.default\">\n\t\t\t\t<div class=\"elementor-widget-container\">\n\t\t\t\t\t\t\t\t\t\t\t\t\t\t\t<img decoding=\"async\" width=\"1024\" height=\"683\" src=\"https:\/\/skydoo.com\/wp-content\/uploads\/SkydooAssistance.png\" class=\"attachment-large size-large wp-image-653\" alt=\"Skydoo Solutions Securit\u00e9 et Back-ups\" srcset=\"https:\/\/skydoo.com\/wp-content\/uploads\/SkydooAssistance.png 1024w, https:\/\/skydoo.com\/wp-content\/uploads\/SkydooAssistance-300x200.png 300w, https:\/\/skydoo.com\/wp-content\/uploads\/SkydooAssistance-768x512.png 768w, https:\/\/skydoo.com\/wp-content\/uploads\/SkydooAssistance-16x12.png 16w\" sizes=\"(max-width: 1024px) 100vw, 1024px\" title=\"| Skydoo\">\t\t\t\t\t\t\t\t\t\t\t\t\t\t\t<\/div>\n\t\t\t\t<\/div>\n\t\t\t\t\t<\/div>\n\t\t<\/div>\n\t\t\t\t<div class=\"elementor-column elementor-col-66 elementor-inner-column elementor-element elementor-element-f8a427e\" data-id=\"f8a427e\" data-element_type=\"column\" data-e-type=\"column\">\n\t\t\t<div class=\"elementor-widget-wrap elementor-element-populated\">\n\t\t\t\t\t\t<div class=\"elementor-element elementor-element-c6c3799 elementor-widget elementor-widget-heading\" data-id=\"c6c3799\" data-element_type=\"widget\" data-e-type=\"widget\" data-widget_type=\"heading.default\">\n\t\t\t\t<div class=\"elementor-widget-container\">\n\t\t\t\t\t<h2 class=\"elementor-heading-title elementor-size-default\">ASSISTANCE ONLINE &amp; OFFLINE\n<\/h2>\t\t\t\t<\/div>\n\t\t\t\t<\/div>\n\t\t\t\t<div class=\"elementor-element elementor-element-e3f0c1b elementor-widget elementor-widget-text-editor\" data-id=\"e3f0c1b\" data-element_type=\"widget\" data-e-type=\"widget\" data-widget_type=\"text-editor.default\">\n\t\t\t\t<div class=\"elementor-widget-container\">\n\t\t\t\t\t\t\t\t\t<p>Malwares et spywares vous sont familiers\u00a0? Vos fichiers ne sont plus synchronis\u00e9s entre eux ? Dormez tranquille, nos gestionnaires syst\u00e8me et r\u00e9seau et nos sp\u00e9cialistes en sauvegarde sont l\u00e0\u00a0! Nous intervenons en direct via remote access. Cela ne fonctionne pas ? Alors nous serons rapidement sur place. Nous veillerons toujours \u00e0 r\u00e9duire au mieux les temps d\u2019interruption, de fa\u00e7on \u00e0 garantir la continuit\u00e9 de votre activit\u00e9.<\/p>\t\t\t\t\t\t\t\t<\/div>\n\t\t\t\t<\/div>\n\t\t\t\t\t<\/div>\n\t\t<\/div>\n\t\t\t\t\t<\/div>\n\t\t<\/section>\n\t\t\t\t\t<\/div>\n\t\t<\/div>\n\t\t\t\t\t<\/div>\n\t\t<\/section>\n\t\t\t\t<section class=\"elementor-section elementor-top-section elementor-element elementor-element-a4ea291 elementor-section-boxed elementor-section-height-default elementor-section-height-default\" data-id=\"a4ea291\" data-element_type=\"section\" data-e-type=\"section\" data-settings=\"{&quot;background_background&quot;:&quot;classic&quot;}\">\n\t\t\t\t\t\t\t<div class=\"elementor-background-overlay\"><\/div>\n\t\t\t\t\t\t\t<div class=\"elementor-container elementor-column-gap-default\">\n\t\t\t\t\t<div class=\"elementor-column elementor-col-100 elementor-top-column elementor-element elementor-element-11b6051\" data-id=\"11b6051\" data-element_type=\"column\" data-e-type=\"column\">\n\t\t\t<div class=\"elementor-widget-wrap elementor-element-populated\">\n\t\t\t\t\t\t<div class=\"elementor-element elementor-element-dff372d elementor-widget elementor-widget-heading\" data-id=\"dff372d\" data-element_type=\"widget\" data-e-type=\"widget\" data-widget_type=\"heading.default\">\n\t\t\t\t<div class=\"elementor-widget-container\">\n\t\t\t\t\t<h3 class=\"elementor-heading-title elementor-size-default\">VOUS CHERCHEZ UN GESTIONNAIRE R\u00c9SEAU<br> FIABLE OU UN EXPERT EN S\u00c9CURIT\u00c9 ?<\/h3>\t\t\t\t<\/div>\n\t\t\t\t<\/div>\n\t\t\t\t<div class=\"elementor-element elementor-element-9bd7f8d elementor-align-center elementor-widget elementor-widget-button\" data-id=\"9bd7f8d\" data-element_type=\"widget\" data-e-type=\"widget\" data-widget_type=\"button.default\">\n\t\t\t\t<div class=\"elementor-widget-container\">\n\t\t\t\t\t\t\t\t\t<div class=\"elementor-button-wrapper\">\n\t\t\t\t\t<a class=\"elementor-button elementor-button-link elementor-size-sm\" href=\"https:\/\/skydoo.com\/fr\/contact\/\">\n\t\t\t\t\t\t<span class=\"elementor-button-content-wrapper\">\n\t\t\t\t\t\t\t\t\t<span class=\"elementor-button-text\">Prenons rendez-vous<\/span>\n\t\t\t\t\t<\/span>\n\t\t\t\t\t<\/a>\n\t\t\t\t<\/div>\n\t\t\t\t\t\t\t\t<\/div>\n\t\t\t\t<\/div>\n\t\t\t\t\t<\/div>\n\t\t<\/div>\n\t\t\t\t\t<\/div>\n\t\t<\/section>\n\t\t\t\t<\/div>\n\t\t","protected":false},"excerpt":{"rendered":"<p>En tant qu\u2019acc\u00e9l\u00e9rateur ICT aupr\u00e8s des entrepreneurs, Skydoo prend int\u00e9gralement en charge l\u2019impl\u00e9mentation de l\u2019ICT, la s\u00e9curit\u00e9 et le d\u00e9veloppement de sites web. En savoir plus sur notre parcours, notre vision et nos projets en chantier ? Votre S\u00e9CURIT\u00c9 &amp; BACK-UPS Votre s\u00e9curit\u00e9 a-t-elle \u00e9t\u00e9 mise \u00e0 jour ? Vos collaborateurs \u00e9prouvent-ils des difficult\u00e9s pour [&hellip;]<\/p>\n","protected":false},"author":1,"featured_media":636,"parent":19,"menu_order":0,"comment_status":"closed","ping_status":"closed","template":"elementor_header_footer","meta":{"footnotes":""},"class_list":["post-21","page","type-page","status-publish","has-post-thumbnail","hentry"],"_links":{"self":[{"href":"https:\/\/skydoo.com\/fr\/wp-json\/wp\/v2\/pages\/21","targetHints":{"allow":["GET"]}}],"collection":[{"href":"https:\/\/skydoo.com\/fr\/wp-json\/wp\/v2\/pages"}],"about":[{"href":"https:\/\/skydoo.com\/fr\/wp-json\/wp\/v2\/types\/page"}],"author":[{"embeddable":true,"href":"https:\/\/skydoo.com\/fr\/wp-json\/wp\/v2\/users\/1"}],"replies":[{"embeddable":true,"href":"https:\/\/skydoo.com\/fr\/wp-json\/wp\/v2\/comments?post=21"}],"version-history":[{"count":0,"href":"https:\/\/skydoo.com\/fr\/wp-json\/wp\/v2\/pages\/21\/revisions"}],"up":[{"embeddable":true,"href":"https:\/\/skydoo.com\/fr\/wp-json\/wp\/v2\/pages\/19"}],"wp:featuredmedia":[{"embeddable":true,"href":"https:\/\/skydoo.com\/fr\/wp-json\/wp\/v2\/media\/636"}],"wp:attachment":[{"href":"https:\/\/skydoo.com\/fr\/wp-json\/wp\/v2\/media?parent=21"}],"curies":[{"name":"wp","href":"https:\/\/api.w.org\/{rel}","templated":true}]}}