{"id":31,"date":"2021-05-03T07:24:40","date_gmt":"2021-05-03T07:24:40","guid":{"rendered":"https:\/\/skydoo.com\/?page_id=31"},"modified":"2021-05-19T07:43:44","modified_gmt":"2021-05-19T07:43:44","slug":"design-graphique","status":"publish","type":"page","link":"https:\/\/skydoo.com\/fr\/communication\/design-graphique\/","title":{"rendered":"Design Graphique"},"content":{"rendered":"\t\t<div data-elementor-type=\"wp-page\" data-elementor-id=\"31\" class=\"elementor elementor-31\" data-elementor-post-type=\"page\">\n\t\t\t\t\t\t<section class=\"elementor-section elementor-top-section elementor-element elementor-element-4227f1d elementor-section-height-min-height elementor-section-items-stretch elementor-section-boxed elementor-section-height-default\" data-id=\"4227f1d\" data-element_type=\"section\" data-e-type=\"section\" data-settings=\"{&quot;background_background&quot;:&quot;classic&quot;}\">\n\t\t\t\t\t\t\t<div class=\"elementor-background-overlay\"><\/div>\n\t\t\t\t\t\t\t<div class=\"elementor-container elementor-column-gap-default\">\n\t\t\t\t\t<div class=\"elementor-column elementor-col-66 elementor-top-column elementor-element elementor-element-6420a9f\" data-id=\"6420a9f\" data-element_type=\"column\" data-e-type=\"column\">\n\t\t\t<div class=\"elementor-widget-wrap elementor-element-populated\">\n\t\t\t\t\t\t<div class=\"elementor-element elementor-element-cc5a83d elementor-widget elementor-widget-shortcode\" data-id=\"cc5a83d\" data-element_type=\"widget\" data-e-type=\"widget\" data-widget_type=\"shortcode.default\">\n\t\t\t\t<div class=\"elementor-widget-container\">\n\t\t\t\t\t\t\t<div class=\"elementor-shortcode\"><nav aria-label=\"breadcrumbs\" class=\"rank-math-breadcrumb\"><p><span class=\"last\">Accueil<\/span><\/p><\/nav><\/div>\n\t\t\t\t\t\t<\/div>\n\t\t\t\t<\/div>\n\t\t\t\t<div class=\"elementor-element elementor-element-52185df elementor-widget elementor-widget-heading\" data-id=\"52185df\" data-element_type=\"widget\" data-e-type=\"widget\" data-widget_type=\"heading.default\">\n\t\t\t\t<div class=\"elementor-widget-container\">\n\t\t\t\t\t<h1 class=\"elementor-heading-title elementor-size-default\">Design Graphique<\/h1>\t\t\t\t<\/div>\n\t\t\t\t<\/div>\n\t\t\t\t<div class=\"elementor-element elementor-element-e3a4f4f elementor-widget elementor-widget-text-editor\" data-id=\"e3a4f4f\" data-element_type=\"widget\" data-e-type=\"widget\" data-widget_type=\"text-editor.default\">\n\t\t\t\t<div class=\"elementor-widget-container\">\n\t\t\t\t\t\t\t\t\t<p>Renouveler l\u2019image de votre entreprise\u00a0? Cr\u00e9er un nouveau logo\u00a0? Cr\u00e9ation de flyers et impression de brochures\u00a0? Le graphisme cr\u00e9\u00e9 par votre agence de communication Skydoo risque fort d\u2019interpeller vos concurrents.<\/p>\t\t\t\t\t\t\t\t<\/div>\n\t\t\t\t<\/div>\n\t\t\t\t\t<\/div>\n\t\t<\/div>\n\t\t\t\t<div class=\"elementor-column elementor-col-33 elementor-top-column elementor-element elementor-element-2597d32\" data-id=\"2597d32\" data-element_type=\"column\" data-e-type=\"column\">\n\t\t\t<div class=\"elementor-widget-wrap\">\n\t\t\t\t\t\t\t<\/div>\n\t\t<\/div>\n\t\t\t\t\t<\/div>\n\t\t<\/section>\n\t\t\t\t<section class=\"elementor-section elementor-top-section elementor-element elementor-element-e761aa2 elementor-section-boxed elementor-section-height-default elementor-section-height-default\" data-id=\"e761aa2\" data-element_type=\"section\" data-e-type=\"section\">\n\t\t\t\t\t\t<div class=\"elementor-container elementor-column-gap-default\">\n\t\t\t\t\t<div class=\"elementor-column elementor-col-100 elementor-top-column elementor-element elementor-element-bfda9ae\" data-id=\"bfda9ae\" data-element_type=\"column\" data-e-type=\"column\">\n\t\t\t<div class=\"elementor-widget-wrap elementor-element-populated\">\n\t\t\t\t\t\t<div class=\"elementor-element elementor-element-c1f7b53 elementor-widget elementor-widget-heading\" data-id=\"c1f7b53\" data-element_type=\"widget\" data-e-type=\"widget\" data-widget_type=\"heading.default\">\n\t\t\t\t<div class=\"elementor-widget-container\">\n\t\t\t\t\t<h2 class=\"elementor-heading-title elementor-size-default\">Infographie, Impression &amp; Identit\u00e9 visuelle<\/h2>\t\t\t\t<\/div>\n\t\t\t\t<\/div>\n\t\t\t\t<div class=\"elementor-element elementor-element-b102059 elementor-widget elementor-widget-heading\" data-id=\"b102059\" data-element_type=\"widget\" data-e-type=\"widget\" data-widget_type=\"heading.default\">\n\t\t\t\t<div class=\"elementor-widget-container\">\n\t\t\t\t\t<p class=\"elementor-heading-title elementor-size-default\">Votre identit\u00e9 d'entreprise reste dans le flou ? Vous cherchez un graphiste professionnel pour imaginer le nouveau logo de votre entreprise ? Faire imprimer des flyers ou des brochures, ou m\u00eame concevoir un panneau publicitaire ?<\/p>\t\t\t\t<\/div>\n\t\t\t\t<\/div>\n\t\t\t\t\t<\/div>\n\t\t<\/div>\n\t\t\t\t\t<\/div>\n\t\t<\/section>\n\t\t\t\t<section class=\"elementor-section elementor-top-section elementor-element elementor-element-bd7b0ac elementor-section-boxed elementor-section-height-default elementor-section-height-default\" data-id=\"bd7b0ac\" data-element_type=\"section\" data-e-type=\"section\">\n\t\t\t\t\t\t<div class=\"elementor-container elementor-column-gap-default\">\n\t\t\t\t\t<div class=\"elementor-column elementor-col-100 elementor-top-column elementor-element elementor-element-b1a6b8c\" data-id=\"b1a6b8c\" data-element_type=\"column\" data-e-type=\"column\">\n\t\t\t<div class=\"elementor-widget-wrap elementor-element-populated\">\n\t\t\t\t\t\t<section class=\"elementor-section elementor-inner-section elementor-element elementor-element-71ea08f elementor-section-content-middle elementor-reverse-mobile elementor-section-boxed elementor-section-height-default elementor-section-height-default\" data-id=\"71ea08f\" data-element_type=\"section\" data-e-type=\"section\">\n\t\t\t\t\t\t<div class=\"elementor-container elementor-column-gap-wide\">\n\t\t\t\t\t<div class=\"elementor-column elementor-col-50 elementor-inner-column elementor-element elementor-element-7e2c7d7\" data-id=\"7e2c7d7\" data-element_type=\"column\" data-e-type=\"column\">\n\t\t\t<div class=\"elementor-widget-wrap elementor-element-populated\">\n\t\t\t\t\t\t<div class=\"elementor-element elementor-element-40dcb29 elementor-widget elementor-widget-heading\" data-id=\"40dcb29\" data-element_type=\"widget\" data-e-type=\"widget\" data-widget_type=\"heading.default\">\n\t\t\t\t<div class=\"elementor-widget-container\">\n\t\t\t\t\t<h2 class=\"elementor-heading-title elementor-size-default\">TRADUIRE \u00c0 LA PERFECTION <br>VOTRE IDENTIT\u00c9 VISUELLE<\/h2>\t\t\t\t<\/div>\n\t\t\t\t<\/div>\n\t\t\t\t<div class=\"elementor-element elementor-element-cfb6c9e elementor-widget elementor-widget-text-editor\" data-id=\"cfb6c9e\" data-element_type=\"widget\" data-e-type=\"widget\" data-widget_type=\"text-editor.default\">\n\t\t\t\t<div class=\"elementor-widget-container\">\n\t\t\t\t\t\t\t\t\t<p>L\u2019agence de communication Skydoo s\u2019engage dans la cr\u00e9ation de votre charte graphique. La charte graphique de votre entreprise contient tous les \u00e9l\u00e9ments visuels \u00e0 respecter : couleurs, typographie, mise en page, \u2026 Votre logo est l\u2019\u00e9l\u00e9ment central qui constitue le fondement du graphisme. Notre agence de cr\u00e9ation vous propose un full-service en design graphique bien adapt\u00e9 : l\u2019identit\u00e9 de votre entreprise va bien s\u00fbr appara\u00eetre offline, mais doit \u00e9galement percuter online, comme dans la mise en page de mailings ou de banni\u00e8res sur Internet.<\/p>\t\t\t\t\t\t\t\t<\/div>\n\t\t\t\t<\/div>\n\t\t\t\t\t<\/div>\n\t\t<\/div>\n\t\t\t\t<div class=\"elementor-column elementor-col-50 elementor-inner-column elementor-element elementor-element-e32f42d\" data-id=\"e32f42d\" data-element_type=\"column\" data-e-type=\"column\">\n\t\t\t<div class=\"elementor-widget-wrap elementor-element-populated\">\n\t\t\t\t\t\t<div class=\"elementor-element elementor-element-c31441d elementor-widget elementor-widget-image\" data-id=\"c31441d\" data-element_type=\"widget\" data-e-type=\"widget\" data-widget_type=\"image.default\">\n\t\t\t\t<div class=\"elementor-widget-container\">\n\t\t\t\t\t\t\t\t\t\t\t\t\t\t\t<img fetchpriority=\"high\" decoding=\"async\" width=\"1024\" height=\"682\" src=\"https:\/\/skydoo.com\/wp-content\/uploads\/SkydooVisuel.png\" class=\"attachment-large size-large wp-image-824\" alt=\"Skydoo Solutions Design Graphique\" srcset=\"https:\/\/skydoo.com\/wp-content\/uploads\/SkydooVisuel.png 1024w, https:\/\/skydoo.com\/wp-content\/uploads\/SkydooVisuel-300x200.png 300w, https:\/\/skydoo.com\/wp-content\/uploads\/SkydooVisuel-768x512.png 768w, https:\/\/skydoo.com\/wp-content\/uploads\/SkydooVisuel-16x12.png 16w\" sizes=\"(max-width: 1024px) 100vw, 1024px\" title=\"| Skydoo\">\t\t\t\t\t\t\t\t\t\t\t\t\t\t\t<\/div>\n\t\t\t\t<\/div>\n\t\t\t\t\t<\/div>\n\t\t<\/div>\n\t\t\t\t\t<\/div>\n\t\t<\/section>\n\t\t\t\t<section class=\"elementor-section elementor-inner-section elementor-element elementor-element-aaf0331 elementor-section-content-middle elementor-section-boxed elementor-section-height-default elementor-section-height-default\" data-id=\"aaf0331\" data-element_type=\"section\" data-e-type=\"section\">\n\t\t\t\t\t\t<div class=\"elementor-container elementor-column-gap-wide\">\n\t\t\t\t\t<div class=\"elementor-column elementor-col-33 elementor-inner-column elementor-element elementor-element-44c2385\" data-id=\"44c2385\" data-element_type=\"column\" data-e-type=\"column\">\n\t\t\t<div class=\"elementor-widget-wrap elementor-element-populated\">\n\t\t\t\t\t\t<div class=\"elementor-element elementor-element-897474c elementor-widget elementor-widget-image\" data-id=\"897474c\" data-element_type=\"widget\" data-e-type=\"widget\" data-widget_type=\"image.default\">\n\t\t\t\t<div class=\"elementor-widget-container\">\n\t\t\t\t\t\t\t\t\t\t\t\t\t\t\t<img decoding=\"async\" width=\"768\" height=\"513\" src=\"https:\/\/skydoo.com\/wp-content\/uploads\/SkydooGraphique.png\" class=\"attachment-large size-large wp-image-825\" alt=\"Skydoo Solutions Design Graphique\" srcset=\"https:\/\/skydoo.com\/wp-content\/uploads\/SkydooGraphique.png 768w, https:\/\/skydoo.com\/wp-content\/uploads\/SkydooGraphique-300x200.png 300w, https:\/\/skydoo.com\/wp-content\/uploads\/SkydooGraphique-16x12.png 16w\" sizes=\"(max-width: 768px) 100vw, 768px\" title=\"| Skydoo\">\t\t\t\t\t\t\t\t\t\t\t\t\t\t\t<\/div>\n\t\t\t\t<\/div>\n\t\t\t\t\t<\/div>\n\t\t<\/div>\n\t\t\t\t<div class=\"elementor-column elementor-col-66 elementor-inner-column elementor-element elementor-element-6601495\" data-id=\"6601495\" data-element_type=\"column\" data-e-type=\"column\">\n\t\t\t<div class=\"elementor-widget-wrap elementor-element-populated\">\n\t\t\t\t\t\t<div class=\"elementor-element elementor-element-e64c461 elementor-widget elementor-widget-heading\" data-id=\"e64c461\" data-element_type=\"widget\" data-e-type=\"widget\" data-widget_type=\"heading.default\">\n\t\t\t\t<div class=\"elementor-widget-container\">\n\t\t\t\t\t<h2 class=\"elementor-heading-title elementor-size-default\">APPLICATIONS GRAPHIQUES DE TOUTES DIMENSIONS<\/h2>\t\t\t\t<\/div>\n\t\t\t\t<\/div>\n\t\t\t\t<div class=\"elementor-element elementor-element-805bfe0 elementor-widget elementor-widget-text-editor\" data-id=\"805bfe0\" data-element_type=\"widget\" data-e-type=\"widget\" data-widget_type=\"text-editor.default\">\n\t\t\t\t<div class=\"elementor-widget-container\">\n\t\t\t\t\t\t\t\t\t<p>Les messages ont encore plus de signification lorsqu\u2019ils sont soutenus par un design professionnel. Les cr\u00e9atifs de Skydoo ont chacun leur sp\u00e9cialit\u00e9 graphique. Des cartes de visite agr\u00e9ables \u00e0 regarder, des invitations qu\u2019on ne risque pas d\u2019oublier, un concept infographique attirant \u2026 Parlons-en ensemble dans nos bureaux d\u2019Uccle. Cr\u00e9er un logo intemporel ou d\u00e9velopper une brochure ? Nos graphistes designers adorent relever les d\u00e9fis !<\/p>\t\t\t\t\t\t\t\t<\/div>\n\t\t\t\t<\/div>\n\t\t\t\t\t<\/div>\n\t\t<\/div>\n\t\t\t\t\t<\/div>\n\t\t<\/section>\n\t\t\t\t\t<\/div>\n\t\t<\/div>\n\t\t\t\t\t<\/div>\n\t\t<\/section>\n\t\t\t\t<section class=\"elementor-section elementor-top-section elementor-element elementor-element-6a3195c elementor-section-boxed elementor-section-height-default elementor-section-height-default\" data-id=\"6a3195c\" data-element_type=\"section\" data-e-type=\"section\" data-settings=\"{&quot;background_background&quot;:&quot;classic&quot;}\">\n\t\t\t\t\t\t\t<div class=\"elementor-background-overlay\"><\/div>\n\t\t\t\t\t\t\t<div class=\"elementor-container elementor-column-gap-default\">\n\t\t\t\t\t<div class=\"elementor-column elementor-col-100 elementor-top-column elementor-element elementor-element-7b84bd8\" data-id=\"7b84bd8\" data-element_type=\"column\" data-e-type=\"column\">\n\t\t\t<div class=\"elementor-widget-wrap elementor-element-populated\">\n\t\t\t\t\t\t<div class=\"elementor-element elementor-element-f9906fd elementor-widget elementor-widget-heading\" data-id=\"f9906fd\" data-element_type=\"widget\" data-e-type=\"widget\" data-widget_type=\"heading.default\">\n\t\t\t\t<div class=\"elementor-widget-container\">\n\t\t\t\t\t<h3 class=\"elementor-heading-title elementor-size-default\">METTRE EN \u0152UVRE UNE CHARTE GRAPHIQUE ?<\/h3>\t\t\t\t<\/div>\n\t\t\t\t<\/div>\n\t\t\t\t<div class=\"elementor-element elementor-element-c7b9468 elementor-align-center elementor-widget elementor-widget-button\" data-id=\"c7b9468\" data-element_type=\"widget\" data-e-type=\"widget\" data-widget_type=\"button.default\">\n\t\t\t\t<div class=\"elementor-widget-container\">\n\t\t\t\t\t\t\t\t\t<div class=\"elementor-button-wrapper\">\n\t\t\t\t\t<a class=\"elementor-button elementor-button-link elementor-size-sm\" href=\"https:\/\/skydoo.com\/fr\/contact\/\">\n\t\t\t\t\t\t<span class=\"elementor-button-content-wrapper\">\n\t\t\t\t\t\t\t\t\t<span class=\"elementor-button-text\">PRENEZ CONTACT AVEC NOTRE AGENCE DE CR\u00c9ATION<\/span>\n\t\t\t\t\t<\/span>\n\t\t\t\t\t<\/a>\n\t\t\t\t<\/div>\n\t\t\t\t\t\t\t\t<\/div>\n\t\t\t\t<\/div>\n\t\t\t\t\t<\/div>\n\t\t<\/div>\n\t\t\t\t\t<\/div>\n\t\t<\/section>\n\t\t\t\t<\/div>\n\t\t","protected":false},"excerpt":{"rendered":"<p>Renouveler l\u2019image de votre entreprise\u00a0? Cr\u00e9er un nouveau logo\u00a0? Cr\u00e9ation de flyers et impression de brochures\u00a0? Le graphisme cr\u00e9\u00e9 par votre agence de communication Skydoo risque fort d\u2019interpeller vos concurrents. Infographie, Impression &amp; Identit\u00e9 visuelle Votre identit\u00e9 d&#8217;entreprise reste dans le flou ? Vous cherchez un graphiste professionnel pour imaginer le nouveau logo de votre [&hellip;]<\/p>\n","protected":false},"author":1,"featured_media":825,"parent":27,"menu_order":0,"comment_status":"closed","ping_status":"closed","template":"elementor_header_footer","meta":{"footnotes":""},"class_list":["post-31","page","type-page","status-publish","has-post-thumbnail","hentry"],"_links":{"self":[{"href":"https:\/\/skydoo.com\/fr\/wp-json\/wp\/v2\/pages\/31","targetHints":{"allow":["GET"]}}],"collection":[{"href":"https:\/\/skydoo.com\/fr\/wp-json\/wp\/v2\/pages"}],"about":[{"href":"https:\/\/skydoo.com\/fr\/wp-json\/wp\/v2\/types\/page"}],"author":[{"embeddable":true,"href":"https:\/\/skydoo.com\/fr\/wp-json\/wp\/v2\/users\/1"}],"replies":[{"embeddable":true,"href":"https:\/\/skydoo.com\/fr\/wp-json\/wp\/v2\/comments?post=31"}],"version-history":[{"count":0,"href":"https:\/\/skydoo.com\/fr\/wp-json\/wp\/v2\/pages\/31\/revisions"}],"up":[{"embeddable":true,"href":"https:\/\/skydoo.com\/fr\/wp-json\/wp\/v2\/pages\/27"}],"wp:featuredmedia":[{"embeddable":true,"href":"https:\/\/skydoo.com\/fr\/wp-json\/wp\/v2\/media\/825"}],"wp:attachment":[{"href":"https:\/\/skydoo.com\/fr\/wp-json\/wp\/v2\/media?parent=31"}],"curies":[{"name":"wp","href":"https:\/\/api.w.org\/{rel}","templated":true}]}}