{"id":4346,"date":"2021-09-28T11:52:48","date_gmt":"2021-09-28T09:52:48","guid":{"rendered":"https:\/\/skydoo.com\/?page_id=4346"},"modified":"2021-09-30T14:28:18","modified_gmt":"2021-09-30T12:28:18","slug":"site-map","status":"publish","type":"page","link":"https:\/\/skydoo.com\/fr\/site-map\/","title":{"rendered":"Site Map"},"content":{"rendered":"\t\t<div data-elementor-type=\"wp-page\" data-elementor-id=\"4346\" class=\"elementor elementor-4346\" data-elementor-post-type=\"page\">\n\t\t\t\t\t\t<section class=\"elementor-section elementor-top-section elementor-element elementor-element-e122c83 elementor-section-boxed elementor-section-height-default elementor-section-height-default\" data-id=\"e122c83\" data-element_type=\"section\" data-e-type=\"section\">\n\t\t\t\t\t\t<div class=\"elementor-container elementor-column-gap-default\">\n\t\t\t\t\t<div class=\"elementor-column elementor-col-100 elementor-top-column elementor-element elementor-element-4e08878\" data-id=\"4e08878\" data-element_type=\"column\" data-e-type=\"column\">\n\t\t\t<div class=\"elementor-widget-wrap elementor-element-populated\">\n\t\t\t\t\t\t<div class=\"elementor-element elementor-element-ac62ea5 elementor-widget elementor-widget-spacer\" data-id=\"ac62ea5\" data-element_type=\"widget\" data-e-type=\"widget\" data-widget_type=\"spacer.default\">\n\t\t\t\t<div class=\"elementor-widget-container\">\n\t\t\t\t\t\t\t<div class=\"elementor-spacer\">\n\t\t\t<div class=\"elementor-spacer-inner\"><\/div>\n\t\t<\/div>\n\t\t\t\t\t\t<\/div>\n\t\t\t\t<\/div>\n\t\t\t\t<div class=\"elementor-element elementor-element-cf617ec elementor-widget elementor-widget-heading\" data-id=\"cf617ec\" data-element_type=\"widget\" data-e-type=\"widget\" data-widget_type=\"heading.default\">\n\t\t\t\t<div class=\"elementor-widget-container\">\n\t\t\t\t\t<h1 class=\"elementor-heading-title elementor-size-default\">Sitemap <\/h1>\t\t\t\t<\/div>\n\t\t\t\t<\/div>\n\t\t\t\t<div class=\"elementor-element elementor-element-13f11a0 elementor-widget elementor-widget-sitemap\" data-id=\"13f11a0\" data-element_type=\"widget\" data-e-type=\"widget\" data-widget_type=\"sitemap.default\">\n\t\t\t\t<div class=\"elementor-widget-container\">\n\t\t\t\t\t<div class=\"elementor-sitemap-wrap\"><div class=\"elementor-sitemap-section\"><h2 class=\"elementor-sitemap-title elementor-sitemap-page-title\">Pages<\/h2><ul class=\"elementor-sitemap-list elementor-sitemap-page-list\"><li class=\"elementor-sitemap-item elementor-sitemap-item-page page_item page-item-5665\"><a href=\"https:\/\/skydoo.com\/fr\/audit-exact-offert\/\">Audit Exact Offert<\/a><\/li><li class=\"elementor-sitemap-item elementor-sitemap-item-page page_item page-item-5727\"><a href=\"https:\/\/skydoo.com\/fr\/partner-event\/\">Partner Event<\/a><\/li><li class=\"elementor-sitemap-item elementor-sitemap-item-page page_item page-item-5837\"><a href=\"https:\/\/skydoo.com\/fr\/event-tryvya\/\">EVENT TRYVYA<\/a><\/li><li class=\"elementor-sitemap-item elementor-sitemap-item-page page_item page-item-35\"><a href=\"https:\/\/skydoo.com\/fr\/contact\/\">Contact<\/a><\/li><li class=\"elementor-sitemap-item elementor-sitemap-item-page page_item page-item-11\"><a href=\"https:\/\/skydoo.com\/fr\/qui-sommes-nous-skydoo\/\">Qui sommes-nous ?<\/a><ul class='children'><li class=\"elementor-sitemap-item elementor-sitemap-item-page page_item page-item-13\"><a href=\"https:\/\/skydoo.com\/fr\/qui-sommes-nous-skydoo\/notre-approche\/\">Notre approche<\/a><\/li><li class=\"elementor-sitemap-item elementor-sitemap-item-page page_item page-item-15\"><a href=\"https:\/\/skydoo.com\/fr\/qui-sommes-nous-skydoo\/nos-skydoos\/\">Nos Skydoo&#8217;s<\/a><\/li><li class=\"elementor-sitemap-item elementor-sitemap-item-page page_item page-item-17\"><a href=\"https:\/\/skydoo.com\/fr\/qui-sommes-nous-skydoo\/nos-clients\/\">Nos clients<\/a><\/li><\/ul><\/li><li class=\"elementor-sitemap-item elementor-sitemap-item-page page_item page-item-19\"><a href=\"https:\/\/skydoo.com\/fr\/ict-et-securite\/\">ICT et S\u00e9curit\u00e9<\/a><ul class='children'><li class=\"elementor-sitemap-item elementor-sitemap-item-page page_item page-item-21\"><a href=\"https:\/\/skydoo.com\/fr\/ict-et-securite\/securite-et-back-ups\/\">S\u00e9curit\u00e9 et Back-ups<\/a><\/li><li class=\"elementor-sitemap-item elementor-sitemap-item-page page_item page-item-23\"><a href=\"https:\/\/skydoo.com\/fr\/ict-et-securite\/printing-solutions\/\">Printing solutions<\/a><\/li><li class=\"elementor-sitemap-item elementor-sitemap-item-page page_item page-item-4904\"><a href=\"https:\/\/skydoo.com\/fr\/ict-et-securite\/internet\/\">Internet<\/a><\/li><\/ul><\/li><li class=\"elementor-sitemap-item elementor-sitemap-item-page page_item page-item-25\"><a href=\"https:\/\/skydoo.com\/fr\/business-software\/\">Business Software<\/a><ul class='children'><li class=\"elementor-sitemap-item elementor-sitemap-item-page page_item page-item-5307\"><a href=\"https:\/\/skydoo.com\/fr\/business-software\/gestion-de-projet\/\">Gestion de projet<\/a><ul class='children'><li class=\"elementor-sitemap-item elementor-sitemap-item-page page_item page-item-5312\"><a href=\"https:\/\/skydoo.com\/fr\/business-software\/gestion-de-projet\/exact-online\/\">Exact Online<\/a><\/li><li class=\"elementor-sitemap-item elementor-sitemap-item-page page_item page-item-5318\"><a href=\"https:\/\/skydoo.com\/fr\/business-software\/gestion-de-projet\/teamleader\/\">Teamleader<\/a><\/li><\/ul><\/li><li class=\"elementor-sitemap-item elementor-sitemap-item-page page_item page-item-5122\"><a href=\"https:\/\/skydoo.com\/fr\/business-software\/erp\/\">ERP<\/a><ul class='children'><li class=\"elementor-sitemap-item elementor-sitemap-item-page page_item page-item-5136\"><a href=\"https:\/\/skydoo.com\/fr\/business-software\/erp\/logistics-de-winbooks\/\">Logistics de WinBooks ERP<\/a><\/li><li class=\"elementor-sitemap-item elementor-sitemap-item-page page_item page-item-5138\"><a href=\"https:\/\/skydoo.com\/fr\/business-software\/erp\/exact-online\/\">Exact Online ERP<\/a><\/li><li class=\"elementor-sitemap-item elementor-sitemap-item-page page_item page-item-5137\"><a href=\"https:\/\/skydoo.com\/fr\/business-software\/erp\/sage-100\/\">Sage 100<\/a><\/li><\/ul><\/li><li class=\"elementor-sitemap-item elementor-sitemap-item-page page_item page-item-5167\"><a href=\"https:\/\/skydoo.com\/fr\/business-software\/garage\/\">Garage<\/a><ul class='children'><li class=\"elementor-sitemap-item elementor-sitemap-item-page page_item page-item-5168\"><a href=\"https:\/\/skydoo.com\/fr\/business-software\/garage\/carpack-digsoft\/\">CarPack d&#8217;Igsoft<\/a><\/li><\/ul><\/li><li class=\"elementor-sitemap-item elementor-sitemap-item-page page_item page-item-5280\"><a href=\"https:\/\/skydoo.com\/fr\/business-software\/gestion-de-caisse\/\">Gestion de caisse<\/a><ul class='children'><li class=\"elementor-sitemap-item elementor-sitemap-item-page page_item page-item-5288\"><a href=\"https:\/\/skydoo.com\/fr\/business-software\/gestion-de-caisse\/logistics-de-winbooks-gc\/\">Logistics de WinBooks<\/a><\/li><li class=\"elementor-sitemap-item elementor-sitemap-item-page page_item page-item-5296\"><a href=\"https:\/\/skydoo.com\/fr\/business-software\/gestion-de-caisse\/sage-100-gc\/\">Sage 100<\/a><\/li><\/ul><\/li><li class=\"elementor-sitemap-item elementor-sitemap-item-page page_item page-item-5330\"><a href=\"https:\/\/skydoo.com\/fr\/business-software\/commerce-negoce\/\">Commerce n\u00e9goce<\/a><ul class='children'><li class=\"elementor-sitemap-item elementor-sitemap-item-page page_item page-item-5335\"><a href=\"https:\/\/skydoo.com\/fr\/business-software\/commerce-negoce\/exact-online-commerce\/\">Exact Online Commerce<\/a><\/li><li class=\"elementor-sitemap-item elementor-sitemap-item-page page_item page-item-5340\"><a href=\"https:\/\/skydoo.com\/fr\/business-software\/commerce-negoce\/logistics-de-winbooks-cn\/\">Logistics de WinBooks<\/a><\/li><\/ul><\/li><li class=\"elementor-sitemap-item elementor-sitemap-item-page page_item page-item-5354\"><a href=\"https:\/\/skydoo.com\/fr\/business-software\/production\/\">Production<\/a><ul class='children'><li class=\"elementor-sitemap-item elementor-sitemap-item-page page_item page-item-5359\"><a href=\"https:\/\/skydoo.com\/fr\/business-software\/production\/exact-online-production\/\">Exact Online Production<\/a><\/li><li class=\"elementor-sitemap-item elementor-sitemap-item-page page_item page-item-5364\"><a href=\"https:\/\/skydoo.com\/fr\/business-software\/production\/logistics-de-winbooks-pp\/\">Logistics de WinBooks<\/a><\/li><\/ul><\/li><li class=\"elementor-sitemap-item elementor-sitemap-item-page page_item page-item-5030\"><a href=\"https:\/\/skydoo.com\/fr\/business-software\/comptabilite\/\">Comptabilit\u00e9<\/a><ul class='children'><li class=\"elementor-sitemap-item elementor-sitemap-item-page page_item page-item-5053\"><a href=\"https:\/\/skydoo.com\/fr\/business-software\/comptabilite\/winbooks-accounting\/\">WinBooks Accounting<\/a><\/li><li class=\"elementor-sitemap-item elementor-sitemap-item-page page_item page-item-5052\"><a href=\"https:\/\/skydoo.com\/fr\/business-software\/comptabilite\/sage-bob\/\">Sage Bob<\/a><\/li><li class=\"elementor-sitemap-item elementor-sitemap-item-page page_item page-item-5051\"><a href=\"https:\/\/skydoo.com\/fr\/business-software\/comptabilite\/exact-online\/\">Exact Online Comptabilit\u00e9<\/a><\/li><\/ul><\/li><li class=\"elementor-sitemap-item elementor-sitemap-item-page page_item page-item-5084\"><a href=\"https:\/\/skydoo.com\/fr\/business-software\/devis-facture\/\">Devis et Facture<\/a><ul class='children'><li class=\"elementor-sitemap-item elementor-sitemap-item-page page_item page-item-5094\"><a href=\"https:\/\/skydoo.com\/fr\/business-software\/devis-facture\/sage-cloud-demat-invoicing\/\">Sage Cloud Demat Invoicing<\/a><\/li><li class=\"elementor-sitemap-item elementor-sitemap-item-page page_item page-item-5095\"><a href=\"https:\/\/skydoo.com\/fr\/business-software\/devis-facture\/exact-online\/\">Exact Online Devis et Facture<\/a><\/li><li class=\"elementor-sitemap-item elementor-sitemap-item-page page_item page-item-5096\"><a href=\"https:\/\/skydoo.com\/fr\/business-software\/devis-facture\/teamleader\/\">Teamleader<\/a><\/li><li class=\"elementor-sitemap-item elementor-sitemap-item-page page_item page-item-5093\"><a href=\"https:\/\/skydoo.com\/fr\/business-software\/devis-facture\/logistics-de-winbooks-df\/\">Logistics de WinBooks<\/a><\/li><\/ul><\/li><\/ul><\/li><li class=\"elementor-sitemap-item elementor-sitemap-item-page page_item page-item-27\"><a href=\"https:\/\/skydoo.com\/fr\/communication\/\">Communication<\/a><ul class='children'><li class=\"elementor-sitemap-item elementor-sitemap-item-page page_item page-item-29\"><a href=\"https:\/\/skydoo.com\/fr\/communication\/developpement-site-web\/\">D\u00e9veloppement Web<\/a><\/li><li class=\"elementor-sitemap-item elementor-sitemap-item-page page_item page-item-31\"><a href=\"https:\/\/skydoo.com\/fr\/communication\/design-graphique\/\">Design Graphique<\/a><\/li><li class=\"elementor-sitemap-item elementor-sitemap-item-page page_item page-item-33\"><a href=\"https:\/\/skydoo.com\/fr\/communication\/mail-services\/\">Mail Services<\/a><\/li><\/ul><\/li><li class=\"elementor-sitemap-item elementor-sitemap-item-page page_item page-item-9\"><a href=\"https:\/\/skydoo.com\/fr\/\">Accueil<\/a><\/li><li class=\"elementor-sitemap-item elementor-sitemap-item-page page_item page-item-66\"><a href=\"https:\/\/skydoo.com\/fr\/mentions-legales\/\">Mentions l\u00e9gales<\/a><\/li><li class=\"elementor-sitemap-item elementor-sitemap-item-page page_item page-item-68\"><a href=\"https:\/\/skydoo.com\/fr\/politique-de-protection-des-donnees-a-caractere-personnel\/\">Politique de protection des donn\u00e9es \u00e0 caract\u00e8re personnel<\/a><\/li><li class=\"elementor-sitemap-item elementor-sitemap-item-page page_item page-item-3963\"><a href=\"https:\/\/skydoo.com\/fr\/politique-des-cookies\/\">Politique des cookies<\/a><\/li><li class=\"elementor-sitemap-item elementor-sitemap-item-page page_item page-item-4466\"><a href=\"https:\/\/skydoo.com\/fr\/telecom\/\">Telecom<\/a><\/li><li class=\"elementor-sitemap-item elementor-sitemap-item-page page_item page-item-4707\"><a href=\"https:\/\/skydoo.com\/fr\/exact\/\">Exact<\/a><\/li><\/ul><\/div><div class=\"elementor-sitemap-section\"><h2 class=\"elementor-sitemap-title elementor-sitemap-category-title\">Cat\u00e9gories<\/h2><ul class=\"elementor-sitemap-list elementor-sitemap-category-list\">\t<li class=\"elementor-sitemap-item elementor-sitemap-item-category cat-item cat-item-29\"><a href=\"https:\/\/skydoo.com\/fr\/stages\/stages-nederlands\/\">Stages Nederlands<\/a>\n<\/li>\n\t<li class=\"elementor-sitemap-item elementor-sitemap-item-category cat-item cat-item-28\"><a href=\"https:\/\/skydoo.com\/fr\/stages\/stages-francais\/\">Stages Fran\u00e7ais<\/a>\n<\/li>\n\t<li class=\"elementor-sitemap-item elementor-sitemap-item-category cat-item cat-item-27\"><a href=\"https:\/\/skydoo.com\/fr\/stages\/\">Stages<\/a>\n<\/li>\n\t<li class=\"elementor-sitemap-item elementor-sitemap-item-category cat-item cat-item-1\"><a href=\"https:\/\/skydoo.com\/fr\/non-classe\/\">Non class\u00e9<\/a>\n<\/li>\n\t<li class=\"elementor-sitemap-item elementor-sitemap-item-category cat-item cat-item-31\"><a href=\"https:\/\/skydoo.com\/fr\/nfc\/\">NFC<\/a>\n<\/li>\n\t<li class=\"elementor-sitemap-item elementor-sitemap-item-category cat-item cat-item-24\"><a href=\"https:\/\/skydoo.com\/fr\/jobs\/jobs-nederlands\/\">Jobs Nederlands<\/a>\n<\/li>\n\t<li class=\"elementor-sitemap-item elementor-sitemap-item-category cat-item cat-item-23\"><a href=\"https:\/\/skydoo.com\/fr\/jobs\/jobs-francais\/\">Jobs Fran\u00e7ais<\/a>\n<\/li>\n\t<li class=\"elementor-sitemap-item elementor-sitemap-item-category cat-item cat-item-14\"><a href=\"https:\/\/skydoo.com\/fr\/jobs\/\">Jobs<\/a>\n<\/li>\n\t<li class=\"elementor-sitemap-item elementor-sitemap-item-category cat-item cat-item-30\"><a href=\"https:\/\/skydoo.com\/fr\/archive-jobs\/\">Archive jobs<\/a>\n<\/li>\n\t<li class=\"elementor-sitemap-item elementor-sitemap-item-category cat-item cat-item-13\"><a href=\"https:\/\/skydoo.com\/fr\/actualites\/\">Actualit\u00e9s<\/a>\n<\/li>\n<\/ul><\/div><\/div>\t\t\t\t<\/div>\n\t\t\t\t<\/div>\n\t\t\t\t<div class=\"elementor-element elementor-element-5aa7042 elementor-widget elementor-widget-spacer\" data-id=\"5aa7042\" data-element_type=\"widget\" data-e-type=\"widget\" data-widget_type=\"spacer.default\">\n\t\t\t\t<div class=\"elementor-widget-container\">\n\t\t\t\t\t\t\t<div class=\"elementor-spacer\">\n\t\t\t<div class=\"elementor-spacer-inner\"><\/div>\n\t\t<\/div>\n\t\t\t\t\t\t<\/div>\n\t\t\t\t<\/div>\n\t\t\t\t\t<\/div>\n\t\t<\/div>\n\t\t\t\t\t<\/div>\n\t\t<\/section>\n\t\t\t\t<\/div>\n\t\t","protected":false},"excerpt":{"rendered":"<p>Sitemap<\/p>\n","protected":false},"author":1,"featured_media":0,"parent":0,"menu_order":0,"comment_status":"closed","ping_status":"closed","template":"","meta":{"footnotes":""},"class_list":["post-4346","page","type-page","status-publish","hentry"],"_links":{"self":[{"href":"https:\/\/skydoo.com\/fr\/wp-json\/wp\/v2\/pages\/4346","targetHints":{"allow":["GET"]}}],"collection":[{"href":"https:\/\/skydoo.com\/fr\/wp-json\/wp\/v2\/pages"}],"about":[{"href":"https:\/\/skydoo.com\/fr\/wp-json\/wp\/v2\/types\/page"}],"author":[{"embeddable":true,"href":"https:\/\/skydoo.com\/fr\/wp-json\/wp\/v2\/users\/1"}],"replies":[{"embeddable":true,"href":"https:\/\/skydoo.com\/fr\/wp-json\/wp\/v2\/comments?post=4346"}],"version-history":[{"count":0,"href":"https:\/\/skydoo.com\/fr\/wp-json\/wp\/v2\/pages\/4346\/revisions"}],"wp:attachment":[{"href":"https:\/\/skydoo.com\/fr\/wp-json\/wp\/v2\/media?parent=4346"}],"curies":[{"name":"wp","href":"https:\/\/api.w.org\/{rel}","templated":true}]}}