{"id":5052,"date":"2023-09-15T16:12:03","date_gmt":"2023-09-15T14:12:03","guid":{"rendered":"https:\/\/skydoo.com\/?page_id=5052"},"modified":"2024-10-04T14:43:20","modified_gmt":"2024-10-04T12:43:20","slug":"sage-bob","status":"publish","type":"page","link":"https:\/\/skydoo.com\/fr\/business-software\/comptabilite\/sage-bob\/","title":{"rendered":"Sage Bob"},"content":{"rendered":"\t\t<div data-elementor-type=\"wp-page\" data-elementor-id=\"5052\" class=\"elementor elementor-5052\" data-elementor-post-type=\"page\">\n\t\t\t\t\t\t<section class=\"elementor-section elementor-top-section elementor-element elementor-element-6343121 elementor-section-height-min-height elementor-section-items-stretch elementor-section-boxed elementor-section-height-default\" data-id=\"6343121\" data-element_type=\"section\" data-e-type=\"section\" data-settings=\"{&quot;background_background&quot;:&quot;classic&quot;}\">\n\t\t\t\t\t\t\t<div class=\"elementor-background-overlay\"><\/div>\n\t\t\t\t\t\t\t<div class=\"elementor-container elementor-column-gap-default\">\n\t\t\t\t\t<div class=\"elementor-column elementor-col-66 elementor-top-column elementor-element elementor-element-4cb7b38\" data-id=\"4cb7b38\" data-element_type=\"column\" data-e-type=\"column\">\n\t\t\t<div class=\"elementor-widget-wrap elementor-element-populated\">\n\t\t\t\t\t\t<div class=\"elementor-element elementor-element-20b7821 elementor-widget elementor-widget-shortcode\" data-id=\"20b7821\" data-element_type=\"widget\" data-e-type=\"widget\" data-widget_type=\"shortcode.default\">\n\t\t\t\t<div class=\"elementor-widget-container\">\n\t\t\t\t\t\t\t<div class=\"elementor-shortcode\"><nav aria-label=\"breadcrumbs\" class=\"rank-math-breadcrumb\"><p><span class=\"last\">Accueil<\/span><\/p><\/nav><\/div>\n\t\t\t\t\t\t<\/div>\n\t\t\t\t<\/div>\n\t\t\t\t<div class=\"elementor-element elementor-element-83ebcdd elementor-widget elementor-widget-heading\" data-id=\"83ebcdd\" data-element_type=\"widget\" data-e-type=\"widget\" data-widget_type=\"heading.default\">\n\t\t\t\t<div class=\"elementor-widget-container\">\n\t\t\t\t\t<h1 class=\"elementor-heading-title elementor-size-default\">Sage Bob<\/h1>\t\t\t\t<\/div>\n\t\t\t\t<\/div>\n\t\t\t\t\t<\/div>\n\t\t<\/div>\n\t\t\t\t<div class=\"elementor-column elementor-col-33 elementor-top-column elementor-element elementor-element-20cbb23\" data-id=\"20cbb23\" data-element_type=\"column\" data-e-type=\"column\">\n\t\t\t<div class=\"elementor-widget-wrap\">\n\t\t\t\t\t\t\t<\/div>\n\t\t<\/div>\n\t\t\t\t\t<\/div>\n\t\t<\/section>\n\t\t\t\t<section class=\"elementor-section elementor-top-section elementor-element elementor-element-fc8e63f elementor-section-boxed elementor-section-height-default elementor-section-height-default\" data-id=\"fc8e63f\" data-element_type=\"section\" data-e-type=\"section\">\n\t\t\t\t\t\t<div class=\"elementor-container elementor-column-gap-default\">\n\t\t\t\t\t<div class=\"elementor-column elementor-col-100 elementor-top-column elementor-element elementor-element-d5f3cfe\" data-id=\"d5f3cfe\" data-element_type=\"column\" data-e-type=\"column\">\n\t\t\t<div class=\"elementor-widget-wrap elementor-element-populated\">\n\t\t\t\t\t\t<div class=\"elementor-element elementor-element-e7b0499 elementor-widget elementor-widget-heading\" data-id=\"e7b0499\" data-element_type=\"widget\" data-e-type=\"widget\" data-widget_type=\"heading.default\">\n\t\t\t\t<div class=\"elementor-widget-container\">\n\t\t\t\t\t<h2 class=\"elementor-heading-title elementor-size-default\">L'expertise comptable \u00e0 votre port\u00e9e avec Sage Bob<\/h2>\t\t\t\t<\/div>\n\t\t\t\t<\/div>\n\t\t\t\t<div class=\"elementor-element elementor-element-ec8601b elementor-widget elementor-widget-text-editor\" data-id=\"ec8601b\" data-element_type=\"widget\" data-e-type=\"widget\" data-widget_type=\"text-editor.default\">\n\t\t\t\t<div class=\"elementor-widget-container\">\n\t\t\t\t\t\t\t\t\t<p>Sage Bob est un pilier dans le monde des logiciels de comptabilit\u00e9 en Belgique, offrant une solution robuste et compl\u00e8te pour les entreprises de toutes tailles. D\u00e9couvrez ses atouts :<\/p><ul><li>Fonctionnalit\u00e9s riches : B\u00e9n\u00e9ficiez d&#8217;une large gamme de fonctionnalit\u00e9s pour couvrir tous vos besoins comptables et financiers.<\/li><li>Int\u00e9gration avec les banques : Facilitez vos rapprochements bancaires gr\u00e2ce \u00e0 l&#8217;int\u00e9gration directe avec la majorit\u00e9 des banques belges.<\/li><li>Mises \u00e0 jour r\u00e9guli\u00e8res : Restez toujours \u00e0 jour avec les derni\u00e8res r\u00e9glementations gr\u00e2ce \u00e0 des mises \u00e0 jour r\u00e9guli\u00e8res et automatis\u00e9es.<\/li><li>Formation et accompagnement : Profitez d&#8217;un accompagnement sur mesure avec des formations d\u00e9di\u00e9es pour ma\u00eetriser rapidement toutes les fonctionnalit\u00e9s du logiciel.<\/li><\/ul>\t\t\t\t\t\t\t\t<\/div>\n\t\t\t\t<\/div>\n\t\t\t\t\t<\/div>\n\t\t<\/div>\n\t\t\t\t\t<\/div>\n\t\t<\/section>\n\t\t<div class=\"elementor-element elementor-element-133e28f e-flex e-con-boxed e-con e-parent\" data-id=\"133e28f\" data-element_type=\"container\" data-e-type=\"container\" data-settings=\"{&quot;background_background&quot;:&quot;classic&quot;}\">\n\t\t\t\t\t<div class=\"e-con-inner\">\n\t\t<div class=\"elementor-element elementor-element-d5596f9 e-con-full e-flex e-con e-child\" data-id=\"d5596f9\" data-element_type=\"container\" data-e-type=\"container\">\n\t\t\t\t<div class=\"elementor-element elementor-element-84c355f elementor-widget elementor-widget-heading\" data-id=\"84c355f\" data-element_type=\"widget\" data-e-type=\"widget\" data-widget_type=\"heading.default\">\n\t\t\t\t<div class=\"elementor-widget-container\">\n\t\t\t\t\t<h2 class=\"elementor-heading-title elementor-size-default\">Souhaitez-vous une d\u00e9monstration gratuite ?\n<br>\nContactez-nous aujourd'hui<\/h2>\t\t\t\t<\/div>\n\t\t\t\t<\/div>\n\t\t\t\t<div class=\"elementor-element elementor-element-6646449 elementor-widget elementor-widget-theme-site-logo elementor-widget-image\" data-id=\"6646449\" data-element_type=\"widget\" data-e-type=\"widget\" data-widget_type=\"theme-site-logo.default\">\n\t\t\t\t<div class=\"elementor-widget-container\">\n\t\t\t\t\t\t\t\t\t\t\t<a href=\"https:\/\/skydoo.com\/fr\">\n\t\t\t<img fetchpriority=\"high\" decoding=\"async\" width=\"1920\" height=\"720\" src=\"https:\/\/skydoo.com\/wp-content\/uploads\/LogoSkydoo.png\" class=\"attachment-full size-full wp-image-70\" alt=\"Skydoo\" srcset=\"https:\/\/skydoo.com\/wp-content\/uploads\/LogoSkydoo.png 1920w, https:\/\/skydoo.com\/wp-content\/uploads\/LogoSkydoo-300x113.png 300w, https:\/\/skydoo.com\/wp-content\/uploads\/LogoSkydoo-768x288.png 768w, https:\/\/skydoo.com\/wp-content\/uploads\/LogoSkydoo-1536x576.png 1536w, https:\/\/skydoo.com\/wp-content\/uploads\/LogoSkydoo-16x6.png 16w\" sizes=\"(max-width: 1920px) 100vw, 1920px\" title=\"| Skydoo\">\t\t\t\t<\/a>\n\t\t\t\t\t\t\t\t\t\t\t<\/div>\n\t\t\t\t<\/div>\n\t\t\t\t<\/div>\n\t\t<div class=\"elementor-element elementor-element-f285642 e-con-full e-flex e-con e-child\" data-id=\"f285642\" data-element_type=\"container\" data-e-type=\"container\">\n\t\t\t\t<div class=\"elementor-element elementor-element-52b6fd8 elementor-button-align-stretch elementor-widget elementor-widget-form\" data-id=\"52b6fd8\" data-element_type=\"widget\" data-e-type=\"widget\" data-settings=\"{&quot;step_next_label&quot;:&quot;Next&quot;,&quot;step_previous_label&quot;:&quot;Previous&quot;,&quot;button_width&quot;:&quot;100&quot;,&quot;step_type&quot;:&quot;number_text&quot;,&quot;step_icon_shape&quot;:&quot;circle&quot;}\" data-widget_type=\"form.default\">\n\t\t\t\t<div class=\"elementor-widget-container\">\n\t\t\t\t\t\t\t<form class=\"elementor-form\" method=\"post\" name=\"Sage Bob\" aria-label=\"Sage Bob\">\n\t\t\t<input type=\"hidden\" name=\"post_id\" value=\"5052\"\/>\n\t\t\t<input type=\"hidden\" name=\"form_id\" value=\"52b6fd8\"\/>\n\t\t\t<input type=\"hidden\" name=\"referer_title\" value=\"Sage Bob - Solution Comptable Compl\u00e8te Et Int\u00e9gr\u00e9e Pour Toutes Tailles D&#039;Entreprises\" \/>\n\n\t\t\t\t\t\t\t<input type=\"hidden\" name=\"queried_id\" value=\"5052\"\/>\n\t\t\t\n\t\t\t<div class=\"elementor-form-fields-wrapper elementor-labels-above\">\n\t\t\t\t\t\t\t\t<div class=\"elementor-field-type-text elementor-field-group elementor-column elementor-field-group-name elementor-col-100 elementor-field-required\">\n\t\t\t\t\t\t\t\t\t\t\t\t\t<input size=\"1\" type=\"text\" name=\"form_fields[name]\" id=\"form-field-name\" class=\"elementor-field elementor-size-sm  elementor-field-textual\" placeholder=\"Nom*\" required=\"required\">\n\t\t\t\t\t\t\t\t\t\t\t<\/div>\n\t\t\t\t\t\t\t\t<div class=\"elementor-field-type-email elementor-field-group elementor-column elementor-field-group-email elementor-col-50 elementor-field-required\">\n\t\t\t\t\t\t\t\t\t\t\t\t\t<input size=\"1\" type=\"email\" name=\"form_fields[email]\" id=\"form-field-email\" class=\"elementor-field elementor-size-sm  elementor-field-textual\" placeholder=\"Email*\" required=\"required\">\n\t\t\t\t\t\t\t\t\t\t\t<\/div>\n\t\t\t\t\t\t\t\t<div class=\"elementor-field-type-tel elementor-field-group elementor-column elementor-field-group-field_efa5599 elementor-col-50 elementor-field-required\">\n\t\t\t\t\t\t\t<input size=\"1\" type=\"tel\" name=\"form_fields[field_efa5599]\" id=\"form-field-field_efa5599\" class=\"elementor-field elementor-size-sm  elementor-field-textual\" placeholder=\"Tel*\" required=\"required\" pattern=\"[0-9()#&amp;+*-=.]+\" title=\"Num\u00e9ro de t\u00e9l\u00e9phone\">\n\n\t\t\t\t\t\t<\/div>\n\t\t\t\t\t\t\t\t<div class=\"elementor-field-type-textarea elementor-field-group elementor-column elementor-field-group-message elementor-col-100\">\n\t\t\t\t\t<textarea class=\"elementor-field-textual elementor-field  elementor-size-sm\" name=\"form_fields[message]\" id=\"form-field-message\" rows=\"4\" placeholder=\"Message\">Je souhaite tester Sage Bob<\/textarea>\t\t\t\t<\/div>\n\t\t\t\t\t\t\t\t<div class=\"elementor-field-type-recaptcha_v3 elementor-field-group elementor-column elementor-field-group-field_701e411 elementor-col-100 recaptcha_v3-bottomright\">\n\t\t\t\t\t<div class=\"elementor-field\" id=\"form-field-field_701e411\"><div class=\"elementor-g-recaptcha\" data-sitekey=\"6Lf0oPQaAAAAAO_OlDzsXpyHxaXUvc8e0smlJI9L\" data-type=\"v3\" data-action=\"Form\" data-badge=\"bottomright\" data-size=\"invisible\"><\/div><\/div>\t\t\t\t<\/div>\n\t\t\t\t\t\t\t\t<div class=\"elementor-field-group elementor-column elementor-field-type-submit elementor-col-100 e-form__buttons\">\n\t\t\t\t\t<button class=\"elementor-button elementor-size-sm\" type=\"submit\">\n\t\t\t\t\t\t<span class=\"elementor-button-content-wrapper\">\n\t\t\t\t\t\t\t\t\t\t\t\t\t\t\t\t\t\t\t\t\t\t<span class=\"elementor-button-text\">Envoyer<\/span>\n\t\t\t\t\t\t\t\t\t\t\t\t\t<\/span>\n\t\t\t\t\t<\/button>\n\t\t\t\t<\/div>\n\t\t\t<\/div>\n\t\t<\/form>\n\t\t\t\t\t\t<\/div>\n\t\t\t\t<\/div>\n\t\t\t\t<\/div>\n\t\t\t\t\t<\/div>\n\t\t\t\t<\/div>\n\t\t\t\t<\/div>\n\t\t","protected":false},"excerpt":{"rendered":"<p>L&#8217;expertise comptable \u00e0 votre port\u00e9e avec Sage Bob Sage Bob est un pilier dans le monde des logiciels de comptabilit\u00e9 en Belgique, offrant une solution robuste et compl\u00e8te pour les entreprises de toutes tailles. D\u00e9couvrez ses atouts : Fonctionnalit\u00e9s riches : B\u00e9n\u00e9ficiez d&#8217;une large gamme de fonctionnalit\u00e9s pour couvrir tous vos besoins comptables et financiers. [&hellip;]<\/p>\n","protected":false},"author":1,"featured_media":0,"parent":5030,"menu_order":0,"comment_status":"closed","ping_status":"closed","template":"","meta":{"footnotes":""},"class_list":["post-5052","page","type-page","status-publish","hentry"],"_links":{"self":[{"href":"https:\/\/skydoo.com\/fr\/wp-json\/wp\/v2\/pages\/5052","targetHints":{"allow":["GET"]}}],"collection":[{"href":"https:\/\/skydoo.com\/fr\/wp-json\/wp\/v2\/pages"}],"about":[{"href":"https:\/\/skydoo.com\/fr\/wp-json\/wp\/v2\/types\/page"}],"author":[{"embeddable":true,"href":"https:\/\/skydoo.com\/fr\/wp-json\/wp\/v2\/users\/1"}],"replies":[{"embeddable":true,"href":"https:\/\/skydoo.com\/fr\/wp-json\/wp\/v2\/comments?post=5052"}],"version-history":[{"count":0,"href":"https:\/\/skydoo.com\/fr\/wp-json\/wp\/v2\/pages\/5052\/revisions"}],"up":[{"embeddable":true,"href":"https:\/\/skydoo.com\/fr\/wp-json\/wp\/v2\/pages\/5030"}],"wp:attachment":[{"href":"https:\/\/skydoo.com\/fr\/wp-json\/wp\/v2\/media?parent=5052"}],"curies":[{"name":"wp","href":"https:\/\/api.w.org\/{rel}","templated":true}]}}