{"id":5312,"date":"2023-10-17T15:56:47","date_gmt":"2023-10-17T13:56:47","guid":{"rendered":"https:\/\/skydoo.com\/?page_id=5312"},"modified":"2024-03-22T09:58:53","modified_gmt":"2024-03-22T08:58:53","slug":"exact-online","status":"publish","type":"page","link":"https:\/\/skydoo.com\/fr\/business-software\/gestion-de-projet\/exact-online\/","title":{"rendered":"Exact Online"},"content":{"rendered":"\t\t<div data-elementor-type=\"wp-page\" data-elementor-id=\"5312\" class=\"elementor elementor-5312\" data-elementor-post-type=\"page\">\n\t\t\t\t\t\t<section class=\"elementor-section elementor-top-section elementor-element elementor-element-58e2f54 elementor-section-height-min-height elementor-section-items-stretch elementor-section-boxed elementor-section-height-default\" data-id=\"58e2f54\" data-element_type=\"section\" data-e-type=\"section\" data-settings=\"{&quot;background_background&quot;:&quot;classic&quot;}\">\n\t\t\t\t\t\t\t<div class=\"elementor-background-overlay\"><\/div>\n\t\t\t\t\t\t\t<div class=\"elementor-container elementor-column-gap-default\">\n\t\t\t\t\t<div class=\"elementor-column elementor-col-66 elementor-top-column elementor-element elementor-element-f68cdd3\" data-id=\"f68cdd3\" data-element_type=\"column\" data-e-type=\"column\">\n\t\t\t<div class=\"elementor-widget-wrap elementor-element-populated\">\n\t\t\t\t\t\t<div class=\"elementor-element elementor-element-a4647e1 elementor-widget elementor-widget-shortcode\" data-id=\"a4647e1\" data-element_type=\"widget\" data-e-type=\"widget\" data-widget_type=\"shortcode.default\">\n\t\t\t\t<div class=\"elementor-widget-container\">\n\t\t\t\t\t\t\t<div class=\"elementor-shortcode\"><nav aria-label=\"breadcrumbs\" class=\"rank-math-breadcrumb\"><p><span class=\"last\">Accueil<\/span><\/p><\/nav><\/div>\n\t\t\t\t\t\t<\/div>\n\t\t\t\t<\/div>\n\t\t\t\t<div class=\"elementor-element elementor-element-e3b13f6 elementor-widget elementor-widget-heading\" data-id=\"e3b13f6\" data-element_type=\"widget\" data-e-type=\"widget\" data-widget_type=\"heading.default\">\n\t\t\t\t<div class=\"elementor-widget-container\">\n\t\t\t\t\t<h1 class=\"elementor-heading-title elementor-size-default\">Exact Online<\/h1>\t\t\t\t<\/div>\n\t\t\t\t<\/div>\n\t\t\t\t\t<\/div>\n\t\t<\/div>\n\t\t\t\t<div class=\"elementor-column elementor-col-33 elementor-top-column elementor-element elementor-element-411b980\" data-id=\"411b980\" data-element_type=\"column\" data-e-type=\"column\">\n\t\t\t<div class=\"elementor-widget-wrap\">\n\t\t\t\t\t\t\t<\/div>\n\t\t<\/div>\n\t\t\t\t\t<\/div>\n\t\t<\/section>\n\t\t\t\t<section class=\"elementor-section elementor-top-section elementor-element elementor-element-821080d elementor-section-boxed elementor-section-height-default elementor-section-height-default\" data-id=\"821080d\" data-element_type=\"section\" data-e-type=\"section\">\n\t\t\t\t\t\t<div class=\"elementor-container elementor-column-gap-default\">\n\t\t\t\t\t<div class=\"elementor-column elementor-col-100 elementor-top-column elementor-element elementor-element-200b3a1\" data-id=\"200b3a1\" data-element_type=\"column\" data-e-type=\"column\">\n\t\t\t<div class=\"elementor-widget-wrap elementor-element-populated\">\n\t\t\t\t\t\t<div class=\"elementor-element elementor-element-d7d53ee elementor-widget elementor-widget-heading\" data-id=\"d7d53ee\" data-element_type=\"widget\" data-e-type=\"widget\" data-widget_type=\"heading.default\">\n\t\t\t\t<div class=\"elementor-widget-container\">\n\t\t\t\t\t<h2 class=\"elementor-heading-title elementor-size-default\">Menez vos projets \u00e0 bien avec une vision claire et des outils performants<\/h2>\t\t\t\t<\/div>\n\t\t\t\t<\/div>\n\t\t\t\t<div class=\"elementor-element elementor-element-4e2aab7 elementor-widget elementor-widget-text-editor\" data-id=\"4e2aab7\" data-element_type=\"widget\" data-e-type=\"widget\" data-widget_type=\"text-editor.default\">\n\t\t\t\t<div class=\"elementor-widget-container\">\n\t\t\t\t\t\t\t\t\t<p>Exact Online Gestion de projet est votre partenaire de choix pour une gestion de projet r\u00e9ussie. Voici ses avantages distinctifs :<\/p><p>\u00a0<\/p><ul><li>Gestion centralis\u00e9e : Pilotez tous vos projets depuis une seule plateforme, facilitant le suivi et la collaboration.<\/li><li>Planification optimis\u00e9e : Planifiez vos projets avec pr\u00e9cision gr\u00e2ce \u00e0 des outils avanc\u00e9s, assurant une allocation optimale des ressources.<\/li><li>Suivi en temps r\u00e9el : Suivez l&#8217;avancement de vos projets en temps r\u00e9el, permettant une r\u00e9activit\u00e9 et une adaptation rapides.<\/li><li>Int\u00e9gration avec d&#8217;autres modules Exact : B\u00e9n\u00e9ficiez d&#8217;une int\u00e9gration fluide avec d&#8217;autres modules Exact pour une gestion harmonieuse et centralis\u00e9e de votre entreprise.<\/li><\/ul>\t\t\t\t\t\t\t\t<\/div>\n\t\t\t\t<\/div>\n\t\t\t\t<div class=\"elementor-element elementor-element-07bf7b7 elementor-align-center elementor-widget elementor-widget-button\" data-id=\"07bf7b7\" data-element_type=\"widget\" data-e-type=\"widget\" data-widget_type=\"button.default\">\n\t\t\t\t<div class=\"elementor-widget-container\">\n\t\t\t\t\t\t\t\t\t<div class=\"elementor-button-wrapper\">\n\t\t\t\t\t<a class=\"elementor-button elementor-button-link elementor-size-sm\" href=\"https:\/\/start.exactonline.be\/docs\/websitesubscription.aspx?bcaction=0&#038;type=10&#038;docbasename=websitecontainer&#038;FixedTerm=%7b2f3ae632-3861-404f-a6d4-7d49d8aa5e0c%7d&#038;Reseller=%7b80ec37b1-6181-4e6e-8494-849c1c411dc7%7d&#038;language=FR-BE&#038;_Division_=922691\" target=\"_blank\" rel=\"noopener\">\n\t\t\t\t\t\t<span class=\"elementor-button-content-wrapper\">\n\t\t\t\t\t\t\t\t\t<span class=\"elementor-button-text\">FAIRE UN ESSAI GRATUIT &gt;&gt;<\/span>\n\t\t\t\t\t<\/span>\n\t\t\t\t\t<\/a>\n\t\t\t\t<\/div>\n\t\t\t\t\t\t\t\t<\/div>\n\t\t\t\t<\/div>\n\t\t\t\t\t<\/div>\n\t\t<\/div>\n\t\t\t\t\t<\/div>\n\t\t<\/section>\n\t\t\t\t<\/div>\n\t\t","protected":false},"excerpt":{"rendered":"<p>Menez vos projets \u00e0 bien avec une vision claire et des outils performants Exact Online Gestion de projet est votre partenaire de choix pour une gestion de projet r\u00e9ussie. Voici ses avantages distinctifs : \u00a0 Gestion centralis\u00e9e : Pilotez tous vos projets depuis une seule plateforme, facilitant le suivi et la collaboration. Planification optimis\u00e9e : [&hellip;]<\/p>\n","protected":false},"author":9,"featured_media":0,"parent":5307,"menu_order":0,"comment_status":"closed","ping_status":"closed","template":"","meta":{"footnotes":""},"class_list":["post-5312","page","type-page","status-publish","hentry"],"_links":{"self":[{"href":"https:\/\/skydoo.com\/fr\/wp-json\/wp\/v2\/pages\/5312","targetHints":{"allow":["GET"]}}],"collection":[{"href":"https:\/\/skydoo.com\/fr\/wp-json\/wp\/v2\/pages"}],"about":[{"href":"https:\/\/skydoo.com\/fr\/wp-json\/wp\/v2\/types\/page"}],"author":[{"embeddable":true,"href":"https:\/\/skydoo.com\/fr\/wp-json\/wp\/v2\/users\/9"}],"replies":[{"embeddable":true,"href":"https:\/\/skydoo.com\/fr\/wp-json\/wp\/v2\/comments?post=5312"}],"version-history":[{"count":0,"href":"https:\/\/skydoo.com\/fr\/wp-json\/wp\/v2\/pages\/5312\/revisions"}],"up":[{"embeddable":true,"href":"https:\/\/skydoo.com\/fr\/wp-json\/wp\/v2\/pages\/5307"}],"wp:attachment":[{"href":"https:\/\/skydoo.com\/fr\/wp-json\/wp\/v2\/media?parent=5312"}],"curies":[{"name":"wp","href":"https:\/\/api.w.org\/{rel}","templated":true}]}}