{"id":5359,"date":"2023-10-17T16:45:57","date_gmt":"2023-10-17T14:45:57","guid":{"rendered":"https:\/\/skydoo.com\/?page_id=5359"},"modified":"2024-03-21T16:00:53","modified_gmt":"2024-03-21T15:00:53","slug":"exact-online-production","status":"publish","type":"page","link":"https:\/\/skydoo.com\/fr\/business-software\/production\/exact-online-production\/","title":{"rendered":"Exact Online Production"},"content":{"rendered":"\t\t<div data-elementor-type=\"wp-page\" data-elementor-id=\"5359\" class=\"elementor elementor-5359\" data-elementor-post-type=\"page\">\n\t\t\t\t\t\t<section class=\"elementor-section elementor-top-section elementor-element elementor-element-861db0f elementor-section-height-min-height elementor-section-items-stretch elementor-section-boxed elementor-section-height-default\" data-id=\"861db0f\" data-element_type=\"section\" data-e-type=\"section\" data-settings=\"{&quot;background_background&quot;:&quot;classic&quot;}\">\n\t\t\t\t\t\t\t<div class=\"elementor-background-overlay\"><\/div>\n\t\t\t\t\t\t\t<div class=\"elementor-container elementor-column-gap-default\">\n\t\t\t\t\t<div class=\"elementor-column elementor-col-66 elementor-top-column elementor-element elementor-element-ba2cb12\" data-id=\"ba2cb12\" data-element_type=\"column\" data-e-type=\"column\">\n\t\t\t<div class=\"elementor-widget-wrap elementor-element-populated\">\n\t\t\t\t\t\t<div class=\"elementor-element elementor-element-9719435 elementor-widget elementor-widget-shortcode\" data-id=\"9719435\" data-element_type=\"widget\" data-e-type=\"widget\" data-widget_type=\"shortcode.default\">\n\t\t\t\t<div class=\"elementor-widget-container\">\n\t\t\t\t\t\t\t<div class=\"elementor-shortcode\"><nav aria-label=\"breadcrumbs\" class=\"rank-math-breadcrumb\"><p><span class=\"last\">Accueil<\/span><\/p><\/nav><\/div>\n\t\t\t\t\t\t<\/div>\n\t\t\t\t<\/div>\n\t\t\t\t<div class=\"elementor-element elementor-element-4964f6c elementor-widget elementor-widget-heading\" data-id=\"4964f6c\" data-element_type=\"widget\" data-e-type=\"widget\" data-widget_type=\"heading.default\">\n\t\t\t\t<div class=\"elementor-widget-container\">\n\t\t\t\t\t<h1 class=\"elementor-heading-title elementor-size-default\">Exact Online Production<\/h1>\t\t\t\t<\/div>\n\t\t\t\t<\/div>\n\t\t\t\t\t<\/div>\n\t\t<\/div>\n\t\t\t\t<div class=\"elementor-column elementor-col-33 elementor-top-column elementor-element elementor-element-fe88a64\" data-id=\"fe88a64\" data-element_type=\"column\" data-e-type=\"column\">\n\t\t\t<div class=\"elementor-widget-wrap\">\n\t\t\t\t\t\t\t<\/div>\n\t\t<\/div>\n\t\t\t\t\t<\/div>\n\t\t<\/section>\n\t\t\t\t<section class=\"elementor-section elementor-top-section elementor-element elementor-element-9c71f6e elementor-section-boxed elementor-section-height-default elementor-section-height-default\" data-id=\"9c71f6e\" data-element_type=\"section\" data-e-type=\"section\">\n\t\t\t\t\t\t<div class=\"elementor-container elementor-column-gap-default\">\n\t\t\t\t\t<div class=\"elementor-column elementor-col-100 elementor-top-column elementor-element elementor-element-0966910\" data-id=\"0966910\" data-element_type=\"column\" data-e-type=\"column\">\n\t\t\t<div class=\"elementor-widget-wrap elementor-element-populated\">\n\t\t\t\t\t\t<div class=\"elementor-element elementor-element-fb16e0d elementor-widget elementor-widget-heading\" data-id=\"fb16e0d\" data-element_type=\"widget\" data-e-type=\"widget\" data-widget_type=\"heading.default\">\n\t\t\t\t<div class=\"elementor-widget-container\">\n\t\t\t\t\t<h2 class=\"elementor-heading-title elementor-size-default\">Optimisez vos processus de production avec une solution sp\u00e9cialis\u00e9e<\/h2>\t\t\t\t<\/div>\n\t\t\t\t<\/div>\n\t\t\t\t<div class=\"elementor-element elementor-element-08afedf elementor-widget elementor-widget-text-editor\" data-id=\"08afedf\" data-element_type=\"widget\" data-e-type=\"widget\" data-widget_type=\"text-editor.default\">\n\t\t\t\t<div class=\"elementor-widget-container\">\n\t\t\t\t\t\t\t\t\t<p>Avec Exact Online Production, vous avez le contr\u00f4le total sur vos processus de production. Voici les avantages principaux :<\/p><p>\u00a0<\/p><ul><li>Planification avanc\u00e9e : B\u00e9n\u00e9ficiez d&#8217;outils de planification avanc\u00e9s qui vous permettent d&#8217;optimiser la production et d&#8217;anticiper les goulots d&#8217;\u00e9tranglement.<\/li><li>Suivi en temps r\u00e9el : Gardez un \u0153il sur l&#8217;\u00e9tat d&#8217;avancement de vos productions en temps r\u00e9el pour r\u00e9agir rapidement aux changements.<\/li><li>Int\u00e9gration fluide : Profitez d&#8217;une int\u00e9gration parfaite avec les autres modules Exact Online pour une gestion coh\u00e9rente de votre entreprise.<\/li><li>Personnalisation : Adaptez la solution \u00e0 vos besoins sp\u00e9cifiques, en configurant les param\u00e8tres selon vos processus de production.<\/li><\/ul>\t\t\t\t\t\t\t\t<\/div>\n\t\t\t\t<\/div>\n\t\t\t\t<div class=\"elementor-element elementor-element-f1ecbd0 elementor-align-center elementor-widget elementor-widget-button\" data-id=\"f1ecbd0\" data-element_type=\"widget\" data-e-type=\"widget\" data-widget_type=\"button.default\">\n\t\t\t\t<div class=\"elementor-widget-container\">\n\t\t\t\t\t\t\t\t\t<div class=\"elementor-button-wrapper\">\n\t\t\t\t\t<a class=\"elementor-button elementor-button-link elementor-size-sm\" href=\"https:\/\/start.exactonline.be\/docs\/websitesubscription.aspx?bcaction=0&#038;type=10&#038;docbasename=websitecontainer&#038;FixedTerm=%7b7342a8e4-4743-453f-99ef-009b49f81086%7d&#038;Reseller=%7b80ec37b1-6181-4e6e-8494-849c1c411dc7%7d&#038;language=FR-BE&#038;_Division_=922691\" target=\"_blank\" rel=\"noopener\">\n\t\t\t\t\t\t<span class=\"elementor-button-content-wrapper\">\n\t\t\t\t\t\t\t\t\t<span class=\"elementor-button-text\">Faire un essai gratuit &gt;&gt;<\/span>\n\t\t\t\t\t<\/span>\n\t\t\t\t\t<\/a>\n\t\t\t\t<\/div>\n\t\t\t\t\t\t\t\t<\/div>\n\t\t\t\t<\/div>\n\t\t\t\t\t<\/div>\n\t\t<\/div>\n\t\t\t\t\t<\/div>\n\t\t<\/section>\n\t\t\t\t<\/div>\n\t\t","protected":false},"excerpt":{"rendered":"<p>Optimisez vos processus de production avec une solution sp\u00e9cialis\u00e9e Avec Exact Online Production, vous avez le contr\u00f4le total sur vos processus de production. Voici les avantages principaux : \u00a0 Planification avanc\u00e9e : B\u00e9n\u00e9ficiez d&#8217;outils de planification avanc\u00e9s qui vous permettent d&#8217;optimiser la production et d&#8217;anticiper les goulots d&#8217;\u00e9tranglement. Suivi en temps r\u00e9el : Gardez un [&hellip;]<\/p>\n","protected":false},"author":9,"featured_media":0,"parent":5354,"menu_order":0,"comment_status":"closed","ping_status":"closed","template":"","meta":{"footnotes":""},"class_list":["post-5359","page","type-page","status-publish","hentry"],"_links":{"self":[{"href":"https:\/\/skydoo.com\/fr\/wp-json\/wp\/v2\/pages\/5359","targetHints":{"allow":["GET"]}}],"collection":[{"href":"https:\/\/skydoo.com\/fr\/wp-json\/wp\/v2\/pages"}],"about":[{"href":"https:\/\/skydoo.com\/fr\/wp-json\/wp\/v2\/types\/page"}],"author":[{"embeddable":true,"href":"https:\/\/skydoo.com\/fr\/wp-json\/wp\/v2\/users\/9"}],"replies":[{"embeddable":true,"href":"https:\/\/skydoo.com\/fr\/wp-json\/wp\/v2\/comments?post=5359"}],"version-history":[{"count":0,"href":"https:\/\/skydoo.com\/fr\/wp-json\/wp\/v2\/pages\/5359\/revisions"}],"up":[{"embeddable":true,"href":"https:\/\/skydoo.com\/fr\/wp-json\/wp\/v2\/pages\/5354"}],"wp:attachment":[{"href":"https:\/\/skydoo.com\/fr\/wp-json\/wp\/v2\/media?parent=5359"}],"curies":[{"name":"wp","href":"https:\/\/api.w.org\/{rel}","templated":true}]}}