{"id":5727,"date":"2025-12-05T11:20:45","date_gmt":"2025-12-05T10:20:45","guid":{"rendered":"https:\/\/skydoo.com\/?page_id=5727"},"modified":"2026-04-22T15:32:46","modified_gmt":"2026-04-22T13:32:46","slug":"partner-event","status":"publish","type":"page","link":"https:\/\/skydoo.com\/fr\/partner-event\/","title":{"rendered":"Partner Event"},"content":{"rendered":"\t\t<div data-elementor-type=\"wp-page\" data-elementor-id=\"5727\" class=\"elementor elementor-5727\" data-elementor-post-type=\"page\">\n\t\t\t\t<div class=\"elementor-element elementor-element-cf3fdc0 e-flex e-con-boxed e-con e-parent\" data-id=\"cf3fdc0\" data-element_type=\"container\" data-e-type=\"container\" data-settings=\"{&quot;background_background&quot;:&quot;classic&quot;}\">\n\t\t\t\t\t<div class=\"e-con-inner\">\n\t\t\t\t<div class=\"elementor-element elementor-element-dbbeebe elementor-widget elementor-widget-heading\" data-id=\"dbbeebe\" data-element_type=\"widget\" data-e-type=\"widget\" data-widget_type=\"heading.default\">\n\t\t\t\t<div class=\"elementor-widget-container\">\n\t\t\t\t\t<h2 class=\"elementor-heading-title elementor-size-default\">SUMMER Partner Event Skydoo 2026<\/h2>\t\t\t\t<\/div>\n\t\t\t\t<\/div>\n\t\t\t\t<div class=\"elementor-element elementor-element-a808c48 elementor-widget elementor-widget-text-editor\" data-id=\"a808c48\" data-element_type=\"widget\" data-e-type=\"widget\" data-widget_type=\"text-editor.default\">\n\t\t\t\t<div class=\"elementor-widget-container\">\n\t\t\t\t\t\t\t\t\t<p><strong>Partenaires Skydoo, r\u00e9servez votre soir\u00e9e du 26 mai pour une exp\u00e9rience m\u00ealant d\u00e9couvertes et networking. <\/strong><\/p><p><strong>Laissez-vous porter par le rythme des sabots et plongez au c\u0153ur de l\u2019intensit\u00e9 des courses hippiques dans un cadre d\u2019exception.<\/strong><\/p>\t\t\t\t\t\t\t\t<\/div>\n\t\t\t\t<\/div>\n\t\t\t\t\t<\/div>\n\t\t\t\t<\/div>\n\t\t<div class=\"elementor-element elementor-element-7341642 e-flex e-con-boxed e-con e-parent\" data-id=\"7341642\" data-element_type=\"container\" data-e-type=\"container\" id=\"scroll\">\n\t\t\t\t\t<div class=\"e-con-inner\">\n\t\t<div class=\"elementor-element elementor-element-ab8697a e-con-full e-flex e-con e-child\" data-id=\"ab8697a\" data-element_type=\"container\" data-e-type=\"container\">\n\t\t\t\t<div class=\"elementor-element elementor-element-2994ea4 elementor-widget elementor-widget-heading\" data-id=\"2994ea4\" data-element_type=\"widget\" data-e-type=\"widget\" data-widget_type=\"heading.default\">\n\t\t\t\t<div class=\"elementor-widget-container\">\n\t\t\t\t\t<h2 class=\"elementor-heading-title elementor-size-default\">Inscription au SUMMER Partner Event 2026<\/h2>\t\t\t\t<\/div>\n\t\t\t\t<\/div>\n\t\t\t\t<div class=\"elementor-element elementor-element-a8bf184 elementor-widget-divider--view-line elementor-widget elementor-widget-divider\" data-id=\"a8bf184\" data-element_type=\"widget\" data-e-type=\"widget\" data-widget_type=\"divider.default\">\n\t\t\t\t<div class=\"elementor-widget-container\">\n\t\t\t\t\t\t\t<div class=\"elementor-divider\">\n\t\t\t<span class=\"elementor-divider-separator\">\n\t\t\t\t\t\t<\/span>\n\t\t<\/div>\n\t\t\t\t\t\t<\/div>\n\t\t\t\t<\/div>\n\t\t\t\t<div class=\"elementor-element elementor-element-946291b elementor-widget elementor-widget-text-editor\" data-id=\"946291b\" data-element_type=\"widget\" data-e-type=\"widget\" data-widget_type=\"text-editor.default\">\n\t\t\t\t<div class=\"elementor-widget-container\">\n\t\t\t\t\t\t\t\t\t<p>Nous avons le plaisir de vous inviter \u00e0 notre\u00a0<strong>Summer Partner Event 2026<\/strong>,\u00a0<span style=\"font-family: Ubuntu, Arial, sans-serif;\">une soir\u00e9e d\u2019exception plac\u00e9e sous le signe de l\u2019\u00e9l\u00e9gance, de l\u2019adr\u00e9naline et du raffinement \u00e0\u00a0<\/span><span style=\"font-family: Ubuntu, Arial, sans-serif;\">l\u2019<\/span><strong style=\"font-family: Ubuntu, Arial, sans-serif;\">Hippodrome de Wallonie \u00e0 Mons.<\/strong><\/p><p><strong style=\"font-family: Ubuntu, Arial, sans-serif;\">\u00a0<\/strong><\/p><p>Remplissez le formulaire ci-contre pour confirmer votre pr\u00e9sence le <strong>mardi 26 mai 2026 \u00e0 partir de 17h<\/strong>. Cet \u00e9v\u00e9nement, r\u00e9serv\u00e9 \u00e0 nos partenaires, est l\u2019occasion de d\u00e9couvrir nos solutions, d\u2019\u00e9changer avec nos \u00e9quipes et de rencontrer d\u2019autres entreprises.<\/p><p>Vos donn\u00e9es ne sont collect\u00e9es que lorsque vous les renseignez et seront utilis\u00e9es uniquement pour l\u2019organisation de cet \u00e9v\u00e9nement.<\/p><div><div tabindex=\"-1\" aria-labelledby=\"FormTitleId_titleAriaId SubTitleId_subtitleAriaId \"><div data-automation-id=\"formSubTitle\"><b>Au plaisir de vous y voir!<\/b><\/div><\/div><\/div><div><div data-automation-id=\"noticeContainer\">\u00a0<\/div><\/div>\t\t\t\t\t\t\t\t<\/div>\n\t\t\t\t<\/div>\n\t\t\t\t<div class=\"elementor-element elementor-element-5509be3 elementor-button-align-stretch elementor-widget elementor-widget-form\" data-id=\"5509be3\" data-element_type=\"widget\" data-e-type=\"widget\" data-settings=\"{&quot;step_next_label&quot;:&quot;Next&quot;,&quot;step_previous_label&quot;:&quot;Previous&quot;,&quot;button_width&quot;:&quot;100&quot;,&quot;step_type&quot;:&quot;number_text&quot;,&quot;step_icon_shape&quot;:&quot;circle&quot;}\" data-widget_type=\"form.default\">\n\t\t\t\t<div class=\"elementor-widget-container\">\n\t\t\t\t\t\t\t<form class=\"elementor-form\" method=\"post\" name=\"New Form\" aria-label=\"New Form\">\n\t\t\t<input type=\"hidden\" name=\"post_id\" value=\"5727\"\/>\n\t\t\t<input type=\"hidden\" name=\"form_id\" value=\"5509be3\"\/>\n\t\t\t<input type=\"hidden\" name=\"referer_title\" value=\"\" \/>\n\n\t\t\t\n\t\t\t<div class=\"elementor-form-fields-wrapper elementor-labels-above\">\n\t\t\t\t\t\t\t\t<div class=\"elementor-field-type-text elementor-field-group elementor-column elementor-field-group-field_9c68556 elementor-col-33 elementor-field-required elementor-mark-required\">\n\t\t\t\t\t\t\t\t\t\t\t\t<label for=\"form-field-field_9c68556\" class=\"elementor-field-label\">\n\t\t\t\t\t\t\t\tNom et Pr\u00e9nom\t\t\t\t\t\t\t<\/label>\n\t\t\t\t\t\t\t\t\t\t\t\t\t\t<input size=\"1\" type=\"text\" name=\"form_fields[field_9c68556]\" id=\"form-field-field_9c68556\" class=\"elementor-field elementor-size-sm  elementor-field-textual\" required=\"required\">\n\t\t\t\t\t\t\t\t\t\t\t<\/div>\n\t\t\t\t\t\t\t\t<div class=\"elementor-field-type-tel elementor-field-group elementor-column elementor-field-group-field_1b755fb elementor-col-33 elementor-field-required elementor-mark-required\">\n\t\t\t\t\t\t\t\t\t\t\t\t<label for=\"form-field-field_1b755fb\" class=\"elementor-field-label\">\n\t\t\t\t\t\t\t\tNum\u00e9ro de GSM\t\t\t\t\t\t\t<\/label>\n\t\t\t\t\t\t\t\t<input size=\"1\" type=\"tel\" name=\"form_fields[field_1b755fb]\" id=\"form-field-field_1b755fb\" class=\"elementor-field elementor-size-sm  elementor-field-textual\" required=\"required\" pattern=\"[0-9()#&amp;+*-=.]+\" title=\"Only numbers and phone characters (#, -, *, etc) are accepted.\">\n\n\t\t\t\t\t\t<\/div>\n\t\t\t\t\t\t\t\t<div class=\"elementor-field-type-email elementor-field-group elementor-column elementor-field-group-email elementor-col-33 elementor-field-required elementor-mark-required\">\n\t\t\t\t\t\t\t\t\t\t\t\t<label for=\"form-field-email\" class=\"elementor-field-label\">\n\t\t\t\t\t\t\t\tAdresse e-mail\t\t\t\t\t\t\t<\/label>\n\t\t\t\t\t\t\t\t\t\t\t\t\t\t<input size=\"1\" type=\"email\" name=\"form_fields[email]\" id=\"form-field-email\" class=\"elementor-field elementor-size-sm  elementor-field-textual\" required=\"required\">\n\t\t\t\t\t\t\t\t\t\t\t<\/div>\n\t\t\t\t\t\t\t\t<div class=\"elementor-field-type-text elementor-field-group elementor-column elementor-field-group-field_5fe1825 elementor-col-50 elementor-field-required elementor-mark-required\">\n\t\t\t\t\t\t\t\t\t\t\t\t<label for=\"form-field-field_5fe1825\" class=\"elementor-field-label\">\n\t\t\t\t\t\t\t\tRaison Sociale\t\t\t\t\t\t\t<\/label>\n\t\t\t\t\t\t\t\t\t\t\t\t\t\t<input size=\"1\" type=\"text\" name=\"form_fields[field_5fe1825]\" id=\"form-field-field_5fe1825\" class=\"elementor-field elementor-size-sm  elementor-field-textual\" required=\"required\">\n\t\t\t\t\t\t\t\t\t\t\t<\/div>\n\t\t\t\t\t\t\t\t<div class=\"elementor-field-type-number elementor-field-group elementor-column elementor-field-group-field_7210d74 elementor-col-50 elementor-field-required elementor-mark-required\">\n\t\t\t\t\t\t\t\t\t\t\t\t<label for=\"form-field-field_7210d74\" class=\"elementor-field-label\">\n\t\t\t\t\t\t\t\tNombre de personnes pr\u00e9sentes\t\t\t\t\t\t\t<\/label>\n\t\t\t\t\t\t\t\t\t<input type=\"number\" name=\"form_fields[field_7210d74]\" id=\"form-field-field_7210d74\" class=\"elementor-field elementor-size-sm  elementor-field-textual\" required=\"required\" min=\"\" max=\"\" >\n\t\t\t\t\t\t<\/div>\n\t\t\t\t\t\t\t\t<div class=\"elementor-field-type-recaptcha_v3 elementor-field-group elementor-column elementor-field-group-field_fea977c elementor-col-100 recaptcha_v3-bottomright\">\n\t\t\t\t\t<div class=\"elementor-field\" id=\"form-field-field_fea977c\"><div class=\"elementor-g-recaptcha\" data-sitekey=\"6Lf0oPQaAAAAAO_OlDzsXpyHxaXUvc8e0smlJI9L\" data-type=\"v3\" data-action=\"Form\" data-badge=\"bottomright\" data-size=\"invisible\"><\/div><\/div>\t\t\t\t<\/div>\n\t\t\t\t\t\t\t\t<div class=\"elementor-field-group elementor-column elementor-field-type-submit elementor-col-100 e-form__buttons\">\n\t\t\t\t\t<button class=\"elementor-button elementor-size-sm\" type=\"submit\">\n\t\t\t\t\t\t<span class=\"elementor-button-content-wrapper\">\n\t\t\t\t\t\t\t\t\t\t\t\t\t\t\t\t\t\t\t\t\t\t<span class=\"elementor-button-text\">Confirmer ma participation<\/span>\n\t\t\t\t\t\t\t\t\t\t\t\t\t<\/span>\n\t\t\t\t\t<\/button>\n\t\t\t\t<\/div>\n\t\t\t<\/div>\n\t\t<\/form>\n\t\t\t\t\t\t<\/div>\n\t\t\t\t<\/div>\n\t\t\t\t<\/div>\n\t\t\t\t\t<\/div>\n\t\t\t\t<\/div>\n\t\t\t\t<section class=\"elementor-section elementor-top-section elementor-element elementor-element-185e504 elementor-section-content-middle elementor-section-boxed elementor-section-height-default elementor-section-height-default\" data-id=\"185e504\" data-element_type=\"section\" data-e-type=\"section\">\n\t\t\t\t\t\t<div class=\"elementor-container elementor-column-gap-default\">\n\t\t\t\t\t<div class=\"elementor-column elementor-col-100 elementor-top-column elementor-element elementor-element-2fb5315\" data-id=\"2fb5315\" data-element_type=\"column\" data-e-type=\"column\">\n\t\t\t<div class=\"elementor-widget-wrap elementor-element-populated\">\n\t\t\t\t\t\t<div class=\"elementor-element elementor-element-f79de38 elementor-widget elementor-widget-heading\" data-id=\"f79de38\" data-element_type=\"widget\" data-e-type=\"widget\" data-widget_type=\"heading.default\">\n\t\t\t\t<div class=\"elementor-widget-container\">\n\t\t\t\t\t<h3 class=\"elementor-heading-title elementor-size-default\">D\u00e9couvrez nos autres \u00e9v\u00e9nements<\/h3>\t\t\t\t<\/div>\n\t\t\t\t<\/div>\n\t\t\t\t<div class=\"elementor-element elementor-element-725bed5 elementor-skin-carousel elementor-arrows-yes elementor-pagination-type-bullets elementor-pagination-position-outside elementor-widget elementor-widget-media-carousel\" data-id=\"725bed5\" data-element_type=\"widget\" data-e-type=\"widget\" data-settings=\"{&quot;slides_per_view&quot;:&quot;1&quot;,&quot;skin&quot;:&quot;carousel&quot;,&quot;effect&quot;:&quot;slide&quot;,&quot;show_arrows&quot;:&quot;yes&quot;,&quot;pagination&quot;:&quot;bullets&quot;,&quot;speed&quot;:500,&quot;autoplay&quot;:&quot;yes&quot;,&quot;autoplay_speed&quot;:5000,&quot;loop&quot;:&quot;yes&quot;,&quot;pause_on_hover&quot;:&quot;yes&quot;,&quot;pause_on_interaction&quot;:&quot;yes&quot;,&quot;space_between&quot;:{&quot;unit&quot;:&quot;px&quot;,&quot;size&quot;:10,&quot;sizes&quot;:[]},&quot;space_between_tablet&quot;:{&quot;unit&quot;:&quot;px&quot;,&quot;size&quot;:10,&quot;sizes&quot;:[]},&quot;space_between_mobile&quot;:{&quot;unit&quot;:&quot;px&quot;,&quot;size&quot;:10,&quot;sizes&quot;:[]}}\" data-widget_type=\"media-carousel.default\">\n\t\t\t\t<div class=\"elementor-widget-container\">\n\t\t\t\t\t\t\t\t\t<div class=\"elementor-swiper\">\n\t\t\t\t\t<div class=\"elementor-main-swiper swiper\" role=\"region\" aria-roledescription=\"carousel\" aria-label=\"Slides\">\n\t\t\t\t<div class=\"swiper-wrapper\">\n\t\t\t\t\t\t\t\t\t\t\t<div class=\"swiper-slide\" role=\"group\" aria-roledescription=\"slide\">\n\t\t\t\t\t\t\t<a href=\"https:\/\/skydoo.com\/wp-content\/uploads\/Capture-decran-2024-07-02-090237.png\" data-elementor-open-lightbox=\"yes\" data-elementor-lightbox-slideshow=\"725bed5\" data-e-action-hash=\"#elementor-action%3Aaction%3Dlightbox%26settings%3DeyJpZCI6NTQ4NCwidXJsIjoiaHR0cHM6XC9cL3NreWRvby5jb21cL3dwLWNvbnRlbnRcL3VwbG9hZHNcL0NhcHR1cmUtZGVjcmFuLTIwMjQtMDctMDItMDkwMjM3LnBuZyIsInNsaWRlc2hvdyI6IjcyNWJlZDUifQ%3D%3D\" data-elementor-lightbox-video=\"https:\/\/www.youtube.com\/embed\/FspAMAharjs?feature=oembed&amp;autoplay=1&amp;rel=0&amp;controls=0\">\t\t<div class=\"elementor-carousel-image\" role=\"img\" aria-label=\"Capture d\u2019\u00e9cran 2024-07-02 090237\" style=\"background-image: url(&#039;https:\/\/skydoo.com\/wp-content\/uploads\/Capture-decran-2024-07-02-090237.png&#039;)\">\n\n\t\t\t\n\t\t\t\t\t\t\t<div class=\"elementor-custom-embed-play\">\n\t\t\t\t\t<i aria-hidden=\"true\" class=\"eicon-play\"><\/i>\t\t\t\t\t<span class=\"elementor-screen-only\">Play<\/span>\n\t\t\t\t<\/div>\n\t\t\t\t\t<\/div>\n\t\t<\/a>\t\t\t\t\t\t<\/div>\n\t\t\t\t\t\t\t\t\t\t\t<div class=\"swiper-slide\" role=\"group\" aria-roledescription=\"slide\">\n\t\t\t\t\t\t\t<a href=\"https:\/\/skydoo.com\/wp-content\/uploads\/Capture-decran-2024-06-07-101525.png\" data-elementor-open-lightbox=\"yes\" data-elementor-lightbox-slideshow=\"725bed5\" data-e-action-hash=\"#elementor-action%3Aaction%3Dlightbox%26settings%3DeyJpZCI6NTQ4MiwidXJsIjoiaHR0cHM6XC9cL3NreWRvby5jb21cL3dwLWNvbnRlbnRcL3VwbG9hZHNcL0NhcHR1cmUtZGVjcmFuLTIwMjQtMDYtMDctMTAxNTI1LnBuZyIsInNsaWRlc2hvdyI6IjcyNWJlZDUifQ%3D%3D\" data-elementor-lightbox-video=\"https:\/\/www.youtube.com\/embed\/dmBvKbMdDxo?feature=oembed&amp;autoplay=1&amp;rel=0&amp;controls=0\">\t\t<div class=\"elementor-carousel-image\" role=\"img\" aria-label=\"Capture d\u2019\u00e9cran 2024-06-07 101525\" style=\"background-image: url(&#039;https:\/\/skydoo.com\/wp-content\/uploads\/Capture-decran-2024-06-07-101525.png&#039;)\">\n\n\t\t\t\n\t\t\t\t\t\t\t<div class=\"elementor-custom-embed-play\">\n\t\t\t\t\t<i aria-hidden=\"true\" class=\"eicon-play\"><\/i>\t\t\t\t\t<span class=\"elementor-screen-only\">Play<\/span>\n\t\t\t\t<\/div>\n\t\t\t\t\t<\/div>\n\t\t<\/a>\t\t\t\t\t\t<\/div>\n\t\t\t\t\t\t\t\t\t\t\t<div class=\"swiper-slide\" role=\"group\" aria-roledescription=\"slide\">\n\t\t\t\t\t\t\t<a href=\"https:\/\/skydoo.com\/wp-content\/uploads\/Capture-decran-2023-07-26-105037.png\" data-elementor-open-lightbox=\"yes\" data-elementor-lightbox-slideshow=\"725bed5\" data-e-action-hash=\"#elementor-action%3Aaction%3Dlightbox%26settings%3DeyJpZCI6NTAxNSwidXJsIjoiaHR0cHM6XC9cL3NreWRvby5jb21cL3dwLWNvbnRlbnRcL3VwbG9hZHNcL0NhcHR1cmUtZGVjcmFuLTIwMjMtMDctMjYtMTA1MDM3LnBuZyIsInNsaWRlc2hvdyI6IjcyNWJlZDUifQ%3D%3D\" data-elementor-lightbox-video=\"https:\/\/www.youtube.com\/embed\/AMLRnfFA-Jc?feature=oembed&amp;autoplay=1&amp;rel=0&amp;controls=0\">\t\t<div class=\"elementor-carousel-image\" role=\"img\" aria-label=\"summer partner event 2023\" style=\"background-image: url(&#039;https:\/\/skydoo.com\/wp-content\/uploads\/Capture-decran-2023-07-26-105037.png&#039;)\">\n\n\t\t\t\n\t\t\t\t\t\t\t<div class=\"elementor-custom-embed-play\">\n\t\t\t\t\t<i aria-hidden=\"true\" class=\"eicon-play\"><\/i>\t\t\t\t\t<span class=\"elementor-screen-only\">Play<\/span>\n\t\t\t\t<\/div>\n\t\t\t\t\t<\/div>\n\t\t<\/a>\t\t\t\t\t\t<\/div>\n\t\t\t\t\t\t\t\t\t\t\t<div class=\"swiper-slide\" role=\"group\" aria-roledescription=\"slide\">\n\t\t\t\t\t\t\t<a href=\"https:\/\/skydoo.com\/wp-content\/uploads\/Capture-decran-2023-07-26-105205.png\" data-elementor-open-lightbox=\"yes\" data-elementor-lightbox-slideshow=\"725bed5\" data-e-action-hash=\"#elementor-action%3Aaction%3Dlightbox%26settings%3DeyJpZCI6NTAyMCwidXJsIjoiaHR0cHM6XC9cL3NreWRvby5jb21cL3dwLWNvbnRlbnRcL3VwbG9hZHNcL0NhcHR1cmUtZGVjcmFuLTIwMjMtMDctMjYtMTA1MjA1LnBuZyIsInNsaWRlc2hvdyI6IjcyNWJlZDUifQ%3D%3D\" data-elementor-lightbox-video=\"https:\/\/www.youtube.com\/embed\/FcCNsYCj2d8?feature=oembed&amp;autoplay=1&amp;rel=0&amp;controls=0\">\t\t<div class=\"elementor-carousel-image\" role=\"img\" aria-label=\"Winter partner event 2022\" style=\"background-image: url(&#039;https:\/\/skydoo.com\/wp-content\/uploads\/Capture-decran-2023-07-26-105205.png&#039;)\">\n\n\t\t\t\n\t\t\t\t\t\t\t<div class=\"elementor-custom-embed-play\">\n\t\t\t\t\t<i aria-hidden=\"true\" class=\"eicon-play\"><\/i>\t\t\t\t\t<span class=\"elementor-screen-only\">Play<\/span>\n\t\t\t\t<\/div>\n\t\t\t\t\t<\/div>\n\t\t<\/a>\t\t\t\t\t\t<\/div>\n\t\t\t\t\t\t\t\t\t\t\t<div class=\"swiper-slide\" role=\"group\" aria-roledescription=\"slide\">\n\t\t\t\t\t\t\t<a href=\"https:\/\/skydoo.com\/wp-content\/uploads\/Team-building-Dinant-2022.png\" data-elementor-open-lightbox=\"yes\" data-elementor-lightbox-slideshow=\"725bed5\" data-e-action-hash=\"#elementor-action%3Aaction%3Dlightbox%26settings%3DeyJpZCI6NDg4NCwidXJsIjoiaHR0cHM6XC9cL3NreWRvby5jb21cL3dwLWNvbnRlbnRcL3VwbG9hZHNcL1RlYW0tYnVpbGRpbmctRGluYW50LTIwMjIucG5nIiwic2xpZGVzaG93IjoiNzI1YmVkNSJ9\" data-elementor-lightbox-video=\"https:\/\/www.youtube.com\/embed\/5l2JJ4NJ8cM?feature=oembed&amp;autoplay=1&amp;rel=0&amp;controls=0\">\t\t<div class=\"elementor-carousel-image\" role=\"img\" aria-label=\"Team building-Dinant 2022\" style=\"background-image: url(&#039;https:\/\/skydoo.com\/wp-content\/uploads\/Team-building-Dinant-2022.png&#039;)\">\n\n\t\t\t\n\t\t\t\t\t\t\t<div class=\"elementor-custom-embed-play\">\n\t\t\t\t\t<i aria-hidden=\"true\" class=\"eicon-play\"><\/i>\t\t\t\t\t<span class=\"elementor-screen-only\">Play<\/span>\n\t\t\t\t<\/div>\n\t\t\t\t\t<\/div>\n\t\t<\/a>\t\t\t\t\t\t<\/div>\n\t\t\t\t\t\t\t\t\t\t\t<div class=\"swiper-slide\" role=\"group\" aria-roledescription=\"slide\">\n\t\t\t\t\t\t\t<a href=\"https:\/\/skydoo.com\/wp-content\/uploads\/Capture-de\u0301cran-2022-07-12-a\u0300-11.46.47.png\" data-elementor-open-lightbox=\"yes\" data-elementor-lightbox-slideshow=\"725bed5\" data-e-action-hash=\"#elementor-action%3Aaction%3Dlightbox%26settings%3DeyJpZCI6NDg3OSwidXJsIjoiaHR0cHM6XC9cL3NreWRvby5jb21cL3dwLWNvbnRlbnRcL3VwbG9hZHNcL0NhcHR1cmUtZGVcdTAzMDFjcmFuLTIwMjItMDctMTItYVx1MDMwMC0xMS40Ni40Ny5wbmciLCJzbGlkZXNob3ciOiI3MjViZWQ1In0%3D\" data-elementor-lightbox-video=\"https:\/\/www.youtube.com\/embed\/M_R6HWNoyL0?feature=oembed&amp;autoplay=1&amp;rel=0&amp;controls=0\">\t\t<div class=\"elementor-carousel-image\" role=\"img\" aria-label=\"Capture d\u2019e\u0301cran 2022-07-12 a\u0300 11.46.47\" style=\"background-image: url(&#039;https:\/\/skydoo.com\/wp-content\/uploads\/Capture-de\u0301cran-2022-07-12-a\u0300-11.46.47.png&#039;)\">\n\n\t\t\t\n\t\t\t\t\t\t\t<div class=\"elementor-custom-embed-play\">\n\t\t\t\t\t<i aria-hidden=\"true\" class=\"eicon-play\"><\/i>\t\t\t\t\t<span class=\"elementor-screen-only\">Play<\/span>\n\t\t\t\t<\/div>\n\t\t\t\t\t<\/div>\n\t\t<\/a>\t\t\t\t\t\t<\/div>\n\t\t\t\t\t\t\t\t\t\t\t<div class=\"swiper-slide\" role=\"group\" aria-roledescription=\"slide\">\n\t\t\t\t\t\t\t<a href=\"https:\/\/skydoo.com\/wp-content\/uploads\/1-video.png\" data-elementor-open-lightbox=\"yes\" data-elementor-lightbox-slideshow=\"725bed5\" data-e-action-hash=\"#elementor-action%3Aaction%3Dlightbox%26settings%3DeyJpZCI6NDg0MSwidXJsIjoiaHR0cHM6XC9cL3NreWRvby5jb21cL3dwLWNvbnRlbnRcL3VwbG9hZHNcLzEtdmlkZW8ucG5nIiwic2xpZGVzaG93IjoiNzI1YmVkNSJ9\" data-elementor-lightbox-video=\"https:\/\/www.youtube.com\/embed\/TlayvZ8I4sY?feature=oembed&amp;autoplay=1&amp;rel=0&amp;controls=0\">\t\t<div class=\"elementor-carousel-image\" role=\"img\" aria-label=\"1 video\" style=\"background-image: url(&#039;https:\/\/skydoo.com\/wp-content\/uploads\/1-video.png&#039;)\">\n\n\t\t\t\n\t\t\t\t\t\t\t<div class=\"elementor-custom-embed-play\">\n\t\t\t\t\t<i aria-hidden=\"true\" class=\"eicon-play\"><\/i>\t\t\t\t\t<span class=\"elementor-screen-only\">Play<\/span>\n\t\t\t\t<\/div>\n\t\t\t\t\t<\/div>\n\t\t<\/a>\t\t\t\t\t\t<\/div>\n\t\t\t\t\t\t\t\t\t\t\t<div class=\"swiper-slide\" role=\"group\" aria-roledescription=\"slide\">\n\t\t\t\t\t\t\t<a href=\"https:\/\/skydoo.com\/wp-content\/uploads\/video-2.png\" data-elementor-open-lightbox=\"yes\" data-elementor-lightbox-slideshow=\"725bed5\" data-e-action-hash=\"#elementor-action%3Aaction%3Dlightbox%26settings%3DeyJpZCI6NDg0MiwidXJsIjoiaHR0cHM6XC9cL3NreWRvby5jb21cL3dwLWNvbnRlbnRcL3VwbG9hZHNcL3ZpZGVvLTIucG5nIiwic2xpZGVzaG93IjoiNzI1YmVkNSJ9\" data-elementor-lightbox-video=\"https:\/\/www.youtube.com\/embed\/Jo3iUifviqY?feature=oembed&amp;autoplay=1&amp;rel=0&amp;controls=0\">\t\t<div class=\"elementor-carousel-image\" role=\"img\" aria-label=\"video 2\" style=\"background-image: url(&#039;https:\/\/skydoo.com\/wp-content\/uploads\/video-2.png&#039;)\">\n\n\t\t\t\n\t\t\t\t\t\t\t<div class=\"elementor-custom-embed-play\">\n\t\t\t\t\t<i aria-hidden=\"true\" class=\"eicon-play\"><\/i>\t\t\t\t\t<span class=\"elementor-screen-only\">Play<\/span>\n\t\t\t\t<\/div>\n\t\t\t\t\t<\/div>\n\t\t<\/a>\t\t\t\t\t\t<\/div>\n\t\t\t\t\t\t\t\t\t\t\t<div class=\"swiper-slide\" role=\"group\" aria-roledescription=\"slide\">\n\t\t\t\t\t\t\t<a href=\"https:\/\/skydoo.com\/wp-content\/uploads\/video3.png\" data-elementor-open-lightbox=\"yes\" data-elementor-lightbox-slideshow=\"725bed5\" data-e-action-hash=\"#elementor-action%3Aaction%3Dlightbox%26settings%3DeyJpZCI6NDg0MywidXJsIjoiaHR0cHM6XC9cL3NreWRvby5jb21cL3dwLWNvbnRlbnRcL3VwbG9hZHNcL3ZpZGVvMy5wbmciLCJzbGlkZXNob3ciOiI3MjViZWQ1In0%3D\" data-elementor-lightbox-video=\"https:\/\/www.youtube.com\/embed\/x5fdLII1l24?feature=oembed&amp;autoplay=1&amp;rel=0&amp;controls=0\">\t\t<div class=\"elementor-carousel-image\" role=\"img\" aria-label=\"video3\" style=\"background-image: url(&#039;https:\/\/skydoo.com\/wp-content\/uploads\/video3.png&#039;)\">\n\n\t\t\t\n\t\t\t\t\t\t\t<div class=\"elementor-custom-embed-play\">\n\t\t\t\t\t<i aria-hidden=\"true\" class=\"eicon-play\"><\/i>\t\t\t\t\t<span class=\"elementor-screen-only\">Play<\/span>\n\t\t\t\t<\/div>\n\t\t\t\t\t<\/div>\n\t\t<\/a>\t\t\t\t\t\t<\/div>\n\t\t\t\t\t\t\t\t\t\t\t<div class=\"swiper-slide\" role=\"group\" aria-roledescription=\"slide\">\n\t\t\t\t\t\t\t<a href=\"https:\/\/skydoo.com\/wp-content\/uploads\/video-3.png\" data-elementor-open-lightbox=\"yes\" data-elementor-lightbox-slideshow=\"725bed5\" data-e-action-hash=\"#elementor-action%3Aaction%3Dlightbox%26settings%3DeyJpZCI6NDg0NCwidXJsIjoiaHR0cHM6XC9cL3NreWRvby5jb21cL3dwLWNvbnRlbnRcL3VwbG9hZHNcL3ZpZGVvLTMucG5nIiwic2xpZGVzaG93IjoiNzI1YmVkNSJ9\" data-elementor-lightbox-video=\"https:\/\/www.youtube.com\/embed\/Lczoim6cCaI?feature=oembed&amp;autoplay=1&amp;rel=0&amp;controls=0\">\t\t<div class=\"elementor-carousel-image\" role=\"img\" aria-label=\"video 4\" style=\"background-image: url(&#039;https:\/\/skydoo.com\/wp-content\/uploads\/video-3.png&#039;)\">\n\n\t\t\t\n\t\t\t\t\t\t\t<div class=\"elementor-custom-embed-play\">\n\t\t\t\t\t<i aria-hidden=\"true\" class=\"eicon-play\"><\/i>\t\t\t\t\t<span class=\"elementor-screen-only\">Play<\/span>\n\t\t\t\t<\/div>\n\t\t\t\t\t<\/div>\n\t\t<\/a>\t\t\t\t\t\t<\/div>\n\t\t\t\t\t\t\t\t\t<\/div>\n\t\t\t\t\t\t\t\t\t\t\t\t\t\t\t<div class=\"elementor-swiper-button elementor-swiper-button-prev\" role=\"button\" tabindex=\"0\" aria-label=\"Previous\">\n\t\t\t\t\t\t\t<i aria-hidden=\"true\" class=\"eicon-chevron-left\"><\/i>\t\t\t\t\t\t<\/div>\n\t\t\t\t\t\t<div class=\"elementor-swiper-button elementor-swiper-button-next\" role=\"button\" tabindex=\"0\" aria-label=\"Next\">\n\t\t\t\t\t\t\t<i aria-hidden=\"true\" class=\"eicon-chevron-right\"><\/i>\t\t\t\t\t\t<\/div>\n\t\t\t\t\t\t\t\t\t\t\t\t\t\t\t\t<div class=\"swiper-pagination\"><\/div>\n\t\t\t\t\t\t\t\t\t\t\t\t<\/div>\n\t\t\t\t<\/div>\n\t\t\t\t\t\t\t\t<\/div>\n\t\t\t\t<\/div>\n\t\t\t\t\t<\/div>\n\t\t<\/div>\n\t\t\t\t\t<\/div>\n\t\t<\/section>\n\t\t\t\t<\/div>\n\t\t","protected":false},"excerpt":{"rendered":"<p>SUMMER Partner Event Skydoo 2026 Partenaires Skydoo, r\u00e9servez votre soir\u00e9e du 26 mai pour une exp\u00e9rience m\u00ealant d\u00e9couvertes et networking. Laissez-vous porter par le rythme des sabots et plongez au c\u0153ur de l\u2019intensit\u00e9 des courses hippiques dans un cadre d\u2019exception. Inscription au SUMMER Partner Event 2026 Nous avons le plaisir de vous inviter \u00e0 notre\u00a0Summer [&hellip;]<\/p>\n","protected":false},"author":9,"featured_media":0,"parent":0,"menu_order":0,"comment_status":"closed","ping_status":"closed","template":"elementor_header_footer","meta":{"footnotes":""},"class_list":["post-5727","page","type-page","status-publish","hentry"],"_links":{"self":[{"href":"https:\/\/skydoo.com\/fr\/wp-json\/wp\/v2\/pages\/5727","targetHints":{"allow":["GET"]}}],"collection":[{"href":"https:\/\/skydoo.com\/fr\/wp-json\/wp\/v2\/pages"}],"about":[{"href":"https:\/\/skydoo.com\/fr\/wp-json\/wp\/v2\/types\/page"}],"author":[{"embeddable":true,"href":"https:\/\/skydoo.com\/fr\/wp-json\/wp\/v2\/users\/9"}],"replies":[{"embeddable":true,"href":"https:\/\/skydoo.com\/fr\/wp-json\/wp\/v2\/comments?post=5727"}],"version-history":[{"count":0,"href":"https:\/\/skydoo.com\/fr\/wp-json\/wp\/v2\/pages\/5727\/revisions"}],"wp:attachment":[{"href":"https:\/\/skydoo.com\/fr\/wp-json\/wp\/v2\/media?parent=5727"}],"curies":[{"name":"wp","href":"https:\/\/api.w.org\/{rel}","templated":true}]}}