{"id":66,"date":"2021-05-03T07:46:58","date_gmt":"2021-05-03T07:46:58","guid":{"rendered":"https:\/\/skydoo.com\/?page_id=66"},"modified":"2021-05-19T09:30:26","modified_gmt":"2021-05-19T09:30:26","slug":"mentions-legales","status":"publish","type":"page","link":"https:\/\/skydoo.com\/fr\/mentions-legales\/","title":{"rendered":"Mentions l\u00e9gales"},"content":{"rendered":"\t\t<div data-elementor-type=\"wp-page\" data-elementor-id=\"66\" class=\"elementor elementor-66\" data-elementor-post-type=\"page\">\n\t\t\t\t\t\t<section class=\"elementor-section elementor-top-section elementor-element elementor-element-e19d784 elementor-section-height-min-height elementor-section-items-stretch elementor-section-boxed elementor-section-height-default\" data-id=\"e19d784\" data-element_type=\"section\" data-e-type=\"section\" data-settings=\"{&quot;background_background&quot;:&quot;classic&quot;}\">\n\t\t\t\t\t\t\t<div class=\"elementor-background-overlay\"><\/div>\n\t\t\t\t\t\t\t<div class=\"elementor-container elementor-column-gap-default\">\n\t\t\t\t\t<div class=\"elementor-column elementor-col-66 elementor-top-column elementor-element elementor-element-c198731\" data-id=\"c198731\" data-element_type=\"column\" data-e-type=\"column\">\n\t\t\t<div class=\"elementor-widget-wrap elementor-element-populated\">\n\t\t\t\t\t\t<div class=\"elementor-element elementor-element-a371d30 elementor-widget elementor-widget-shortcode\" data-id=\"a371d30\" data-element_type=\"widget\" data-e-type=\"widget\" data-widget_type=\"shortcode.default\">\n\t\t\t\t<div class=\"elementor-widget-container\">\n\t\t\t\t\t\t\t<div class=\"elementor-shortcode\"><nav aria-label=\"breadcrumbs\" class=\"rank-math-breadcrumb\"><p><span class=\"last\">Accueil<\/span><\/p><\/nav><\/div>\n\t\t\t\t\t\t<\/div>\n\t\t\t\t<\/div>\n\t\t\t\t<div class=\"elementor-element elementor-element-7f0c363 elementor-widget elementor-widget-heading\" data-id=\"7f0c363\" data-element_type=\"widget\" data-e-type=\"widget\" data-widget_type=\"heading.default\">\n\t\t\t\t<div class=\"elementor-widget-container\">\n\t\t\t\t\t<h1 class=\"elementor-heading-title elementor-size-default\">Mentions l\u00e9gales<\/h1>\t\t\t\t<\/div>\n\t\t\t\t<\/div>\n\t\t\t\t\t<\/div>\n\t\t<\/div>\n\t\t\t\t<div class=\"elementor-column elementor-col-33 elementor-top-column elementor-element elementor-element-79fd4c7\" data-id=\"79fd4c7\" data-element_type=\"column\" data-e-type=\"column\">\n\t\t\t<div class=\"elementor-widget-wrap\">\n\t\t\t\t\t\t\t<\/div>\n\t\t<\/div>\n\t\t\t\t\t<\/div>\n\t\t<\/section>\n\t\t\t\t<section class=\"elementor-section elementor-top-section elementor-element elementor-element-f6dde8b elementor-section-boxed elementor-section-height-default elementor-section-height-default\" data-id=\"f6dde8b\" data-element_type=\"section\" data-e-type=\"section\">\n\t\t\t\t\t\t<div class=\"elementor-container elementor-column-gap-default\">\n\t\t\t\t\t<div class=\"elementor-column elementor-col-100 elementor-top-column elementor-element elementor-element-69abe9b\" data-id=\"69abe9b\" data-element_type=\"column\" data-e-type=\"column\">\n\t\t\t<div class=\"elementor-widget-wrap elementor-element-populated\">\n\t\t\t\t\t\t<section class=\"elementor-section elementor-inner-section elementor-element elementor-element-e813b4c elementor-reverse-mobile elementor-section-boxed elementor-section-height-default elementor-section-height-default\" data-id=\"e813b4c\" data-element_type=\"section\" data-e-type=\"section\">\n\t\t\t\t\t\t<div class=\"elementor-container elementor-column-gap-no\">\n\t\t\t\t\t<div class=\"elementor-column elementor-col-50 elementor-inner-column elementor-element elementor-element-f55898c\" data-id=\"f55898c\" data-element_type=\"column\" data-e-type=\"column\">\n\t\t\t<div class=\"elementor-widget-wrap elementor-element-populated\">\n\t\t\t\t\t\t<div class=\"elementor-element elementor-element-7ed1a25 elementor-widget elementor-widget-heading\" data-id=\"7ed1a25\" data-element_type=\"widget\" data-e-type=\"widget\" data-widget_type=\"heading.default\">\n\t\t\t\t<div class=\"elementor-widget-container\">\n\t\t\t\t\t<h2 class=\"elementor-heading-title elementor-size-default\">1. Contenu de l\u2019offre en ligne<\/h2>\t\t\t\t<\/div>\n\t\t\t\t<\/div>\n\t\t\t\t<div class=\"elementor-element elementor-element-c427f20 elementor-widget elementor-widget-text-editor\" data-id=\"c427f20\" data-element_type=\"widget\" data-e-type=\"widget\" data-widget_type=\"text-editor.default\">\n\t\t\t\t<div class=\"elementor-widget-container\">\n\t\t\t\t\t\t\t\t\t<p>L\u2019auteur ne peut \u00eatre tenu responsable de tout pr\u00e9judice li\u00e9 \u00e0 l\u2019actualisation, l\u2019exactitude, l\u2019exhaustivit\u00e9 ou la qualit\u00e9 des informations fournies. Nous d\u00e9clinons, d\u2019une mani\u00e8re g\u00e9n\u00e9rale, toute revendication de responsabilit\u00e9 contre l\u2019auteur de dommages mat\u00e9riels ou non, cons\u00e9cutifs \u00e0 l\u2019utilisation ou la non\u2013utilisation des informations publi\u00e9es, ou \u00e0 l\u2019utilisation de donn\u00e9es erron\u00e9es et incompl\u00e8tes, \u00e0 moins de prouver une faute intentionnelle ou une n\u00e9gligence grave de sa part. Toutes les offres sont faites \u00e0 titre indicatif et sans engagement. L\u2019auteur se r\u00e9serve express\u00e9ment le droit de modifier, compl\u00e9ter ou supprimer certains paragraphes ou l\u2019ensemble de l\u2019offre sans avis pr\u00e9alable, ou d\u2019interrompre la publication de fa\u00e7on provisoire ou permanente.<\/p>\t\t\t\t\t\t\t\t<\/div>\n\t\t\t\t<\/div>\n\t\t\t\t\t<\/div>\n\t\t<\/div>\n\t\t\t\t<div class=\"elementor-column elementor-col-50 elementor-inner-column elementor-element elementor-element-ee889fe\" data-id=\"ee889fe\" data-element_type=\"column\" data-e-type=\"column\">\n\t\t\t<div class=\"elementor-widget-wrap elementor-element-populated\">\n\t\t\t\t\t\t<div class=\"elementor-element elementor-element-b6fcc21 elementor-align-start elementor-icon-list--layout-traditional elementor-list-item-link-full_width elementor-widget elementor-widget-icon-list\" data-id=\"b6fcc21\" data-element_type=\"widget\" data-e-type=\"widget\" data-widget_type=\"icon-list.default\">\n\t\t\t\t<div class=\"elementor-widget-container\">\n\t\t\t\t\t\t\t<ul class=\"elementor-icon-list-items\">\n\t\t\t\t\t\t\t<li class=\"elementor-icon-list-item\">\n\t\t\t\t\t\t\t\t\t\t\t<span class=\"elementor-icon-list-icon\">\n\t\t\t\t\t\t\t<i aria-hidden=\"true\" class=\"fas fa-user\"><\/i>\t\t\t\t\t\t<\/span>\n\t\t\t\t\t\t\t\t\t\t<span class=\"elementor-icon-list-text\">General Manager : Philippe de Saporta<\/span>\n\t\t\t\t\t\t\t\t\t<\/li>\n\t\t\t\t\t\t\t\t<li class=\"elementor-icon-list-item\">\n\t\t\t\t\t\t\t\t\t\t\t<span class=\"elementor-icon-list-icon\">\n\t\t\t\t\t\t\t<i aria-hidden=\"true\" class=\"fas fa-home\"><\/i>\t\t\t\t\t\t<\/span>\n\t\t\t\t\t\t\t\t\t\t<span class=\"elementor-icon-list-text\">Skydoo | Risc Belgium<\/span>\n\t\t\t\t\t\t\t\t\t<\/li>\n\t\t\t\t\t\t\t\t<li class=\"elementor-icon-list-item\">\n\t\t\t\t\t\t\t\t\t\t\t<a href=\"https:\/\/www.google.com\/maps\/place\/skydoo\/@50.7958783,4.3279308,17z\/data=!3m1!4b1!4m5!3m4!1s0x47c3c5b9dd5d2871:0x80407d996ff02d8a!8m2!3d50.7958749!4d4.3301195\" target=\"_blank\" rel=\"noopener\">\n\n\t\t\t\t\t\t\t\t\t\t\t\t<span class=\"elementor-icon-list-icon\">\n\t\t\t\t\t\t\t<i aria-hidden=\"true\" class=\"fas fa-map-marker-alt\"><\/i>\t\t\t\t\t\t<\/span>\n\t\t\t\t\t\t\t\t\t\t<span class=\"elementor-icon-list-text\">Rue de Stalle 140, 1180 Uccle - Belgique<\/span>\n\t\t\t\t\t\t\t\t\t\t\t<\/a>\n\t\t\t\t\t\t\t\t\t<\/li>\n\t\t\t\t\t\t\t\t<li class=\"elementor-icon-list-item\">\n\t\t\t\t\t\t\t\t\t\t\t<a href=\"tel:003222900940\">\n\n\t\t\t\t\t\t\t\t\t\t\t\t<span class=\"elementor-icon-list-icon\">\n\t\t\t\t\t\t\t<i aria-hidden=\"true\" class=\"fas fa-phone-alt\"><\/i>\t\t\t\t\t\t<\/span>\n\t\t\t\t\t\t\t\t\t\t<span class=\"elementor-icon-list-text\">+32 (0)2 290 09 40<\/span>\n\t\t\t\t\t\t\t\t\t\t\t<\/a>\n\t\t\t\t\t\t\t\t\t<\/li>\n\t\t\t\t\t\t\t\t<li class=\"elementor-icon-list-item\">\n\t\t\t\t\t\t\t\t\t\t\t<a href=\"tel:003222900949\">\n\n\t\t\t\t\t\t\t\t\t\t\t\t<span class=\"elementor-icon-list-icon\">\n\t\t\t\t\t\t\t<i aria-hidden=\"true\" class=\"fas fa-fax\"><\/i>\t\t\t\t\t\t<\/span>\n\t\t\t\t\t\t\t\t\t\t<span class=\"elementor-icon-list-text\">+32 (0)2 290 09 49<\/span>\n\t\t\t\t\t\t\t\t\t\t\t<\/a>\n\t\t\t\t\t\t\t\t\t<\/li>\n\t\t\t\t\t\t\t\t<li class=\"elementor-icon-list-item\">\n\t\t\t\t\t\t\t\t\t\t\t<a href=\"mailto:support@skydoo.com\">\n\n\t\t\t\t\t\t\t\t\t\t\t\t<span class=\"elementor-icon-list-icon\">\n\t\t\t\t\t\t\t<i aria-hidden=\"true\" class=\"far fa-envelope\"><\/i>\t\t\t\t\t\t<\/span>\n\t\t\t\t\t\t\t\t\t\t<span class=\"elementor-icon-list-text\">support@skydoo.com<\/span>\n\t\t\t\t\t\t\t\t\t\t\t<\/a>\n\t\t\t\t\t\t\t\t\t<\/li>\n\t\t\t\t\t\t\t\t<li class=\"elementor-icon-list-item\">\n\t\t\t\t\t\t\t\t\t\t\t<span class=\"elementor-icon-list-icon\">\n\t\t\t\t\t\t\t<i aria-hidden=\"true\" class=\"fas fa-bookmark\"><\/i>\t\t\t\t\t\t<\/span>\n\t\t\t\t\t\t\t\t\t\t<span class=\"elementor-icon-list-text\">BCE : 0478.085.482<\/span>\n\t\t\t\t\t\t\t\t\t<\/li>\n\t\t\t\t\t\t<\/ul>\n\t\t\t\t\t\t<\/div>\n\t\t\t\t<\/div>\n\t\t\t\t\t<\/div>\n\t\t<\/div>\n\t\t\t\t\t<\/div>\n\t\t<\/section>\n\t\t\t\t<div class=\"elementor-element elementor-element-04a743d elementor-widget elementor-widget-heading\" data-id=\"04a743d\" data-element_type=\"widget\" data-e-type=\"widget\" data-widget_type=\"heading.default\">\n\t\t\t\t<div class=\"elementor-widget-container\">\n\t\t\t\t\t<h2 class=\"elementor-heading-title elementor-size-default\">2. R\u00e9f\u00e9rences et liens<\/h2>\t\t\t\t<\/div>\n\t\t\t\t<\/div>\n\t\t\t\t<div class=\"elementor-element elementor-element-b9bf586 elementor-widget elementor-widget-text-editor\" data-id=\"b9bf586\" data-element_type=\"widget\" data-e-type=\"widget\" data-widget_type=\"text-editor.default\">\n\t\t\t\t<div class=\"elementor-widget-container\">\n\t\t\t\t\t\t\t\t\t<p>En cas de renvois directs ou indirects vers des sites Internet tiers (\u00ab liens hypertextes \u00bb) ne relevant pas de la responsabilit\u00e9 de l\u2019auteur, une obligation de responsabilit\u00e9 entrerait uniquement en vigueur dans la mesure o\u00f9 l\u2019auteur aurait express\u00e9ment connu le contenu et que techniquement il eut pu raisonnablement en emp\u00eacher l\u2019usage en cas de contenu illicite. L\u2019auteur d\u00e9clare donc express\u00e9ment qu\u2019au moment de la cr\u00e9ation des liens, aucun contenu illicite n\u2019a pu \u00eatre constat\u00e9 sur les pages en question. L\u2019auteur n\u2019exerce pas la moindre influence sur la mise en page, les contenus et les droits d\u2019auteur actuels et \u00e0 venir des sites vers lesquels renvoient les liens, et de ce fait se d\u00e9gage express\u00e9ment de tout contenu de pages r\u00e9f\u00e9renc\u00e9es qui aurait \u00e9t\u00e9 modifi\u00e9 apr\u00e8s l\u2019\u00e9tablissement des liens. Cette d\u00e9claration s\u2019applique non seulement \u00e0 l\u2019ensemble des liens et renvois de notre site Internet, mais aussi aux entr\u00e9es dans notre livre d\u2019or, forums de discussion et listes de diffusion. Seul l\u2019auteur du site vers lequel les liens renvoient, et non pas la personne qui se contente de mentionner ces liens, est responsable pour tout contenu ill\u00e9gal, erron\u00e9 ou incomplet et en particulier pour les dommages qui r\u00e9sulteraient de l\u2019utilisation ou de la non utilisation de telles informations.<\/p>\t\t\t\t\t\t\t\t<\/div>\n\t\t\t\t<\/div>\n\t\t\t\t<div class=\"elementor-element elementor-element-4bc00f9 elementor-widget elementor-widget-heading\" data-id=\"4bc00f9\" data-element_type=\"widget\" data-e-type=\"widget\" data-widget_type=\"heading.default\">\n\t\t\t\t<div class=\"elementor-widget-container\">\n\t\t\t\t\t<h2 class=\"elementor-heading-title elementor-size-default\">3. Droit d\u2019auteur et d\u2019\u00e9tiquetage<\/h2>\t\t\t\t<\/div>\n\t\t\t\t<\/div>\n\t\t\t\t<div class=\"elementor-element elementor-element-58f1f10 elementor-widget elementor-widget-text-editor\" data-id=\"58f1f10\" data-element_type=\"widget\" data-e-type=\"widget\" data-widget_type=\"text-editor.default\">\n\t\t\t\t<div class=\"elementor-widget-container\">\n\t\t\t\t\t\t\t\t\t<p>Pour chaque publication, l\u2019auteur met tout en \u0153uvre afin de respecter les droits d\u2019auteur des images, graphiques, documents sonores, s\u00e9quences vid\u00e9o et textes utilis\u00e9s. Il s\u2019engage \u00e0 faire usage de ses propres images, graphiques, documents sonores, s\u00e9quences vid\u00e9o et textes, ou de faire appel \u00e0 des images, graphiques, documents sonores, s\u00e9quences vid\u00e9o et textes libres de droits. Tous les symboles et marques commerciales pr\u00e9sents sur ce site web et, le cas \u00e9ch\u00e9ant, prot\u00e9g\u00e9s par des parties tierces sont soumis sans restriction aux dispositions de la loi sur la marque commerciale actuellement en vigueur et aux droits de propri\u00e9t\u00e9 des b\u00e9n\u00e9ficiaires enregistr\u00e9s. Le seul fait d\u2019en faire mention ne permet pas de conclure que la marque n\u2019est pas juridiquement prot\u00e9g\u00e9e au profit de tiers ! Les droits d\u2019auteur en rapport avec des publications cr\u00e9\u00e9es par l\u2019auteur lui-m\u00eame sont r\u00e9serv\u00e9s \u00e0 l\u2019auteur des sites en question. Toute reproduction ou utilisation de graphiques, documents sonores, s\u00e9quences vid\u00e9o et textes dans d\u2019autres publications \u00e9lectroniques est interdite sans l\u2019autorisation explicite de l\u2019auteur.<\/p>\t\t\t\t\t\t\t\t<\/div>\n\t\t\t\t<\/div>\n\t\t\t\t\t<\/div>\n\t\t<\/div>\n\t\t\t\t\t<\/div>\n\t\t<\/section>\n\t\t\t\t<\/div>\n\t\t","protected":false},"excerpt":{"rendered":"<p>1. Contenu de l\u2019offre en ligne L\u2019auteur ne peut \u00eatre tenu responsable de tout pr\u00e9judice li\u00e9 \u00e0 l\u2019actualisation, l\u2019exactitude, l\u2019exhaustivit\u00e9 ou la qualit\u00e9 des informations fournies. Nous d\u00e9clinons, d\u2019une mani\u00e8re g\u00e9n\u00e9rale, toute revendication de responsabilit\u00e9 contre l\u2019auteur de dommages mat\u00e9riels ou non, cons\u00e9cutifs \u00e0 l\u2019utilisation ou la non\u2013utilisation des informations publi\u00e9es, ou \u00e0 l\u2019utilisation de [&hellip;]<\/p>\n","protected":false},"author":1,"featured_media":0,"parent":0,"menu_order":0,"comment_status":"closed","ping_status":"closed","template":"elementor_header_footer","meta":{"footnotes":""},"class_list":["post-66","page","type-page","status-publish","hentry"],"_links":{"self":[{"href":"https:\/\/skydoo.com\/fr\/wp-json\/wp\/v2\/pages\/66","targetHints":{"allow":["GET"]}}],"collection":[{"href":"https:\/\/skydoo.com\/fr\/wp-json\/wp\/v2\/pages"}],"about":[{"href":"https:\/\/skydoo.com\/fr\/wp-json\/wp\/v2\/types\/page"}],"author":[{"embeddable":true,"href":"https:\/\/skydoo.com\/fr\/wp-json\/wp\/v2\/users\/1"}],"replies":[{"embeddable":true,"href":"https:\/\/skydoo.com\/fr\/wp-json\/wp\/v2\/comments?post=66"}],"version-history":[{"count":0,"href":"https:\/\/skydoo.com\/fr\/wp-json\/wp\/v2\/pages\/66\/revisions"}],"wp:attachment":[{"href":"https:\/\/skydoo.com\/fr\/wp-json\/wp\/v2\/media?parent=66"}],"curies":[{"name":"wp","href":"https:\/\/api.w.org\/{rel}","templated":true}]}}