{"id":29,"date":"2021-05-03T07:24:14","date_gmt":"2021-05-03T07:24:14","guid":{"rendered":"https:\/\/skydoo.com\/?page_id=29"},"modified":"2021-05-19T08:38:06","modified_gmt":"2021-05-19T08:38:06","slug":"web-development","status":"publish","type":"page","link":"https:\/\/skydoo.com\/nl\/communicatie\/web-development\/","title":{"rendered":"Web development"},"content":{"rendered":"<div data-elementor-type=\"wp-page\" data-elementor-id=\"29\" class=\"elementor elementor-29\" data-elementor-post-type=\"page\">\n\t\t\t\t\t\t<section class=\"elementor-section elementor-top-section elementor-element elementor-element-93d846a elementor-section-height-min-height elementor-section-items-stretch elementor-section-boxed elementor-section-height-default\" data-id=\"93d846a\" data-element_type=\"section\" data-e-type=\"section\" data-settings=\"{&quot;background_background&quot;:&quot;classic&quot;}\">\n\t\t\t\t\t\t\t<div class=\"elementor-background-overlay\"><\/div>\n\t\t\t\t\t\t\t<div class=\"elementor-container elementor-column-gap-default\">\n\t\t\t\t\t<div class=\"elementor-column elementor-col-66 elementor-top-column elementor-element elementor-element-83829e4\" data-id=\"83829e4\" data-element_type=\"column\" data-e-type=\"column\">\n\t\t\t<div class=\"elementor-widget-wrap elementor-element-populated\">\n\t\t\t\t\t\t<div class=\"elementor-element elementor-element-1bef741 elementor-widget elementor-widget-shortcode\" data-id=\"1bef741\" data-element_type=\"widget\" data-e-type=\"widget\" data-widget_type=\"shortcode.default\">\n\t\t\t\t<div class=\"elementor-widget-container\">\n\t\t\t\t\t\t\t<div class=\"elementor-shortcode\"><nav aria-label=\"breadcrumbs\" class=\"rank-math-breadcrumb\"><p><span class=\"last\">Home<\/span><\/p><\/nav><\/div>\n\t\t\t\t\t\t<\/div>\n\t\t\t\t<\/div>\n\t\t\t\t<div class=\"elementor-element elementor-element-e882e8e elementor-widget elementor-widget-heading\" data-id=\"e882e8e\" data-element_type=\"widget\" data-e-type=\"widget\" data-widget_type=\"heading.default\">\n\t\t\t\t<div class=\"elementor-widget-container\">\n\t\t\t\t\t<h1 class=\"elementor-heading-title elementor-size-default\">Web development<\/h1>\t\t\t\t<\/div>\n\t\t\t\t<\/div>\n\t\t\t\t<div class=\"elementor-element elementor-element-b4040c8 elementor-widget elementor-widget-text-editor\" data-id=\"b4040c8\" data-element_type=\"widget\" data-e-type=\"widget\" data-widget_type=\"text-editor.default\">\n\t\t\t\t<div class=\"elementor-widget-container\">\n\t\t\t\t\t\t\t\t\t<p>Een website laten maken of webshop starten? Check! De webdesigners van Skydoo lanceren uw website op maat. Ontdek betaalbaar webdevelopment en verover uw plek online.<\/p>\t\t\t\t\t\t\t\t<\/div>\n\t\t\t\t<\/div>\n\t\t\t\t\t<\/div>\n\t\t<\/div>\n\t\t\t\t<div class=\"elementor-column elementor-col-33 elementor-top-column elementor-element elementor-element-067bacb\" data-id=\"067bacb\" data-element_type=\"column\" data-e-type=\"column\">\n\t\t\t<div class=\"elementor-widget-wrap\">\n\t\t\t\t\t\t\t<\/div>\n\t\t<\/div>\n\t\t\t\t\t<\/div>\n\t\t<\/section>\n\t\t\t\t<section class=\"elementor-section elementor-top-section elementor-element elementor-element-e7ef366 elementor-section-boxed elementor-section-height-default elementor-section-height-default\" data-id=\"e7ef366\" data-element_type=\"section\" data-e-type=\"section\">\n\t\t\t\t\t\t<div class=\"elementor-container elementor-column-gap-default\">\n\t\t\t\t\t<div class=\"elementor-column elementor-col-100 elementor-top-column elementor-element elementor-element-65fe05f\" data-id=\"65fe05f\" data-element_type=\"column\" data-e-type=\"column\">\n\t\t\t<div class=\"elementor-widget-wrap elementor-element-populated\">\n\t\t\t\t\t\t<div class=\"elementor-element elementor-element-9b5c4a3 elementor-widget elementor-widget-heading\" data-id=\"9b5c4a3\" data-element_type=\"widget\" data-e-type=\"widget\" data-widget_type=\"heading.default\">\n\t\t\t\t<div class=\"elementor-widget-container\">\n\t\t\t\t\t<h2 class=\"elementor-heading-title elementor-size-default\">UW WEBSITE ONTWIKKELEN<\/h2>\t\t\t\t<\/div>\n\t\t\t\t<\/div>\n\t\t\t\t<div class=\"elementor-element elementor-element-7d2ad70 elementor-widget elementor-widget-heading\" data-id=\"7d2ad70\" data-element_type=\"widget\" data-e-type=\"widget\" data-widget_type=\"heading.default\">\n\t\t\t\t<div class=\"elementor-widget-container\">\n\t\t\t\t\t<p class=\"elementor-heading-title elementor-size-default\">Is uw bedrijfswebsite dringend aan een update toe? Staat u te trappelen om een webshop te starten maar weet u niet waar te beginnen? Wilt u domeinnamen registeren voor uw onderneming? Op zoek naar een professioneel webbureau?<\/p>\t\t\t\t<\/div>\n\t\t\t\t<\/div>\n\t\t\t\t\t<\/div>\n\t\t<\/div>\n\t\t\t\t\t<\/div>\n\t\t<\/section>\n\t\t\t\t<section class=\"elementor-section elementor-top-section elementor-element elementor-element-f8c1bb5 elementor-section-boxed elementor-section-height-default elementor-section-height-default\" data-id=\"f8c1bb5\" data-element_type=\"section\" data-e-type=\"section\">\n\t\t\t\t\t\t<div class=\"elementor-container elementor-column-gap-default\">\n\t\t\t\t\t<div class=\"elementor-column elementor-col-100 elementor-top-column elementor-element elementor-element-ae2eaef\" data-id=\"ae2eaef\" data-element_type=\"column\" data-e-type=\"column\">\n\t\t\t<div class=\"elementor-widget-wrap elementor-element-populated\">\n\t\t\t\t\t\t<section class=\"elementor-section elementor-inner-section elementor-element elementor-element-1b41ae9 elementor-section-content-middle elementor-reverse-mobile elementor-section-boxed elementor-section-height-default elementor-section-height-default\" data-id=\"1b41ae9\" data-element_type=\"section\" data-e-type=\"section\">\n\t\t\t\t\t\t<div class=\"elementor-container elementor-column-gap-wide\">\n\t\t\t\t\t<div class=\"elementor-column elementor-col-50 elementor-inner-column elementor-element elementor-element-ca4058f\" data-id=\"ca4058f\" data-element_type=\"column\" data-e-type=\"column\">\n\t\t\t<div class=\"elementor-widget-wrap elementor-element-populated\">\n\t\t\t\t\t\t<div class=\"elementor-element elementor-element-fbecf25 elementor-widget elementor-widget-heading\" data-id=\"fbecf25\" data-element_type=\"widget\" data-e-type=\"widget\" data-widget_type=\"heading.default\">\n\t\t\t\t<div class=\"elementor-widget-container\">\n\t\t\t\t\t<h2 class=\"elementor-heading-title elementor-size-default translation-block\">WEBDEVELOPMENT: BETAALBAAR \u00c9N RESPONSIEF<\/h2>\t\t\t\t<\/div>\n\t\t\t\t<\/div>\n\t\t\t\t<div class=\"elementor-element elementor-element-0574526 elementor-widget elementor-widget-text-editor\" data-id=\"0574526\" data-element_type=\"widget\" data-e-type=\"widget\" data-widget_type=\"text-editor.default\">\n\t\t\t\t<div class=\"elementor-widget-container\">\n\t\t\t\t\t\t\t\t\t<p>Onze webdesigners coderen, testen en lanceren met 200% dedication. Wij gaan aan de slag om uw online visitekaartje vorm te geven. Wilde websitedromen of geeft u ons carte blanche? Wij bedenken een mooi webdesign dat tiptop aansluit bij uw bedrijf. Uw toekomstige website of webshop wordt technisch geoptimaliseerd voor zoekmachines, laadt snel op ieder toestel en navigeert eenvoudig dankzij een heldere menustructuur. U wijzigt en publiceert zelf nieuwe info in enkele seconden tijd.<\/p>\t\t\t\t\t\t\t\t<\/div>\n\t\t\t\t<\/div>\n\t\t\t\t\t<\/div>\n\t\t<\/div>\n\t\t\t\t<div class=\"elementor-column elementor-col-50 elementor-inner-column elementor-element elementor-element-1f9145c\" data-id=\"1f9145c\" data-element_type=\"column\" data-e-type=\"column\">\n\t\t\t<div class=\"elementor-widget-wrap elementor-element-populated\">\n\t\t\t\t\t\t<div class=\"elementor-element elementor-element-bc367f4 elementor-widget elementor-widget-image\" data-id=\"bc367f4\" data-element_type=\"widget\" data-e-type=\"widget\" data-widget_type=\"image.default\">\n\t\t\t\t<div class=\"elementor-widget-container\">\n\t\t\t\t\t\t\t\t\t\t\t\t\t\t\t<img fetchpriority=\"high\" decoding=\"async\" width=\"1024\" height=\"683\" src=\"https:\/\/skydoo.com\/wp-content\/uploads\/SkydooDevWeb.png\" class=\"attachment-large size-large wp-image-810\" alt=\"Skydoo Solutions Developpement Site Web\" srcset=\"https:\/\/skydoo.com\/wp-content\/uploads\/SkydooDevWeb.png 1024w, https:\/\/skydoo.com\/wp-content\/uploads\/SkydooDevWeb-300x200.png 300w, https:\/\/skydoo.com\/wp-content\/uploads\/SkydooDevWeb-768x512.png 768w, https:\/\/skydoo.com\/wp-content\/uploads\/SkydooDevWeb-16x12.png 16w\" sizes=\"(max-width: 1024px) 100vw, 1024px\" title=\"| Skydoo\">\t\t\t\t\t\t\t\t\t\t\t\t\t\t\t<\/div>\n\t\t\t\t<\/div>\n\t\t\t\t\t<\/div>\n\t\t<\/div>\n\t\t\t\t\t<\/div>\n\t\t<\/section>\n\t\t\t\t<section class=\"elementor-section elementor-inner-section elementor-element elementor-element-1f53077 elementor-section-content-middle elementor-section-boxed elementor-section-height-default elementor-section-height-default\" data-id=\"1f53077\" data-element_type=\"section\" data-e-type=\"section\">\n\t\t\t\t\t\t<div class=\"elementor-container elementor-column-gap-wide\">\n\t\t\t\t\t<div class=\"elementor-column elementor-col-33 elementor-inner-column elementor-element elementor-element-f97ae0b\" data-id=\"f97ae0b\" data-element_type=\"column\" data-e-type=\"column\">\n\t\t\t<div class=\"elementor-widget-wrap elementor-element-populated\">\n\t\t\t\t\t\t<div class=\"elementor-element elementor-element-e951d41 elementor-widget elementor-widget-image\" data-id=\"e951d41\" data-element_type=\"widget\" data-e-type=\"widget\" data-widget_type=\"image.default\">\n\t\t\t\t<div class=\"elementor-widget-container\">\n\t\t\t\t\t\t\t\t\t\t\t\t\t\t\t<img decoding=\"async\" width=\"768\" height=\"512\" src=\"https:\/\/skydoo.com\/wp-content\/uploads\/SkydooWebshop.png\" class=\"attachment-large size-large wp-image-811\" alt=\"Skydoo Solutions Developpement Web\" srcset=\"https:\/\/skydoo.com\/wp-content\/uploads\/SkydooWebshop.png 768w, https:\/\/skydoo.com\/wp-content\/uploads\/SkydooWebshop-300x200.png 300w, https:\/\/skydoo.com\/wp-content\/uploads\/SkydooWebshop-16x12.png 16w\" sizes=\"(max-width: 768px) 100vw, 768px\" title=\"| Skydoo\">\t\t\t\t\t\t\t\t\t\t\t\t\t\t\t<\/div>\n\t\t\t\t<\/div>\n\t\t\t\t\t<\/div>\n\t\t<\/div>\n\t\t\t\t<div class=\"elementor-column elementor-col-66 elementor-inner-column elementor-element elementor-element-55a36e8\" data-id=\"55a36e8\" data-element_type=\"column\" data-e-type=\"column\">\n\t\t\t<div class=\"elementor-widget-wrap elementor-element-populated\">\n\t\t\t\t\t\t<div class=\"elementor-element elementor-element-6c3da5a elementor-widget elementor-widget-heading\" data-id=\"6c3da5a\" data-element_type=\"widget\" data-e-type=\"widget\" data-widget_type=\"heading.default\">\n\t\t\t\t<div class=\"elementor-widget-container\">\n\t\t\t\t\t<h2 class=\"elementor-heading-title elementor-size-default\">WEBSHOP LATEN MAKEN? CHECK<\/h2>\t\t\t\t<\/div>\n\t\t\t\t<\/div>\n\t\t\t\t<div class=\"elementor-element elementor-element-ea9c8fa elementor-widget elementor-widget-text-editor\" data-id=\"ea9c8fa\" data-element_type=\"widget\" data-e-type=\"widget\" data-widget_type=\"text-editor.default\">\n\t\t\t\t<div class=\"elementor-widget-container\">\n\t\t\t\t\t\t\t\t\t<p>Heeft u nog geen webshop? Zet samen met onze Skydoo\u2019s uw digitale voordeur wijd open en etaleer uw producten of diensten online. Wij zetten een professionele webwinkel op poten in een strak design dat matcht met uw branding. Achter de schermen kan u opvolgen welke producten vlot verkopen, via welke online module betaald werd en wie zich inschreef op uw nieuwsbrief. Zelf producten toevoegen of foto\u2019s vervangen? Super easy! Laat een user friendly webshop maken en win tijd voor uw core business.<\/p>\t\t\t\t\t\t\t\t<\/div>\n\t\t\t\t<\/div>\n\t\t\t\t\t<\/div>\n\t\t<\/div>\n\t\t\t\t\t<\/div>\n\t\t<\/section>\n\t\t\t\t\t<\/div>\n\t\t<\/div>\n\t\t\t\t\t<\/div>\n\t\t<\/section>\n\t\t\t\t<section class=\"elementor-section elementor-top-section elementor-element elementor-element-c26f631 elementor-section-boxed elementor-section-height-default elementor-section-height-default\" data-id=\"c26f631\" data-element_type=\"section\" data-e-type=\"section\" data-settings=\"{&quot;background_background&quot;:&quot;classic&quot;}\">\n\t\t\t\t\t\t\t<div class=\"elementor-background-overlay\"><\/div>\n\t\t\t\t\t\t\t<div class=\"elementor-container elementor-column-gap-default\">\n\t\t\t\t\t<div class=\"elementor-column elementor-col-100 elementor-top-column elementor-element elementor-element-368a0f8\" data-id=\"368a0f8\" data-element_type=\"column\" data-e-type=\"column\">\n\t\t\t<div class=\"elementor-widget-wrap elementor-element-populated\">\n\t\t\t\t\t\t<div class=\"elementor-element elementor-element-8f9c8af elementor-widget elementor-widget-heading\" data-id=\"8f9c8af\" data-element_type=\"widget\" data-e-type=\"widget\" data-widget_type=\"heading.default\">\n\t\t\t\t<div class=\"elementor-widget-container\">\n\t\t\t\t\t<h3 class=\"elementor-heading-title elementor-size-default\">UW PLEK ONLINE VEROVEREN?<\/h3>\t\t\t\t<\/div>\n\t\t\t\t<\/div>\n\t\t\t\t<div class=\"elementor-element elementor-element-58019fc elementor-align-center elementor-widget elementor-widget-button\" data-id=\"58019fc\" data-element_type=\"widget\" data-e-type=\"widget\" data-widget_type=\"button.default\">\n\t\t\t\t<div class=\"elementor-widget-container\">\n\t\t\t\t\t\t\t\t\t<div class=\"elementor-button-wrapper\">\n\t\t\t\t\t<a class=\"elementor-button elementor-button-link elementor-size-sm\" href=\"https:\/\/skydoo.com\/nl\/contact\/\">\n\t\t\t\t\t\t<span class=\"elementor-button-content-wrapper\">\n\t\t\t\t\t\t\t\t\t<span class=\"elementor-button-text\">NEEM CONTACT OP VOOR WEBDEVELOPMENT<\/span>\n\t\t\t\t\t<\/span>\n\t\t\t\t\t<\/a>\n\t\t\t\t<\/div>\n\t\t\t\t\t\t\t\t<\/div>\n\t\t\t\t<\/div>\n\t\t\t\t\t<\/div>\n\t\t<\/div>\n\t\t\t\t\t<\/div>\n\t\t<\/section>\n\t\t\t\t<\/div>","protected":false},"excerpt":{"rendered":"<p>Cr\u00e9er un site web ou lancer un webshop ? Check! Les web designers de Skydoo s\u2019occupent de mettre votre site en ligne. D\u00e9couvrez notre proposition de d\u00e9veloppement web. D\u00c9VELOPPEr votre site web Votre site web a besoin d\u2019une mise \u00e0 jour ? Vous voulez cr\u00e9er un webshop, mais par o\u00f9 commencer ? Vous souhaitez enregistrer [&hellip;]<\/p>","protected":false},"author":1,"featured_media":810,"parent":27,"menu_order":0,"comment_status":"closed","ping_status":"closed","template":"elementor_header_footer","meta":{"footnotes":""},"class_list":["post-29","page","type-page","status-publish","has-post-thumbnail","hentry"],"_links":{"self":[{"href":"https:\/\/skydoo.com\/nl\/wp-json\/wp\/v2\/pages\/29","targetHints":{"allow":["GET"]}}],"collection":[{"href":"https:\/\/skydoo.com\/nl\/wp-json\/wp\/v2\/pages"}],"about":[{"href":"https:\/\/skydoo.com\/nl\/wp-json\/wp\/v2\/types\/page"}],"author":[{"embeddable":true,"href":"https:\/\/skydoo.com\/nl\/wp-json\/wp\/v2\/users\/1"}],"replies":[{"embeddable":true,"href":"https:\/\/skydoo.com\/nl\/wp-json\/wp\/v2\/comments?post=29"}],"version-history":[{"count":0,"href":"https:\/\/skydoo.com\/nl\/wp-json\/wp\/v2\/pages\/29\/revisions"}],"up":[{"embeddable":true,"href":"https:\/\/skydoo.com\/nl\/wp-json\/wp\/v2\/pages\/27"}],"wp:featuredmedia":[{"embeddable":true,"href":"https:\/\/skydoo.com\/nl\/wp-json\/wp\/v2\/media\/810"}],"wp:attachment":[{"href":"https:\/\/skydoo.com\/nl\/wp-json\/wp\/v2\/media?parent=29"}],"curies":[{"name":"wp","href":"https:\/\/api.w.org\/{rel}","templated":true}]}}