{"id":5051,"date":"2023-09-15T16:12:48","date_gmt":"2023-09-15T14:12:48","guid":{"rendered":"https:\/\/skydoo.com\/?page_id=5051"},"modified":"2024-08-22T12:04:22","modified_gmt":"2024-08-22T10:04:22","slug":"exact-online","status":"publish","type":"page","link":"https:\/\/skydoo.com\/nl\/business-software\/comptabilite\/exact-online\/","title":{"rendered":"Exact Online Boekhouding"},"content":{"rendered":"<div data-elementor-type=\"wp-page\" data-elementor-id=\"5051\" class=\"elementor elementor-5051\" data-elementor-post-type=\"page\">\n\t\t\t\t\t\t<section class=\"elementor-section elementor-top-section elementor-element elementor-element-f744c6f elementor-section-height-min-height elementor-section-items-stretch elementor-section-boxed elementor-section-height-default\" data-id=\"f744c6f\" data-element_type=\"section\" data-e-type=\"section\" data-settings=\"{&quot;background_background&quot;:&quot;classic&quot;}\">\n\t\t\t\t\t\t\t<div class=\"elementor-background-overlay\"><\/div>\n\t\t\t\t\t\t\t<div class=\"elementor-container elementor-column-gap-default\">\n\t\t\t\t\t<div class=\"elementor-column elementor-col-66 elementor-top-column elementor-element elementor-element-380020c\" data-id=\"380020c\" data-element_type=\"column\" data-e-type=\"column\">\n\t\t\t<div class=\"elementor-widget-wrap elementor-element-populated\">\n\t\t\t\t\t\t<div class=\"elementor-element elementor-element-1f1aa5a elementor-widget elementor-widget-shortcode\" data-id=\"1f1aa5a\" data-element_type=\"widget\" data-e-type=\"widget\" data-widget_type=\"shortcode.default\">\n\t\t\t\t<div class=\"elementor-widget-container\">\n\t\t\t\t\t\t\t<div class=\"elementor-shortcode\"><nav aria-label=\"breadcrumbs\" class=\"rank-math-breadcrumb\"><p><span class=\"last\">Home<\/span><\/p><\/nav><\/div>\n\t\t\t\t\t\t<\/div>\n\t\t\t\t<\/div>\n\t\t\t\t<div class=\"elementor-element elementor-element-ec86479 elementor-widget elementor-widget-heading\" data-id=\"ec86479\" data-element_type=\"widget\" data-e-type=\"widget\" data-widget_type=\"heading.default\">\n\t\t\t\t<div class=\"elementor-widget-container\">\n\t\t\t\t\t<h1 class=\"elementor-heading-title elementor-size-default\">Exact Online Boekhouding<\/h1>\t\t\t\t<\/div>\n\t\t\t\t<\/div>\n\t\t\t\t\t<\/div>\n\t\t<\/div>\n\t\t\t\t<div class=\"elementor-column elementor-col-33 elementor-top-column elementor-element elementor-element-6286243\" data-id=\"6286243\" data-element_type=\"column\" data-e-type=\"column\">\n\t\t\t<div class=\"elementor-widget-wrap\">\n\t\t\t\t\t\t\t<\/div>\n\t\t<\/div>\n\t\t\t\t\t<\/div>\n\t\t<\/section>\n\t\t\t\t<section class=\"elementor-section elementor-top-section elementor-element elementor-element-7298308 elementor-section-boxed elementor-section-height-default elementor-section-height-default\" data-id=\"7298308\" data-element_type=\"section\" data-e-type=\"section\">\n\t\t\t\t\t\t<div class=\"elementor-container elementor-column-gap-default\">\n\t\t\t\t\t<div class=\"elementor-column elementor-col-100 elementor-top-column elementor-element elementor-element-aa608d1\" data-id=\"aa608d1\" data-element_type=\"column\" data-e-type=\"column\">\n\t\t\t<div class=\"elementor-widget-wrap elementor-element-populated\">\n\t\t\t\t\t\t<div class=\"elementor-element elementor-element-9fa2108 elementor-widget elementor-widget-heading\" data-id=\"9fa2108\" data-element_type=\"widget\" data-e-type=\"widget\" data-widget_type=\"heading.default\">\n\t\t\t\t<div class=\"elementor-widget-container\">\n\t\t\t\t\t<h2 class=\"elementor-heading-title elementor-size-default\">De alles-in-\u00e9\u00e9n oplossing voor moderne en flexibele boekhouding<\/h2>\t\t\t\t<\/div>\n\t\t\t\t<\/div>\n\t\t\t\t<div class=\"elementor-element elementor-element-04d732a elementor-widget elementor-widget-text-editor\" data-id=\"04d732a\" data-element_type=\"widget\" data-e-type=\"widget\" data-widget_type=\"text-editor.default\">\n\t\t\t\t<div class=\"elementor-widget-container\">\n\t\t\t\t\t\t\t\t\t<p>Exact Online is het ideale platform voor elk bedrijf dat zijn boekhouding wil digitaliseren. Ontdek de voordelen:<\/p><p>\u00a0<\/p><ul><li>Geavanceerde automatisering: Verminder uw administratieve lasten met sterk geautomatiseerde processen.<\/li><li>Mobiele toegang: Beheer uw boekhouding waar u ook bent dankzij beveiligde mobiele toegang.<\/li><li>Eenvoudige integratie: Integreer Exact Online gemakkelijk met andere zakelijke tools voor gecentraliseerd beheer.<\/li><li>Regelgevende naleving: Zorg voor naleving van Belgische en internationale boekhoudnormen dankzij regelmatige updates.<\/li><\/ul>\t\t\t\t\t\t\t\t<\/div>\n\t\t\t\t<\/div>\n\t\t\t\t<div class=\"elementor-element elementor-element-a916ac5 elementor-align-center elementor-widget elementor-widget-button\" data-id=\"a916ac5\" data-element_type=\"widget\" data-e-type=\"widget\" data-widget_type=\"button.default\">\n\t\t\t\t<div class=\"elementor-widget-container\">\n\t\t\t\t\t\t\t\t\t<div class=\"elementor-button-wrapper\">\n\t\t\t\t\t<a class=\"elementor-button elementor-button-link elementor-size-sm\" href=\"https:\/\/start.exactonline.be\/docs\/websitesubscription.aspx?bcaction=0&#038;type=12&#038;docbasename=websitecontainer&#038;FixedPackage=%7be9a39ae3-d4bd-4214-bbe0-c53c930bb921%7d&#038;Reseller=%7b80ec37b1-6181-4e6e-8494-849c1c411dc7%7d&#038;language=FR-BE&#038;_Division_=922691\" target=\"_blank\" rel=\"noopener\">\n\t\t\t\t\t\t<span class=\"elementor-button-content-wrapper\">\n\t\t\t\t\t\t\t\t\t<span class=\"elementor-button-text\">Faire un essai gratuit &gt;&gt;<\/span>\n\t\t\t\t\t<\/span>\n\t\t\t\t\t<\/a>\n\t\t\t\t<\/div>\n\t\t\t\t\t\t\t\t<\/div>\n\t\t\t\t<\/div>\n\t\t\t\t\t<\/div>\n\t\t<\/div>\n\t\t\t\t\t<\/div>\n\t\t<\/section>\n\t\t\t\t<\/div>","protected":false},"excerpt":{"rendered":"<p>La solution tout-en-un pour une comptabilit\u00e9 moderne et flexible Exact Online est la plateforme id\u00e9ale pour toute entreprise cherchant \u00e0 digitaliser sa comptabilit\u00e9. D\u00e9couvrez ses avantages : \u00a0 Automatisation avanc\u00e9e : R\u00e9duisez vos charges administratives gr\u00e2ce \u00e0 des processus hautement automatis\u00e9s. Acc\u00e8s mobile : G\u00e9rez votre comptabilit\u00e9 o\u00f9 que vous soyez gr\u00e2ce \u00e0 l&#8217;acc\u00e8s mobile [&hellip;]<\/p>","protected":false},"author":1,"featured_media":0,"parent":5030,"menu_order":0,"comment_status":"closed","ping_status":"closed","template":"","meta":{"footnotes":""},"class_list":["post-5051","page","type-page","status-publish","hentry"],"_links":{"self":[{"href":"https:\/\/skydoo.com\/nl\/wp-json\/wp\/v2\/pages\/5051","targetHints":{"allow":["GET"]}}],"collection":[{"href":"https:\/\/skydoo.com\/nl\/wp-json\/wp\/v2\/pages"}],"about":[{"href":"https:\/\/skydoo.com\/nl\/wp-json\/wp\/v2\/types\/page"}],"author":[{"embeddable":true,"href":"https:\/\/skydoo.com\/nl\/wp-json\/wp\/v2\/users\/1"}],"replies":[{"embeddable":true,"href":"https:\/\/skydoo.com\/nl\/wp-json\/wp\/v2\/comments?post=5051"}],"version-history":[{"count":0,"href":"https:\/\/skydoo.com\/nl\/wp-json\/wp\/v2\/pages\/5051\/revisions"}],"up":[{"embeddable":true,"href":"https:\/\/skydoo.com\/nl\/wp-json\/wp\/v2\/pages\/5030"}],"wp:attachment":[{"href":"https:\/\/skydoo.com\/nl\/wp-json\/wp\/v2\/media?parent=5051"}],"curies":[{"name":"wp","href":"https:\/\/api.w.org\/{rel}","templated":true}]}}