{"id":5095,"date":"2023-09-15T16:34:42","date_gmt":"2023-09-15T14:34:42","guid":{"rendered":"https:\/\/skydoo.com\/?page_id=5095"},"modified":"2024-08-22T12:19:03","modified_gmt":"2024-08-22T10:19:03","slug":"exact-online","status":"publish","type":"page","link":"https:\/\/skydoo.com\/nl\/business-software\/devis-facture\/exact-online\/","title":{"rendered":"Exact Online Offerte\/Factuur"},"content":{"rendered":"<div data-elementor-type=\"wp-page\" data-elementor-id=\"5095\" class=\"elementor elementor-5095\" data-elementor-post-type=\"page\">\n\t\t\t\t\t\t<section class=\"elementor-section elementor-top-section elementor-element elementor-element-3f3625c elementor-section-height-min-height elementor-section-items-stretch elementor-section-boxed elementor-section-height-default\" data-id=\"3f3625c\" data-element_type=\"section\" data-e-type=\"section\" data-settings=\"{&quot;background_background&quot;:&quot;classic&quot;}\">\n\t\t\t\t\t\t\t<div class=\"elementor-background-overlay\"><\/div>\n\t\t\t\t\t\t\t<div class=\"elementor-container elementor-column-gap-default\">\n\t\t\t\t\t<div class=\"elementor-column elementor-col-66 elementor-top-column elementor-element elementor-element-8439ba2\" data-id=\"8439ba2\" data-element_type=\"column\" data-e-type=\"column\">\n\t\t\t<div class=\"elementor-widget-wrap elementor-element-populated\">\n\t\t\t\t\t\t<div class=\"elementor-element elementor-element-89b8ca6 elementor-widget elementor-widget-shortcode\" data-id=\"89b8ca6\" data-element_type=\"widget\" data-e-type=\"widget\" data-widget_type=\"shortcode.default\">\n\t\t\t\t<div class=\"elementor-widget-container\">\n\t\t\t\t\t\t\t<div class=\"elementor-shortcode\"><nav aria-label=\"breadcrumbs\" class=\"rank-math-breadcrumb\"><p><span class=\"last\">Home<\/span><\/p><\/nav><\/div>\n\t\t\t\t\t\t<\/div>\n\t\t\t\t<\/div>\n\t\t\t\t<div class=\"elementor-element elementor-element-cc1daf8 elementor-widget elementor-widget-heading\" data-id=\"cc1daf8\" data-element_type=\"widget\" data-e-type=\"widget\" data-widget_type=\"heading.default\">\n\t\t\t\t<div class=\"elementor-widget-container\">\n\t\t\t\t\t<h1 class=\"elementor-heading-title elementor-size-default\">Exact Online Offerte\/Factuur<\/h1>\t\t\t\t<\/div>\n\t\t\t\t<\/div>\n\t\t\t\t\t<\/div>\n\t\t<\/div>\n\t\t\t\t<div class=\"elementor-column elementor-col-33 elementor-top-column elementor-element elementor-element-408da20\" data-id=\"408da20\" data-element_type=\"column\" data-e-type=\"column\">\n\t\t\t<div class=\"elementor-widget-wrap\">\n\t\t\t\t\t\t\t<\/div>\n\t\t<\/div>\n\t\t\t\t\t<\/div>\n\t\t<\/section>\n\t\t\t\t<section class=\"elementor-section elementor-top-section elementor-element elementor-element-40430cf elementor-section-boxed elementor-section-height-default elementor-section-height-default\" data-id=\"40430cf\" data-element_type=\"section\" data-e-type=\"section\">\n\t\t\t\t\t\t<div class=\"elementor-container elementor-column-gap-default\">\n\t\t\t\t\t<div class=\"elementor-column elementor-col-100 elementor-top-column elementor-element elementor-element-e905e9a\" data-id=\"e905e9a\" data-element_type=\"column\" data-e-type=\"column\">\n\t\t\t<div class=\"elementor-widget-wrap elementor-element-populated\">\n\t\t\t\t\t\t<div class=\"elementor-element elementor-element-736775b elementor-widget elementor-widget-heading\" data-id=\"736775b\" data-element_type=\"widget\" data-e-type=\"widget\" data-widget_type=\"heading.default\">\n\t\t\t\t<div class=\"elementor-widget-container\">\n\t\t\t\t\t<h2 class=\"elementor-heading-title elementor-size-default\">De complete oplossing voor een geoptimaliseerd beheer van uw offertes en facturen<\/h2>\t\t\t\t<\/div>\n\t\t\t\t<\/div>\n\t\t\t\t<div class=\"elementor-element elementor-element-498fbba elementor-widget elementor-widget-text-editor\" data-id=\"498fbba\" data-element_type=\"widget\" data-e-type=\"widget\" data-widget_type=\"text-editor.default\">\n\t\t\t\t<div class=\"elementor-widget-container\">\n\t\t\t\t\t\t\t\t\t<p>Exact Online gaat verder dan alleen boekhouding; het is ook een krachtig hulpmiddel voor het beheren van uw offertes en facturen. Hier is wat de oplossing u kan bieden:<\/p><p>\u00a0<\/p><ul><li>Snelle offertecreatie: Maak professionele offertes aan in slechts enkele klikken.<\/li><li>Gemakkelijke conversie: Zet uw offertes gemakkelijk om in facturen zodra ze zijn goedgekeurd.<\/li><li>Duidelijk overzicht: Krijg een helder beeld van al uw transacties, van offertes tot betalingen.<\/li><li>Integratie met andere modules: Profiteer van eenvoudige integratie met andere Exact-modules voor een harmonieus bedrijfsbeheer.<\/li><\/ul>\t\t\t\t\t\t\t\t<\/div>\n\t\t\t\t<\/div>\n\t\t\t\t<div class=\"elementor-element elementor-element-6f189de elementor-align-center elementor-widget elementor-widget-button\" data-id=\"6f189de\" data-element_type=\"widget\" data-e-type=\"widget\" data-widget_type=\"button.default\">\n\t\t\t\t<div class=\"elementor-widget-container\">\n\t\t\t\t\t\t\t\t\t<div class=\"elementor-button-wrapper\">\n\t\t\t\t\t<a class=\"elementor-button elementor-button-link elementor-size-sm\" href=\"https:\/\/start.exactonline.be\/docs\/websitesubscription.aspx?bcaction=0&#038;type=10&#038;docbasename=websitecontainer&#038;FixedTerm=%7b50fdf625-42e0-41e4-ba00-e388aaa51bdf%7d&#038;Reseller=%7b80ec37b1-6181-4e6e-8494-849c1c411dc7%7d&#038;language=FR-BE&#038;_Division_=922691\" target=\"_blank\" rel=\"noopener\">\n\t\t\t\t\t\t<span class=\"elementor-button-content-wrapper\">\n\t\t\t\t\t\t\t\t\t<span class=\"elementor-button-text\">FAIRE UN ESSAI GRATUIT &gt;&gt;<\/span>\n\t\t\t\t\t<\/span>\n\t\t\t\t\t<\/a>\n\t\t\t\t<\/div>\n\t\t\t\t\t\t\t\t<\/div>\n\t\t\t\t<\/div>\n\t\t\t\t\t<\/div>\n\t\t<\/div>\n\t\t\t\t\t<\/div>\n\t\t<\/section>\n\t\t\t\t<\/div>","protected":false},"excerpt":{"rendered":"<p>La solution compl\u00e8te pour une gestion optimis\u00e9e de vos devis et factures Exact Online ne se limite pas \u00e0 la comptabilit\u00e9 ; c&#8217;est aussi un outil puissant pour g\u00e9rer vos devis et factures. Voici ce que la solution peut vous offrir : \u00a0 Cr\u00e9ation rapide de devis : \u00c9laborez des devis professionnels en quelques clics. [&hellip;]<\/p>","protected":false},"author":1,"featured_media":0,"parent":5084,"menu_order":0,"comment_status":"closed","ping_status":"closed","template":"","meta":{"footnotes":""},"class_list":["post-5095","page","type-page","status-publish","hentry"],"_links":{"self":[{"href":"https:\/\/skydoo.com\/nl\/wp-json\/wp\/v2\/pages\/5095","targetHints":{"allow":["GET"]}}],"collection":[{"href":"https:\/\/skydoo.com\/nl\/wp-json\/wp\/v2\/pages"}],"about":[{"href":"https:\/\/skydoo.com\/nl\/wp-json\/wp\/v2\/types\/page"}],"author":[{"embeddable":true,"href":"https:\/\/skydoo.com\/nl\/wp-json\/wp\/v2\/users\/1"}],"replies":[{"embeddable":true,"href":"https:\/\/skydoo.com\/nl\/wp-json\/wp\/v2\/comments?post=5095"}],"version-history":[{"count":0,"href":"https:\/\/skydoo.com\/nl\/wp-json\/wp\/v2\/pages\/5095\/revisions"}],"up":[{"embeddable":true,"href":"https:\/\/skydoo.com\/nl\/wp-json\/wp\/v2\/pages\/5084"}],"wp:attachment":[{"href":"https:\/\/skydoo.com\/nl\/wp-json\/wp\/v2\/media?parent=5095"}],"curies":[{"name":"wp","href":"https:\/\/api.w.org\/{rel}","templated":true}]}}