{"id":5137,"date":"2023-09-15T16:56:17","date_gmt":"2023-09-15T14:56:17","guid":{"rendered":"https:\/\/skydoo.com\/?page_id=5137"},"modified":"2024-10-04T15:01:21","modified_gmt":"2024-10-04T13:01:21","slug":"sage-100","status":"publish","type":"page","link":"https:\/\/skydoo.com\/nl\/business-software\/erp\/sage-100\/","title":{"rendered":"Sage 100"},"content":{"rendered":"<div data-elementor-type=\"wp-page\" data-elementor-id=\"5137\" class=\"elementor elementor-5137\" data-elementor-post-type=\"page\">\n\t\t\t\t\t\t<section class=\"elementor-section elementor-top-section elementor-element elementor-element-005748b elementor-section-height-min-height elementor-section-items-stretch elementor-section-boxed elementor-section-height-default\" data-id=\"005748b\" data-element_type=\"section\" data-e-type=\"section\" data-settings=\"{&quot;background_background&quot;:&quot;classic&quot;}\">\n\t\t\t\t\t\t\t<div class=\"elementor-background-overlay\"><\/div>\n\t\t\t\t\t\t\t<div class=\"elementor-container elementor-column-gap-default\">\n\t\t\t\t\t<div class=\"elementor-column elementor-col-66 elementor-top-column elementor-element elementor-element-dc7355a\" data-id=\"dc7355a\" data-element_type=\"column\" data-e-type=\"column\">\n\t\t\t<div class=\"elementor-widget-wrap elementor-element-populated\">\n\t\t\t\t\t\t<div class=\"elementor-element elementor-element-9501a69 elementor-widget elementor-widget-shortcode\" data-id=\"9501a69\" data-element_type=\"widget\" data-e-type=\"widget\" data-widget_type=\"shortcode.default\">\n\t\t\t\t<div class=\"elementor-widget-container\">\n\t\t\t\t\t\t\t<div class=\"elementor-shortcode\"><nav aria-label=\"breadcrumbs\" class=\"rank-math-breadcrumb\"><p><span class=\"last\">Home<\/span><\/p><\/nav><\/div>\n\t\t\t\t\t\t<\/div>\n\t\t\t\t<\/div>\n\t\t\t\t<div class=\"elementor-element elementor-element-2b05b8c elementor-widget elementor-widget-heading\" data-id=\"2b05b8c\" data-element_type=\"widget\" data-e-type=\"widget\" data-widget_type=\"heading.default\">\n\t\t\t\t<div class=\"elementor-widget-container\">\n\t\t\t\t\t<h1 class=\"elementor-heading-title elementor-size-default\">Sage 100<\/h1>\t\t\t\t<\/div>\n\t\t\t\t<\/div>\n\t\t\t\t\t<\/div>\n\t\t<\/div>\n\t\t\t\t<div class=\"elementor-column elementor-col-33 elementor-top-column elementor-element elementor-element-31935b1\" data-id=\"31935b1\" data-element_type=\"column\" data-e-type=\"column\">\n\t\t\t<div class=\"elementor-widget-wrap\">\n\t\t\t\t\t\t\t<\/div>\n\t\t<\/div>\n\t\t\t\t\t<\/div>\n\t\t<\/section>\n\t\t\t\t<section class=\"elementor-section elementor-top-section elementor-element elementor-element-80cefab elementor-section-boxed elementor-section-height-default elementor-section-height-default\" data-id=\"80cefab\" data-element_type=\"section\" data-e-type=\"section\">\n\t\t\t\t\t\t<div class=\"elementor-container elementor-column-gap-default\">\n\t\t\t\t\t<div class=\"elementor-column elementor-col-100 elementor-top-column elementor-element elementor-element-17e850f\" data-id=\"17e850f\" data-element_type=\"column\" data-e-type=\"column\">\n\t\t\t<div class=\"elementor-widget-wrap elementor-element-populated\">\n\t\t\t\t\t\t<div class=\"elementor-element elementor-element-952b8e0 elementor-widget elementor-widget-heading\" data-id=\"952b8e0\" data-element_type=\"widget\" data-e-type=\"widget\" data-widget_type=\"heading.default\">\n\t\t\t\t<div class=\"elementor-widget-container\">\n\t\t\t\t\t<h2 class=\"elementor-heading-title elementor-size-default\">De ERP die de groei en evolutie van uw bedrijf ondersteunt<\/h2>\t\t\t\t<\/div>\n\t\t\t\t<\/div>\n\t\t\t\t<div class=\"elementor-element elementor-element-7fc4a7f elementor-widget elementor-widget-text-editor\" data-id=\"7fc4a7f\" data-element_type=\"widget\" data-e-type=\"widget\" data-widget_type=\"text-editor.default\">\n\t\t\t\t<div class=\"elementor-widget-container\">\n\t\t\t\t\t\t\t\t\t<p>Sage 100 is een robuuste en bewezen ERP-oplossing, ontworpen om bedrijven te ondersteunen in hun groei en ontwikkeling. Hier zijn de belangrijkste voordelen:<\/p><ul><li>Complete oplossing: Beheer alle facetten van uw bedrijf, van boekhouding tot voorraadbeheer en CRM, met \u00e9\u00e9n oplossing.<\/li><li>Schaalbaarheid: Laat uw ERP-oplossing meegroeien met de groei van uw bedrijf, door nieuwe functies toe te voegen naar gelang uw behoeften.<\/li><li>Veiligheid en naleving: Bescherm uw bedrijfsgegevens en zorg voor naleving van de regelgeving met een veilige oplossing die voldoet aan de huidige regelgeving.<\/li><li>Deskundige ondersteuning: Profiteer van responsieve technische ondersteuning en gepersonaliseerde begeleiding om het meeste uit uw ERP te halen.<\/li><\/ul>\t\t\t\t\t\t\t\t<\/div>\n\t\t\t\t<\/div>\n\t\t\t\t\t<\/div>\n\t\t<\/div>\n\t\t\t\t\t<\/div>\n\t\t<\/section>\n\t\t<div class=\"elementor-element elementor-element-23812ce e-flex e-con-boxed e-con e-parent\" data-id=\"23812ce\" data-element_type=\"container\" data-e-type=\"container\" data-settings=\"{&quot;background_background&quot;:&quot;classic&quot;}\">\n\t\t\t\t\t<div class=\"e-con-inner\">\n\t\t<div class=\"elementor-element elementor-element-c574e82 e-con-full e-flex e-con e-child\" data-id=\"c574e82\" data-element_type=\"container\" data-e-type=\"container\">\n\t\t\t\t<div class=\"elementor-element elementor-element-3e5bd57 elementor-widget elementor-widget-heading\" data-id=\"3e5bd57\" data-element_type=\"widget\" data-e-type=\"widget\" data-widget_type=\"heading.default\">\n\t\t\t\t<div class=\"elementor-widget-container\">\n\t\t\t\t\t<h2 class=\"elementor-heading-title elementor-size-default\">Wilt u een gratis demonstratie?\n<br>\nNeem vandaag nog contact met ons op.<\/h2>\t\t\t\t<\/div>\n\t\t\t\t<\/div>\n\t\t\t\t<div class=\"elementor-element elementor-element-916065d elementor-widget elementor-widget-theme-site-logo elementor-widget-image\" data-id=\"916065d\" data-element_type=\"widget\" data-e-type=\"widget\" data-widget_type=\"theme-site-logo.default\">\n\t\t\t\t<div class=\"elementor-widget-container\">\n\t\t\t\t\t\t\t\t\t\t\t<a href=\"https:\/\/skydoo.com\/nl\">\n\t\t\t<img fetchpriority=\"high\" decoding=\"async\" width=\"1920\" height=\"720\" src=\"https:\/\/skydoo.com\/wp-content\/uploads\/LogoSkydoo.png\" class=\"attachment-full size-full wp-image-70\" alt=\"Skydoo\" srcset=\"https:\/\/skydoo.com\/wp-content\/uploads\/LogoSkydoo.png 1920w, https:\/\/skydoo.com\/wp-content\/uploads\/LogoSkydoo-300x113.png 300w, https:\/\/skydoo.com\/wp-content\/uploads\/LogoSkydoo-768x288.png 768w, https:\/\/skydoo.com\/wp-content\/uploads\/LogoSkydoo-1536x576.png 1536w, https:\/\/skydoo.com\/wp-content\/uploads\/LogoSkydoo-16x6.png 16w\" sizes=\"(max-width: 1920px) 100vw, 1920px\" title=\"| Skydoo\">\t\t\t\t<\/a>\n\t\t\t\t\t\t\t\t\t\t\t<\/div>\n\t\t\t\t<\/div>\n\t\t\t\t<\/div>\n\t\t<div class=\"elementor-element elementor-element-70b89fb e-con-full e-flex e-con e-child\" data-id=\"70b89fb\" data-element_type=\"container\" data-e-type=\"container\">\n\t\t\t\t<div class=\"elementor-element elementor-element-4567814 elementor-button-align-stretch elementor-widget elementor-widget-form\" data-id=\"4567814\" data-element_type=\"widget\" data-e-type=\"widget\" data-settings=\"{&quot;step_next_label&quot;:&quot;Next&quot;,&quot;step_previous_label&quot;:&quot;Previous&quot;,&quot;button_width&quot;:&quot;100&quot;,&quot;step_type&quot;:&quot;number_text&quot;,&quot;step_icon_shape&quot;:&quot;circle&quot;}\" data-widget_type=\"form.default\">\n\t\t\t\t<div class=\"elementor-widget-container\">\n\t\t\t\t\t\t\t<form class=\"elementor-form\" method=\"post\" name=\"Sage 100\" aria-label=\"Sage 100\" action=\"\">\n\t\t\t<input type=\"hidden\" name=\"post_id\" value=\"5137\"\/>\n\t\t\t<input type=\"hidden\" name=\"form_id\" value=\"4567814\"\/>\n\t\t\t<input type=\"hidden\" name=\"referer_title\" value=\"Sage 100 ERP: Soutien \u00e0 La Croissance Et \u00c9volution De Votre Entreprise\" \/>\n\n\t\t\t\t\t\t\t<input type=\"hidden\" name=\"queried_id\" value=\"5137\"\/>\n\t\t\t\n\t\t\t<div class=\"elementor-form-fields-wrapper elementor-labels-above\">\n\t\t\t\t\t\t\t\t<div class=\"elementor-field-type-text elementor-field-group elementor-column elementor-field-group-name elementor-col-100 elementor-field-required\">\n\t\t\t\t\t\t\t\t\t\t\t\t\t<input size=\"1\" type=\"text\" name=\"form_fields[name]\" id=\"form-field-name\" class=\"elementor-field elementor-size-sm  elementor-field-textual\" placeholder=\"Naam*\" required=\"required\">\n\t\t\t\t\t\t\t\t\t\t\t<\/div>\n\t\t\t\t\t\t\t\t<div class=\"elementor-field-type-email elementor-field-group elementor-column elementor-field-group-email elementor-col-50 elementor-field-required\">\n\t\t\t\t\t\t\t\t\t\t\t\t\t<input size=\"1\" type=\"email\" name=\"form_fields[email]\" id=\"form-field-email\" class=\"elementor-field elementor-size-sm  elementor-field-textual\" placeholder=\"Email*\" required=\"required\">\n\t\t\t\t\t\t\t\t\t\t\t<\/div>\n\t\t\t\t\t\t\t\t<div class=\"elementor-field-type-tel elementor-field-group elementor-column elementor-field-group-field_efa5599 elementor-col-50 elementor-field-required\">\n\t\t\t\t\t\t\t<input size=\"1\" type=\"tel\" name=\"form_fields[field_efa5599]\" id=\"form-field-field_efa5599\" class=\"elementor-field elementor-size-sm  elementor-field-textual\" placeholder=\"Tel*\" required=\"required\" pattern=\"[0-9()#&amp;+*-=.]+\" title=\"Telefoonnnummer\">\n\n\t\t\t\t\t\t<\/div>\n\t\t\t\t\t\t\t\t<div class=\"elementor-field-type-textarea elementor-field-group elementor-column elementor-field-group-message elementor-col-100\">\n\t\t\t\t\t<textarea class=\"elementor-field-textual elementor-field  elementor-size-sm\" name=\"form_fields[message]\" id=\"form-field-message\" rows=\"4\" placeholder=\"Bericht\">Je souhaite tester Sage 100<\/textarea>\t\t\t\t<\/div>\n\t\t\t\t\t\t\t\t<div class=\"elementor-field-type-recaptcha_v3 elementor-field-group elementor-column elementor-field-group-field_701e411 elementor-col-100 recaptcha_v3-bottomright\">\n\t\t\t\t\t<div class=\"elementor-field\" id=\"form-field-field_701e411\"><div class=\"elementor-g-recaptcha\" data-sitekey=\"6Lf0oPQaAAAAAO_OlDzsXpyHxaXUvc8e0smlJI9L\" data-type=\"v3\" data-action=\"Form\" data-badge=\"bottomright\" data-size=\"invisible\"><\/div><\/div>\t\t\t\t<\/div>\n\t\t\t\t\t\t\t\t<div class=\"elementor-field-group elementor-column elementor-field-type-submit elementor-col-100 e-form__buttons\">\n\t\t\t\t\t<button class=\"elementor-button elementor-size-sm\" type=\"submit\">\n\t\t\t\t\t\t<span class=\"elementor-button-content-wrapper\">\n\t\t\t\t\t\t\t\t\t\t\t\t\t\t\t\t\t\t\t\t\t\t<span class=\"elementor-button-text\">Verzenden<\/span>\n\t\t\t\t\t\t\t\t\t\t\t\t\t<\/span>\n\t\t\t\t\t<\/button>\n\t\t\t\t<\/div>\n\t\t\t<\/div>\n\t\t<input type=\"hidden\" name=\"trp-form-language\" value=\"nl\"\/><\/form>\n\t\t\t\t\t\t<\/div>\n\t\t\t\t<\/div>\n\t\t\t\t<\/div>\n\t\t\t\t\t<\/div>\n\t\t\t\t<\/div>\n\t\t\t\t<\/div>","protected":false},"excerpt":{"rendered":"<p>L&#8217;ERP qui accompagne la croissance et l&#8217;\u00e9volution de votre entreprise Sage 100 est une solution ERP robuste et \u00e9prouv\u00e9e, con\u00e7ue pour accompagner les entreprises dans leur croissance et leur d\u00e9veloppement. Voici ses avantages cl\u00e9s : Solution compl\u00e8te : Un solution unique pour g\u00e9rer toutes les facettes de votre entreprise, de la comptabilit\u00e9 \u00e0 la gestion [&hellip;]<\/p>","protected":false},"author":1,"featured_media":0,"parent":5122,"menu_order":0,"comment_status":"closed","ping_status":"closed","template":"","meta":{"footnotes":""},"class_list":["post-5137","page","type-page","status-publish","hentry"],"_links":{"self":[{"href":"https:\/\/skydoo.com\/nl\/wp-json\/wp\/v2\/pages\/5137","targetHints":{"allow":["GET"]}}],"collection":[{"href":"https:\/\/skydoo.com\/nl\/wp-json\/wp\/v2\/pages"}],"about":[{"href":"https:\/\/skydoo.com\/nl\/wp-json\/wp\/v2\/types\/page"}],"author":[{"embeddable":true,"href":"https:\/\/skydoo.com\/nl\/wp-json\/wp\/v2\/users\/1"}],"replies":[{"embeddable":true,"href":"https:\/\/skydoo.com\/nl\/wp-json\/wp\/v2\/comments?post=5137"}],"version-history":[{"count":0,"href":"https:\/\/skydoo.com\/nl\/wp-json\/wp\/v2\/pages\/5137\/revisions"}],"up":[{"embeddable":true,"href":"https:\/\/skydoo.com\/nl\/wp-json\/wp\/v2\/pages\/5122"}],"wp:attachment":[{"href":"https:\/\/skydoo.com\/nl\/wp-json\/wp\/v2\/media?parent=5137"}],"curies":[{"name":"wp","href":"https:\/\/api.w.org\/{rel}","templated":true}]}}