{"id":5138,"date":"2023-09-15T16:54:29","date_gmt":"2023-09-15T14:54:29","guid":{"rendered":"https:\/\/skydoo.com\/?page_id=5138"},"modified":"2024-10-04T14:58:04","modified_gmt":"2024-10-04T12:58:04","slug":"exact-online","status":"publish","type":"page","link":"https:\/\/skydoo.com\/nl\/business-software\/erp\/exact-online\/","title":{"rendered":"Exact Online ERP"},"content":{"rendered":"<div data-elementor-type=\"wp-page\" data-elementor-id=\"5138\" class=\"elementor elementor-5138\" data-elementor-post-type=\"page\">\n\t\t\t\t\t\t<section class=\"elementor-section elementor-top-section elementor-element elementor-element-f070dfe elementor-section-height-min-height elementor-section-items-stretch elementor-section-boxed elementor-section-height-default\" data-id=\"f070dfe\" data-element_type=\"section\" data-e-type=\"section\" data-settings=\"{&quot;background_background&quot;:&quot;classic&quot;}\">\n\t\t\t\t\t\t\t<div class=\"elementor-background-overlay\"><\/div>\n\t\t\t\t\t\t\t<div class=\"elementor-container elementor-column-gap-default\">\n\t\t\t\t\t<div class=\"elementor-column elementor-col-66 elementor-top-column elementor-element elementor-element-6f8999b\" data-id=\"6f8999b\" data-element_type=\"column\" data-e-type=\"column\">\n\t\t\t<div class=\"elementor-widget-wrap elementor-element-populated\">\n\t\t\t\t\t\t<div class=\"elementor-element elementor-element-fcc780c elementor-widget elementor-widget-shortcode\" data-id=\"fcc780c\" data-element_type=\"widget\" data-e-type=\"widget\" data-widget_type=\"shortcode.default\">\n\t\t\t\t<div class=\"elementor-widget-container\">\n\t\t\t\t\t\t\t<div class=\"elementor-shortcode\"><nav aria-label=\"breadcrumbs\" class=\"rank-math-breadcrumb\"><p><span class=\"last\">Home<\/span><\/p><\/nav><\/div>\n\t\t\t\t\t\t<\/div>\n\t\t\t\t<\/div>\n\t\t\t\t<div class=\"elementor-element elementor-element-1bef391 elementor-widget elementor-widget-heading\" data-id=\"1bef391\" data-element_type=\"widget\" data-e-type=\"widget\" data-widget_type=\"heading.default\">\n\t\t\t\t<div class=\"elementor-widget-container\">\n\t\t\t\t\t<h1 class=\"elementor-heading-title elementor-size-default\">Exact Online ERP<\/h1>\t\t\t\t<\/div>\n\t\t\t\t<\/div>\n\t\t\t\t\t<\/div>\n\t\t<\/div>\n\t\t\t\t<div class=\"elementor-column elementor-col-33 elementor-top-column elementor-element elementor-element-a5c2dc8\" data-id=\"a5c2dc8\" data-element_type=\"column\" data-e-type=\"column\">\n\t\t\t<div class=\"elementor-widget-wrap\">\n\t\t\t\t\t\t\t<\/div>\n\t\t<\/div>\n\t\t\t\t\t<\/div>\n\t\t<\/section>\n\t\t\t\t<section class=\"elementor-section elementor-top-section elementor-element elementor-element-65e4d03 elementor-section-boxed elementor-section-height-default elementor-section-height-default\" data-id=\"65e4d03\" data-element_type=\"section\" data-e-type=\"section\">\n\t\t\t\t\t\t<div class=\"elementor-container elementor-column-gap-default\">\n\t\t\t\t\t<div class=\"elementor-column elementor-col-100 elementor-top-column elementor-element elementor-element-9fc3024\" data-id=\"9fc3024\" data-element_type=\"column\" data-e-type=\"column\">\n\t\t\t<div class=\"elementor-widget-wrap elementor-element-populated\">\n\t\t\t\t\t\t<div class=\"elementor-element elementor-element-036261f elementor-widget elementor-widget-heading\" data-id=\"036261f\" data-element_type=\"widget\" data-e-type=\"widget\" data-widget_type=\"heading.default\">\n\t\t\t\t<div class=\"elementor-widget-container\">\n\t\t\t\t\t<h2 class=\"elementor-heading-title elementor-size-default\">Beheer uw hele bedrijf met een ge\u00efntegreerde en moderne ERP-oplossing<\/h2>\t\t\t\t<\/div>\n\t\t\t\t<\/div>\n\t\t\t\t<div class=\"elementor-element elementor-element-d1752e9 elementor-widget elementor-widget-text-editor\" data-id=\"d1752e9\" data-element_type=\"widget\" data-e-type=\"widget\" data-widget_type=\"text-editor.default\">\n\t\t\t\t<div class=\"elementor-widget-container\">\n\t\t\t\t\t\t\t\t\t<p>Online biedt u een compleet ERP-platform, dat een verenigd en effici\u00ebnt beheer van alle gebieden van uw bedrijf vergemakkelijkt. Ontdek de onderscheidende voordelen:<\/p><ul><li>360\u00b0-visie: Krijg een holistisch beeld van uw bedrijf, waarbij alle essenti\u00eble gegevens op \u00e9\u00e9n plaats worden samengebracht.<\/li><li>Geavanceerde automatisering: Automatiseer uw bedrijfsprocessen om tijd te besparen en handmatige fouten te verminderen.<\/li><li>Modulariteit: Pas uw ERP-systeem aan uw specifieke behoeften aan met een flexibele modulaire architectuur.<\/li><li>Regelgevende naleving: Zorg voor naleving van de normen en regelgeving dankzij regelmatige updates.<\/li><\/ul>\t\t\t\t\t\t\t\t<\/div>\n\t\t\t\t<\/div>\n\t\t\t\t\t<\/div>\n\t\t<\/div>\n\t\t\t\t\t<\/div>\n\t\t<\/section>\n\t\t<div class=\"elementor-element elementor-element-cbcc8bf e-flex e-con-boxed e-con e-parent\" data-id=\"cbcc8bf\" data-element_type=\"container\" data-e-type=\"container\" data-settings=\"{&quot;background_background&quot;:&quot;classic&quot;}\">\n\t\t\t\t\t<div class=\"e-con-inner\">\n\t\t<div class=\"elementor-element elementor-element-e406141 e-con-full e-flex e-con e-child\" data-id=\"e406141\" data-element_type=\"container\" data-e-type=\"container\">\n\t\t\t\t<div class=\"elementor-element elementor-element-ad6378f elementor-widget elementor-widget-heading\" data-id=\"ad6378f\" data-element_type=\"widget\" data-e-type=\"widget\" data-widget_type=\"heading.default\">\n\t\t\t\t<div class=\"elementor-widget-container\">\n\t\t\t\t\t<h2 class=\"elementor-heading-title elementor-size-default\">Wilt u een gratis demonstratie?\n<br>\nNeem vandaag nog contact met ons op.<\/h2>\t\t\t\t<\/div>\n\t\t\t\t<\/div>\n\t\t\t\t<div class=\"elementor-element elementor-element-8042903 elementor-widget elementor-widget-theme-site-logo elementor-widget-image\" data-id=\"8042903\" data-element_type=\"widget\" data-e-type=\"widget\" data-widget_type=\"theme-site-logo.default\">\n\t\t\t\t<div class=\"elementor-widget-container\">\n\t\t\t\t\t\t\t\t\t\t\t<a href=\"https:\/\/skydoo.com\/nl\">\n\t\t\t<img fetchpriority=\"high\" decoding=\"async\" width=\"1920\" height=\"720\" src=\"https:\/\/skydoo.com\/wp-content\/uploads\/LogoSkydoo.png\" class=\"attachment-full size-full wp-image-70\" alt=\"Skydoo\" srcset=\"https:\/\/skydoo.com\/wp-content\/uploads\/LogoSkydoo.png 1920w, https:\/\/skydoo.com\/wp-content\/uploads\/LogoSkydoo-300x113.png 300w, https:\/\/skydoo.com\/wp-content\/uploads\/LogoSkydoo-768x288.png 768w, https:\/\/skydoo.com\/wp-content\/uploads\/LogoSkydoo-1536x576.png 1536w, https:\/\/skydoo.com\/wp-content\/uploads\/LogoSkydoo-16x6.png 16w\" sizes=\"(max-width: 1920px) 100vw, 1920px\" title=\"| Skydoo\">\t\t\t\t<\/a>\n\t\t\t\t\t\t\t\t\t\t\t<\/div>\n\t\t\t\t<\/div>\n\t\t\t\t<\/div>\n\t\t<div class=\"elementor-element elementor-element-4383d2d e-con-full e-flex e-con e-child\" data-id=\"4383d2d\" data-element_type=\"container\" data-e-type=\"container\">\n\t\t\t\t<div class=\"elementor-element elementor-element-ef1d345 elementor-button-align-stretch elementor-widget elementor-widget-form\" data-id=\"ef1d345\" data-element_type=\"widget\" data-e-type=\"widget\" data-settings=\"{&quot;step_next_label&quot;:&quot;Next&quot;,&quot;step_previous_label&quot;:&quot;Previous&quot;,&quot;button_width&quot;:&quot;100&quot;,&quot;step_type&quot;:&quot;number_text&quot;,&quot;step_icon_shape&quot;:&quot;circle&quot;}\" data-widget_type=\"form.default\">\n\t\t\t\t<div class=\"elementor-widget-container\">\n\t\t\t\t\t\t\t<form class=\"elementor-form\" method=\"post\" name=\"Exact Online\" aria-label=\"Exact Online\" action=\"\">\n\t\t\t<input type=\"hidden\" name=\"post_id\" value=\"5138\"\/>\n\t\t\t<input type=\"hidden\" name=\"form_id\" value=\"ef1d345\"\/>\n\t\t\t<input type=\"hidden\" name=\"referer_title\" value=\"Exact Online ERP: Solution Int\u00e9gr\u00e9e Pour Une Gestion Globale De L&#039;Entreprise\" \/>\n\n\t\t\t\t\t\t\t<input type=\"hidden\" name=\"queried_id\" value=\"5138\"\/>\n\t\t\t\n\t\t\t<div class=\"elementor-form-fields-wrapper elementor-labels-above\">\n\t\t\t\t\t\t\t\t<div class=\"elementor-field-type-text elementor-field-group elementor-column elementor-field-group-name elementor-col-100 elementor-field-required\">\n\t\t\t\t\t\t\t\t\t\t\t\t\t<input size=\"1\" type=\"text\" name=\"form_fields[name]\" id=\"form-field-name\" class=\"elementor-field elementor-size-sm  elementor-field-textual\" placeholder=\"Naam*\" required=\"required\">\n\t\t\t\t\t\t\t\t\t\t\t<\/div>\n\t\t\t\t\t\t\t\t<div class=\"elementor-field-type-email elementor-field-group elementor-column elementor-field-group-email elementor-col-50 elementor-field-required\">\n\t\t\t\t\t\t\t\t\t\t\t\t\t<input size=\"1\" type=\"email\" name=\"form_fields[email]\" id=\"form-field-email\" class=\"elementor-field elementor-size-sm  elementor-field-textual\" placeholder=\"Email*\" required=\"required\">\n\t\t\t\t\t\t\t\t\t\t\t<\/div>\n\t\t\t\t\t\t\t\t<div class=\"elementor-field-type-tel elementor-field-group elementor-column elementor-field-group-field_efa5599 elementor-col-50 elementor-field-required\">\n\t\t\t\t\t\t\t<input size=\"1\" type=\"tel\" name=\"form_fields[field_efa5599]\" id=\"form-field-field_efa5599\" class=\"elementor-field elementor-size-sm  elementor-field-textual\" placeholder=\"Tel*\" required=\"required\" pattern=\"[0-9()#&amp;+*-=.]+\" title=\"Telefoonnummer\" data-no-translation-title=\"\">\n\n\t\t\t\t\t\t<\/div>\n\t\t\t\t\t\t\t\t<div class=\"elementor-field-type-textarea elementor-field-group elementor-column elementor-field-group-message elementor-col-100\">\n\t\t\t\t\t<textarea class=\"elementor-field-textual elementor-field  elementor-size-sm\" name=\"form_fields[message]\" id=\"form-field-message\" rows=\"4\" placeholder=\"Bericht\">Je souhaite tester Exact Online<\/textarea>\t\t\t\t<\/div>\n\t\t\t\t\t\t\t\t<div class=\"elementor-field-type-recaptcha_v3 elementor-field-group elementor-column elementor-field-group-field_701e411 elementor-col-100 recaptcha_v3-bottomright\">\n\t\t\t\t\t<div class=\"elementor-field\" id=\"form-field-field_701e411\"><div class=\"elementor-g-recaptcha\" data-sitekey=\"6Lf0oPQaAAAAAO_OlDzsXpyHxaXUvc8e0smlJI9L\" data-type=\"v3\" data-action=\"Form\" data-badge=\"bottomright\" data-size=\"invisible\"><\/div><\/div>\t\t\t\t<\/div>\n\t\t\t\t\t\t\t\t<div class=\"elementor-field-group elementor-column elementor-field-type-submit elementor-col-100 e-form__buttons\">\n\t\t\t\t\t<button class=\"elementor-button elementor-size-sm\" type=\"submit\">\n\t\t\t\t\t\t<span class=\"elementor-button-content-wrapper\">\n\t\t\t\t\t\t\t\t\t\t\t\t\t\t\t\t\t\t\t\t\t\t<span class=\"elementor-button-text\">Verzenden<\/span>\n\t\t\t\t\t\t\t\t\t\t\t\t\t<\/span>\n\t\t\t\t\t<\/button>\n\t\t\t\t<\/div>\n\t\t\t<\/div>\n\t\t<input type=\"hidden\" name=\"trp-form-language\" value=\"nl\"\/><\/form>\n\t\t\t\t\t\t<\/div>\n\t\t\t\t<\/div>\n\t\t\t\t<\/div>\n\t\t\t\t\t<\/div>\n\t\t\t\t<\/div>\n\t\t\t\t<\/div>","protected":false},"excerpt":{"rendered":"<p>G\u00e9rez toute votre entreprise avec une solution ERP int\u00e9gr\u00e9e et moderne Exact Online vous offre une plateforme ERP compl\u00e8te, facilitant une gestion unifi\u00e9e et efficace de toutes les sph\u00e8res de votre entreprise. D\u00e9couvrez ses avantages distinctifs : Vision \u00e0 360\u00b0 : Obtenez une vue holistique de votre entreprise, regroupant toutes les donn\u00e9es essentielles en un [&hellip;]<\/p>","protected":false},"author":1,"featured_media":0,"parent":5122,"menu_order":0,"comment_status":"closed","ping_status":"closed","template":"","meta":{"footnotes":""},"class_list":["post-5138","page","type-page","status-publish","hentry"],"_links":{"self":[{"href":"https:\/\/skydoo.com\/nl\/wp-json\/wp\/v2\/pages\/5138","targetHints":{"allow":["GET"]}}],"collection":[{"href":"https:\/\/skydoo.com\/nl\/wp-json\/wp\/v2\/pages"}],"about":[{"href":"https:\/\/skydoo.com\/nl\/wp-json\/wp\/v2\/types\/page"}],"author":[{"embeddable":true,"href":"https:\/\/skydoo.com\/nl\/wp-json\/wp\/v2\/users\/1"}],"replies":[{"embeddable":true,"href":"https:\/\/skydoo.com\/nl\/wp-json\/wp\/v2\/comments?post=5138"}],"version-history":[{"count":0,"href":"https:\/\/skydoo.com\/nl\/wp-json\/wp\/v2\/pages\/5138\/revisions"}],"up":[{"embeddable":true,"href":"https:\/\/skydoo.com\/nl\/wp-json\/wp\/v2\/pages\/5122"}],"wp:attachment":[{"href":"https:\/\/skydoo.com\/nl\/wp-json\/wp\/v2\/media?parent=5138"}],"curies":[{"name":"wp","href":"https:\/\/api.w.org\/{rel}","templated":true}]}}