{"id":5318,"date":"2023-10-17T16:01:12","date_gmt":"2023-10-17T14:01:12","guid":{"rendered":"https:\/\/skydoo.com\/?page_id=5318"},"modified":"2024-10-04T15:13:39","modified_gmt":"2024-10-04T13:13:39","slug":"teamleader","status":"publish","type":"page","link":"https:\/\/skydoo.com\/nl\/business-software\/gestion-de-projet\/teamleader\/","title":{"rendered":"Teamleader"},"content":{"rendered":"<div data-elementor-type=\"wp-page\" data-elementor-id=\"5318\" class=\"elementor elementor-5318\" data-elementor-post-type=\"page\">\n\t\t\t\t\t\t<section class=\"elementor-section elementor-top-section elementor-element elementor-element-37fe526 elementor-section-height-min-height elementor-section-items-stretch elementor-section-boxed elementor-section-height-default\" data-id=\"37fe526\" data-element_type=\"section\" data-e-type=\"section\" data-settings=\"{&quot;background_background&quot;:&quot;classic&quot;}\">\n\t\t\t\t\t\t\t<div class=\"elementor-background-overlay\"><\/div>\n\t\t\t\t\t\t\t<div class=\"elementor-container elementor-column-gap-default\">\n\t\t\t\t\t<div class=\"elementor-column elementor-col-66 elementor-top-column elementor-element elementor-element-1b35e62\" data-id=\"1b35e62\" data-element_type=\"column\" data-e-type=\"column\">\n\t\t\t<div class=\"elementor-widget-wrap elementor-element-populated\">\n\t\t\t\t\t\t<div class=\"elementor-element elementor-element-4b094cc elementor-widget elementor-widget-shortcode\" data-id=\"4b094cc\" data-element_type=\"widget\" data-e-type=\"widget\" data-widget_type=\"shortcode.default\">\n\t\t\t\t<div class=\"elementor-widget-container\">\n\t\t\t\t\t\t\t<div class=\"elementor-shortcode\"><nav aria-label=\"breadcrumbs\" class=\"rank-math-breadcrumb\"><p><span class=\"last\">Home<\/span><\/p><\/nav><\/div>\n\t\t\t\t\t\t<\/div>\n\t\t\t\t<\/div>\n\t\t\t\t<div class=\"elementor-element elementor-element-58f5961 elementor-widget elementor-widget-heading\" data-id=\"58f5961\" data-element_type=\"widget\" data-e-type=\"widget\" data-widget_type=\"heading.default\">\n\t\t\t\t<div class=\"elementor-widget-container\">\n\t\t\t\t\t<h1 class=\"elementor-heading-title elementor-size-default\">Teamleader<\/h1>\t\t\t\t<\/div>\n\t\t\t\t<\/div>\n\t\t\t\t\t<\/div>\n\t\t<\/div>\n\t\t\t\t<div class=\"elementor-column elementor-col-33 elementor-top-column elementor-element elementor-element-2dca167\" data-id=\"2dca167\" data-element_type=\"column\" data-e-type=\"column\">\n\t\t\t<div class=\"elementor-widget-wrap\">\n\t\t\t\t\t\t\t<\/div>\n\t\t<\/div>\n\t\t\t\t\t<\/div>\n\t\t<\/section>\n\t\t\t\t<section class=\"elementor-section elementor-top-section elementor-element elementor-element-85c5906 elementor-section-boxed elementor-section-height-default elementor-section-height-default\" data-id=\"85c5906\" data-element_type=\"section\" data-e-type=\"section\">\n\t\t\t\t\t\t<div class=\"elementor-container elementor-column-gap-default\">\n\t\t\t\t\t<div class=\"elementor-column elementor-col-100 elementor-top-column elementor-element elementor-element-d6b94b9\" data-id=\"d6b94b9\" data-element_type=\"column\" data-e-type=\"column\">\n\t\t\t<div class=\"elementor-widget-wrap elementor-element-populated\">\n\t\t\t\t\t\t<div class=\"elementor-element elementor-element-81e78da elementor-widget elementor-widget-heading\" data-id=\"81e78da\" data-element_type=\"widget\" data-e-type=\"widget\" data-widget_type=\"heading.default\">\n\t\t\t\t<div class=\"elementor-widget-container\">\n\t\t\t\t\t<h2 class=\"elementor-heading-title elementor-size-default\">Teamleader: Uw bondgenoot voor collaboratief en effici\u00ebnt projectbeheer<\/h2>\t\t\t\t<\/div>\n\t\t\t\t<\/div>\n\t\t\t\t<div class=\"elementor-element elementor-element-50f00e0 elementor-widget elementor-widget-text-editor\" data-id=\"50f00e0\" data-element_type=\"widget\" data-e-type=\"widget\" data-widget_type=\"text-editor.default\">\n\t\t\t\t<div class=\"elementor-widget-container\">\n\t\t\t\t\t\t\t\t\t<p>Kies voor Teamleader, een complete oplossing die samenwerking en projectopvolging vergemakkelijkt. Ontdek de belangrijkste voordelen:<\/p><ul><li>Vergemakkelijkte samenwerking: Bevorder samenwerking binnen uw teams met intu\u00eftieve tools en gedeelde werkruimtes.<\/li><li>Overzicht: Krijg een globaal overzicht van uw projecten, wat datagebaseerde besluitvorming vergemakkelijkt.<\/li><li>Personalisatie: Pas het platform aan uw specifieke behoeften aan met geavanceerde personalisatie-opties.<\/li><li>Meerdere integraties: Integreer Teamleader gemakkelijk met een verscheidenheid aan externe tools, waardoor een functioneel en samenhangend bedrijfsecosysteem ontstaat.<\/li><\/ul>\t\t\t\t\t\t\t\t<\/div>\n\t\t\t\t<\/div>\n\t\t\t\t\t<\/div>\n\t\t<\/div>\n\t\t\t\t\t<\/div>\n\t\t<\/section>\n\t\t<div class=\"elementor-element elementor-element-934787b e-flex e-con-boxed e-con e-parent\" data-id=\"934787b\" data-element_type=\"container\" data-e-type=\"container\" data-settings=\"{&quot;background_background&quot;:&quot;classic&quot;}\">\n\t\t\t\t\t<div class=\"e-con-inner\">\n\t\t<div class=\"elementor-element elementor-element-fa16c3f e-con-full e-flex e-con e-child\" data-id=\"fa16c3f\" data-element_type=\"container\" data-e-type=\"container\">\n\t\t\t\t<div class=\"elementor-element elementor-element-938a8eb elementor-widget elementor-widget-heading\" data-id=\"938a8eb\" data-element_type=\"widget\" data-e-type=\"widget\" data-widget_type=\"heading.default\">\n\t\t\t\t<div class=\"elementor-widget-container\">\n\t\t\t\t\t<h2 class=\"elementor-heading-title elementor-size-default\">Wilt u een gratis demonstratie?\n<br>\nNeem vandaag nog contact met ons op.<\/h2>\t\t\t\t<\/div>\n\t\t\t\t<\/div>\n\t\t\t\t<div class=\"elementor-element elementor-element-2efec51 elementor-widget elementor-widget-theme-site-logo elementor-widget-image\" data-id=\"2efec51\" data-element_type=\"widget\" data-e-type=\"widget\" data-widget_type=\"theme-site-logo.default\">\n\t\t\t\t<div class=\"elementor-widget-container\">\n\t\t\t\t\t\t\t\t\t\t\t<a href=\"https:\/\/skydoo.com\/nl\">\n\t\t\t<img fetchpriority=\"high\" decoding=\"async\" width=\"1920\" height=\"720\" src=\"https:\/\/skydoo.com\/wp-content\/uploads\/LogoSkydoo.png\" class=\"attachment-full size-full wp-image-70\" alt=\"Skydoo\" srcset=\"https:\/\/skydoo.com\/wp-content\/uploads\/LogoSkydoo.png 1920w, https:\/\/skydoo.com\/wp-content\/uploads\/LogoSkydoo-300x113.png 300w, https:\/\/skydoo.com\/wp-content\/uploads\/LogoSkydoo-768x288.png 768w, https:\/\/skydoo.com\/wp-content\/uploads\/LogoSkydoo-1536x576.png 1536w, https:\/\/skydoo.com\/wp-content\/uploads\/LogoSkydoo-16x6.png 16w\" sizes=\"(max-width: 1920px) 100vw, 1920px\" title=\"| Skydoo\">\t\t\t\t<\/a>\n\t\t\t\t\t\t\t\t\t\t\t<\/div>\n\t\t\t\t<\/div>\n\t\t\t\t<\/div>\n\t\t<div class=\"elementor-element elementor-element-6e2839a e-con-full e-flex e-con e-child\" data-id=\"6e2839a\" data-element_type=\"container\" data-e-type=\"container\">\n\t\t\t\t<div class=\"elementor-element elementor-element-08767e9 elementor-button-align-stretch elementor-widget elementor-widget-form\" data-id=\"08767e9\" data-element_type=\"widget\" data-e-type=\"widget\" data-settings=\"{&quot;step_next_label&quot;:&quot;Next&quot;,&quot;step_previous_label&quot;:&quot;Previous&quot;,&quot;button_width&quot;:&quot;100&quot;,&quot;step_type&quot;:&quot;number_text&quot;,&quot;step_icon_shape&quot;:&quot;circle&quot;}\" data-widget_type=\"form.default\">\n\t\t\t\t<div class=\"elementor-widget-container\">\n\t\t\t\t\t\t\t<form class=\"elementor-form\" method=\"post\" name=\"Teamleader\" aria-label=\"Teamleader\" action=\"\">\n\t\t\t<input type=\"hidden\" name=\"post_id\" value=\"5318\"\/>\n\t\t\t<input type=\"hidden\" name=\"form_id\" value=\"08767e9\"\/>\n\t\t\t<input type=\"hidden\" name=\"referer_title\" value=\"\" \/>\n\n\t\t\t\n\t\t\t<div class=\"elementor-form-fields-wrapper elementor-labels-above\">\n\t\t\t\t\t\t\t\t<div class=\"elementor-field-type-text elementor-field-group elementor-column elementor-field-group-name elementor-col-100 elementor-field-required\">\n\t\t\t\t\t\t\t\t\t\t\t\t\t<input size=\"1\" type=\"text\" name=\"form_fields[name]\" id=\"form-field-name\" class=\"elementor-field elementor-size-sm  elementor-field-textual\" placeholder=\"Naam*\" required=\"required\">\n\t\t\t\t\t\t\t\t\t\t\t<\/div>\n\t\t\t\t\t\t\t\t<div class=\"elementor-field-type-email elementor-field-group elementor-column elementor-field-group-email elementor-col-50 elementor-field-required\">\n\t\t\t\t\t\t\t\t\t\t\t\t\t<input size=\"1\" type=\"email\" name=\"form_fields[email]\" id=\"form-field-email\" class=\"elementor-field elementor-size-sm  elementor-field-textual\" placeholder=\"Email*\" required=\"required\">\n\t\t\t\t\t\t\t\t\t\t\t<\/div>\n\t\t\t\t\t\t\t\t<div class=\"elementor-field-type-tel elementor-field-group elementor-column elementor-field-group-field_efa5599 elementor-col-50 elementor-field-required\">\n\t\t\t\t\t\t\t<input size=\"1\" type=\"tel\" name=\"form_fields[field_efa5599]\" id=\"form-field-field_efa5599\" class=\"elementor-field elementor-size-sm  elementor-field-textual\" placeholder=\"Tel*\" required=\"required\" pattern=\"[0-9()#&amp;+*-=.]+\" title=\"Only numbers and phone characters (#, -, *, etc) are accepted.\">\n\n\t\t\t\t\t\t<\/div>\n\t\t\t\t\t\t\t\t<div class=\"elementor-field-type-textarea elementor-field-group elementor-column elementor-field-group-message elementor-col-100\">\n\t\t\t\t\t<textarea class=\"elementor-field-textual elementor-field  elementor-size-sm\" name=\"form_fields[message]\" id=\"form-field-message\" rows=\"4\" placeholder=\"Bericht\">Je souhaite tester Teamleader<\/textarea>\t\t\t\t<\/div>\n\t\t\t\t\t\t\t\t<div class=\"elementor-field-type-recaptcha_v3 elementor-field-group elementor-column elementor-field-group-field_701e411 elementor-col-100 recaptcha_v3-bottomright\">\n\t\t\t\t\t<div class=\"elementor-field\" id=\"form-field-field_701e411\"><div class=\"elementor-g-recaptcha\" data-sitekey=\"6Lf0oPQaAAAAAO_OlDzsXpyHxaXUvc8e0smlJI9L\" data-type=\"v3\" data-action=\"Form\" data-badge=\"bottomright\" data-size=\"invisible\"><\/div><\/div>\t\t\t\t<\/div>\n\t\t\t\t\t\t\t\t<div class=\"elementor-field-group elementor-column elementor-field-type-submit elementor-col-100 e-form__buttons\">\n\t\t\t\t\t<button class=\"elementor-button elementor-size-sm\" type=\"submit\">\n\t\t\t\t\t\t<span class=\"elementor-button-content-wrapper\">\n\t\t\t\t\t\t\t\t\t\t\t\t\t\t\t\t\t\t\t\t\t\t<span class=\"elementor-button-text\">Verzenden<\/span>\n\t\t\t\t\t\t\t\t\t\t\t\t\t<\/span>\n\t\t\t\t\t<\/button>\n\t\t\t\t<\/div>\n\t\t\t<\/div>\n\t\t<input type=\"hidden\" name=\"trp-form-language\" value=\"nl\"\/><\/form>\n\t\t\t\t\t\t<\/div>\n\t\t\t\t<\/div>\n\t\t\t\t<\/div>\n\t\t\t\t\t<\/div>\n\t\t\t\t<\/div>\n\t\t\t\t<\/div>","protected":false},"excerpt":{"rendered":"<p>Teamleader : Votre alli\u00e9 pour une gestion de projet collaborative et efficace Optez pour Teamleader, une solution compl\u00e8te qui facilite la collaboration et le suivi des projets. D\u00e9couvrez ses avantages principaux : Collaboration facilit\u00e9e : Favorisez la collaboration au sein de vos \u00e9quipes gr\u00e2ce \u00e0 des outils intuitifs et des espaces de travail partag\u00e9s. Vue [&hellip;]<\/p>","protected":false},"author":9,"featured_media":0,"parent":5307,"menu_order":0,"comment_status":"closed","ping_status":"closed","template":"","meta":{"footnotes":""},"class_list":["post-5318","page","type-page","status-publish","hentry"],"_links":{"self":[{"href":"https:\/\/skydoo.com\/nl\/wp-json\/wp\/v2\/pages\/5318","targetHints":{"allow":["GET"]}}],"collection":[{"href":"https:\/\/skydoo.com\/nl\/wp-json\/wp\/v2\/pages"}],"about":[{"href":"https:\/\/skydoo.com\/nl\/wp-json\/wp\/v2\/types\/page"}],"author":[{"embeddable":true,"href":"https:\/\/skydoo.com\/nl\/wp-json\/wp\/v2\/users\/9"}],"replies":[{"embeddable":true,"href":"https:\/\/skydoo.com\/nl\/wp-json\/wp\/v2\/comments?post=5318"}],"version-history":[{"count":0,"href":"https:\/\/skydoo.com\/nl\/wp-json\/wp\/v2\/pages\/5318\/revisions"}],"up":[{"embeddable":true,"href":"https:\/\/skydoo.com\/nl\/wp-json\/wp\/v2\/pages\/5307"}],"wp:attachment":[{"href":"https:\/\/skydoo.com\/nl\/wp-json\/wp\/v2\/media?parent=5318"}],"curies":[{"name":"wp","href":"https:\/\/api.w.org\/{rel}","templated":true}]}}