{"id":5837,"date":"2026-03-04T10:49:23","date_gmt":"2026-03-04T09:49:23","guid":{"rendered":"https:\/\/skydoo.com\/?page_id=5837"},"modified":"2026-03-09T11:36:04","modified_gmt":"2026-03-09T10:36:04","slug":"event-tryvya","status":"publish","type":"page","link":"https:\/\/skydoo.com\/nl\/event-tryvya\/","title":{"rendered":"EVENT TRYVYA"},"content":{"rendered":"<div data-elementor-type=\"wp-page\" data-elementor-id=\"5837\" class=\"elementor elementor-5837\" data-elementor-post-type=\"page\">\n\t\t\t\t<div class=\"elementor-element elementor-element-bca17ad e-flex e-con-boxed e-con e-parent\" data-id=\"bca17ad\" data-element_type=\"container\" data-e-type=\"container\">\n\t\t\t\t\t<div class=\"e-con-inner\">\n\t\t<div class=\"elementor-element elementor-element-01e6d9d e-con-full e-flex e-con e-child\" data-id=\"01e6d9d\" data-element_type=\"container\" data-e-type=\"container\">\n\t\t\t\t<div class=\"elementor-element elementor-element-5e7661b elementor-widget elementor-widget-heading\" data-id=\"5e7661b\" data-element_type=\"widget\" data-e-type=\"widget\" data-widget_type=\"heading.default\">\n\t\t\t\t<div class=\"elementor-widget-container\">\n\t\t\t\t\t<h2 class=\"elementor-heading-title elementor-size-default\">Inschrijving TRYVYA &amp; Exact evenement<\/h2>\t\t\t\t<\/div>\n\t\t\t\t<\/div>\n\t\t\t\t<div class=\"elementor-element elementor-element-201983d elementor-widget elementor-widget-image\" data-id=\"201983d\" data-element_type=\"widget\" data-e-type=\"widget\" data-widget_type=\"image.default\">\n\t\t\t\t<div class=\"elementor-widget-container\">\n\t\t\t\t\t\t\t\t\t\t\t\t\t\t\t<img fetchpriority=\"high\" decoding=\"async\" width=\"1248\" height=\"982\" src=\"https:\/\/skydoo.com\/wp-content\/uploads\/Logo-DDZeEVJA-2.png\" class=\"attachment-large size-large wp-image-5842\" alt=\"| Skydoo\" srcset=\"https:\/\/skydoo.com\/wp-content\/uploads\/Logo-DDZeEVJA-2.png 1248w, https:\/\/skydoo.com\/wp-content\/uploads\/Logo-DDZeEVJA-2-300x236.png 300w, https:\/\/skydoo.com\/wp-content\/uploads\/Logo-DDZeEVJA-2-768x604.png 768w, https:\/\/skydoo.com\/wp-content\/uploads\/Logo-DDZeEVJA-2-15x12.png 15w\" sizes=\"(max-width: 1248px) 100vw, 1248px\" title=\"| Skydoo\">\t\t\t\t\t\t\t\t\t\t\t\t\t\t\t<\/div>\n\t\t\t\t<\/div>\n\t\t\t\t<div class=\"elementor-element elementor-element-5318c59 elementor-widget-divider--view-line elementor-widget elementor-widget-divider\" data-id=\"5318c59\" data-element_type=\"widget\" data-e-type=\"widget\" data-widget_type=\"divider.default\">\n\t\t\t\t<div class=\"elementor-widget-container\">\n\t\t\t\t\t\t\t<div class=\"elementor-divider\">\n\t\t\t<span class=\"elementor-divider-separator\">\n\t\t\t\t\t\t<\/span>\n\t\t<\/div>\n\t\t\t\t\t\t<\/div>\n\t\t\t\t<\/div>\n\t\t\t\t<div class=\"elementor-element elementor-element-230c646 elementor-widget elementor-widget-text-editor\" data-id=\"230c646\" data-element_type=\"widget\" data-e-type=\"widget\" data-widget_type=\"text-editor.default\">\n\t\t\t\t<div class=\"elementor-widget-container\">\n\t\t\t\t\t\t\t\t\t<p>Tijdens dit evenement ontdekt u :<\/p><ul><li>Hoe TRYVYA al uw documenten centraliseert en zo uw boekhoudkundige en administratieve processen vereenvoudigt.<\/li><li>De integratie met Exact voor een geoptimaliseerde boekhouding en bedrijfsbeheer.<\/li><li>Praktische demonstraties en advies om tijd te besparen en uw processen te verbeteren.<\/li><\/ul><p>En onze geweldige Guillaume zal alle functionaliteiten in detail aan u voorstellen, met de ondersteuning van ons team dat ter plaatse beschikbaar zal zijn om al uw vragen te beantwoorden.<\/p><p>\ud83d\udcc5 Date et heure de l\u2019event : mardi 31 mars \u00e0 12h<\/p><p>\ud83d\udccd Locatie: Terhulpsesteenweg 177\/20, 1170 Watermaal-Bosvoorde, Belgi\u00eb<\/p><p>Wacht dus niet langer! Schrijf u nu in via deze link: Inschrijvingslink<\/p><p>Kom talrijk opdagen en ontdek hoe TRYVYA en Exact uw boekhoudkundige en administratieve processen effici\u00ebnt kunnen optimaliseren!<\/p><p>Voor vragen v\u00f3\u00f3r het evenement kunt u contact met ons opnemen:<\/p><p>\ud83d\udce7 <a href=\"mailto:info@tryvya.com\">info@tryvya.com<\/a><\/p><p>\ud83d\udce7 <a href=\"mailto:support@tryvya.com\">support@tryvya.com<\/a><\/p>\t\t\t\t\t\t\t\t<\/div>\n\t\t\t\t<\/div>\n\t\t\t\t<div class=\"elementor-element elementor-element-66fc88e elementor-button-align-center elementor-widget elementor-widget-form\" data-id=\"66fc88e\" data-element_type=\"widget\" data-e-type=\"widget\" data-settings=\"{&quot;step_next_label&quot;:&quot;Next&quot;,&quot;step_previous_label&quot;:&quot;Previous&quot;,&quot;button_width&quot;:&quot;100&quot;,&quot;step_type&quot;:&quot;number_text&quot;,&quot;step_icon_shape&quot;:&quot;circle&quot;}\" data-widget_type=\"form.default\">\n\t\t\t\t<div class=\"elementor-widget-container\">\n\t\t\t\t\t\t\t<form class=\"elementor-form\" method=\"post\" name=\"New Form\" aria-label=\"New Form\" novalidate=\"\" action=\"\">\n\t\t\t<input type=\"hidden\" name=\"post_id\" value=\"5837\"\/>\n\t\t\t<input type=\"hidden\" name=\"form_id\" value=\"66fc88e\"\/>\n\t\t\t<input type=\"hidden\" name=\"referer_title\" value=\"\" \/>\n\n\t\t\t\n\t\t\t<div class=\"elementor-form-fields-wrapper elementor-labels-above\">\n\t\t\t\t\t\t\t\t<div class=\"elementor-field-type-text elementor-field-group elementor-column elementor-field-group-field_9c68556 elementor-col-33\">\n\t\t\t\t\t\t\t\t\t\t\t\t<label for=\"form-field-field_9c68556\" class=\"elementor-field-label\">\n\t\t\t\t\t\t\t\tVoor- en achternaam\t\t\t\t\t\t\t<\/label>\n\t\t\t\t\t\t\t\t\t\t\t\t\t\t<input size=\"1\" type=\"text\" name=\"form_fields[field_9c68556]\" id=\"form-field-field_9c68556\" class=\"elementor-field elementor-size-md  elementor-field-textual\">\n\t\t\t\t\t\t\t\t\t\t\t<\/div>\n\t\t\t\t\t\t\t\t<div class=\"elementor-field-type-tel elementor-field-group elementor-column elementor-field-group-field_1b755fb elementor-col-33\">\n\t\t\t\t\t\t\t\t\t\t\t\t<label for=\"form-field-field_1b755fb\" class=\"elementor-field-label\">\n\t\t\t\t\t\t\t\tGSM-nummer\t\t\t\t\t\t\t<\/label>\n\t\t\t\t\t\t\t\t<input size=\"1\" type=\"tel\" name=\"form_fields[field_1b755fb]\" id=\"form-field-field_1b755fb\" class=\"elementor-field elementor-size-md  elementor-field-textual\" pattern=\"[0-9()#&amp;+*-=.]+\" title=\"Only numbers and phone characters (#, -, *, etc) are accepted.\">\n\n\t\t\t\t\t\t<\/div>\n\t\t\t\t\t\t\t\t<div class=\"elementor-field-type-email elementor-field-group elementor-column elementor-field-group-email elementor-col-33 elementor-field-required elementor-mark-required\">\n\t\t\t\t\t\t\t\t\t\t\t\t<label for=\"form-field-email\" class=\"elementor-field-label\">\n\t\t\t\t\t\t\t\tE-mailadres\t\t\t\t\t\t\t<\/label>\n\t\t\t\t\t\t\t\t\t\t\t\t\t\t<input size=\"1\" type=\"email\" name=\"form_fields[email]\" id=\"form-field-email\" class=\"elementor-field elementor-size-md  elementor-field-textual\" required=\"required\">\n\t\t\t\t\t\t\t\t\t\t\t<\/div>\n\t\t\t\t\t\t\t\t<div class=\"elementor-field-type-text elementor-field-group elementor-column elementor-field-group-field_5fe1825 elementor-col-50\">\n\t\t\t\t\t\t\t\t\t\t\t\t<label for=\"form-field-field_5fe1825\" class=\"elementor-field-label\">\n\t\t\t\t\t\t\t\tBedrijfsnaam\t\t\t\t\t\t\t<\/label>\n\t\t\t\t\t\t\t\t\t\t\t\t\t\t<input size=\"1\" type=\"text\" name=\"form_fields[field_5fe1825]\" id=\"form-field-field_5fe1825\" class=\"elementor-field elementor-size-md  elementor-field-textual\">\n\t\t\t\t\t\t\t\t\t\t\t<\/div>\n\t\t\t\t\t\t\t\t<div class=\"elementor-field-type-number elementor-field-group elementor-column elementor-field-group-field_7210d74 elementor-col-50\">\n\t\t\t\t\t\t\t\t\t\t\t\t<label for=\"form-field-field_7210d74\" class=\"elementor-field-label\">\n\t\t\t\t\t\t\t\tAantal aanwezigen\t\t\t\t\t\t\t<\/label>\n\t\t\t\t\t\t\t\t\t<input type=\"number\" name=\"form_fields[field_7210d74]\" id=\"form-field-field_7210d74\" class=\"elementor-field elementor-size-md  elementor-field-textual\" min=\"\" max=\"\" >\n\t\t\t\t\t\t<\/div>\n\t\t\t\t\t\t\t\t<div class=\"elementor-field-type-recaptcha_v3 elementor-field-group elementor-column elementor-field-group-field_fea977c elementor-col-100 recaptcha_v3-bottomright\">\n\t\t\t\t\t<div class=\"elementor-field\" id=\"form-field-field_fea977c\"><div class=\"elementor-g-recaptcha\" data-sitekey=\"6Lf0oPQaAAAAAO_OlDzsXpyHxaXUvc8e0smlJI9L\" data-type=\"v3\" data-action=\"Form\" data-badge=\"bottomright\" data-size=\"invisible\"><\/div><\/div>\t\t\t\t<\/div>\n\t\t\t\t\t\t\t\t<div class=\"elementor-field-type-checkbox elementor-field-group elementor-column elementor-field-group-field_e3e0c91 elementor-col-100\">\n\t\t\t\t\t\t\t\t\t\t\t\t<label for=\"form-field-field_e3e0c91\" class=\"elementor-field-label\">\n\t\t\t\t\t\t\t\tIk ben ge\u00efnteresseerd in (meerdere keuzes mogelijk):\t\t\t\t\t\t\t<\/label>\n\t\t\t\t\t\t<div class=\"elementor-field-subgroup\"><span class=\"elementor-field-option\"><input type=\"checkbox\" value=\"Les solutions EXACT\" id=\"form-field-field_e3e0c91-0\" name=\"form_fields[field_e3e0c91][]\"> <label for=\"form-field-field_e3e0c91-0\">De Exact-oplossingen<\/label><\/span><span class=\"elementor-field-option\"><input type=\"checkbox\" value=\"TRYVYA\" id=\"form-field-field_e3e0c91-1\" name=\"form_fields[field_e3e0c91][]\"> <label for=\"form-field-field_e3e0c91-1\">TRYVYA<\/label><\/span><\/div>\t\t\t\t<\/div>\n\t\t\t\t\t\t\t\t<div class=\"elementor-field-group elementor-column elementor-field-type-submit elementor-col-100 e-form__buttons\">\n\t\t\t\t\t<button class=\"elementor-button elementor-size-sm\" type=\"submit\">\n\t\t\t\t\t\t<span class=\"elementor-button-content-wrapper\">\n\t\t\t\t\t\t\t\t\t\t\t\t\t\t\t\t\t\t\t\t\t\t<span class=\"elementor-button-text\">Bevestig mijn deelname<\/span>\n\t\t\t\t\t\t\t\t\t\t\t\t\t<\/span>\n\t\t\t\t\t<\/button>\n\t\t\t\t<\/div>\n\t\t\t<\/div>\n\t\t<input type=\"hidden\" name=\"trp-form-language\" value=\"nl\"\/><\/form>\n\t\t\t\t\t\t<\/div>\n\t\t\t\t<\/div>\n\t\t\t\t<\/div>\n\t\t\t\t\t<\/div>\n\t\t\t\t<\/div>\n\t\t\t\t<\/div>","protected":false},"excerpt":{"rendered":"<p>inscription event TRYVYA &amp; EXACT Lors de cet \u00e9v\u00e9nement, vous d\u00e9couvrirez : Comment TRYVYA centralise tous vos documents pour simplifier vos flux comptables et administratifs. L\u2019int\u00e9gration avec EXACT pour une comptabilit\u00e9 et gestion optimis\u00e9es. Des d\u00e9monstrations pratiques et des conseils pour gagner du temps et am\u00e9liorer vos processus. Et c\u2019est notre super Guillaume qui vous [&hellip;]<\/p>","protected":false},"author":9,"featured_media":0,"parent":0,"menu_order":0,"comment_status":"closed","ping_status":"closed","template":"elementor_header_footer","meta":{"footnotes":""},"class_list":["post-5837","page","type-page","status-publish","hentry"],"_links":{"self":[{"href":"https:\/\/skydoo.com\/nl\/wp-json\/wp\/v2\/pages\/5837","targetHints":{"allow":["GET"]}}],"collection":[{"href":"https:\/\/skydoo.com\/nl\/wp-json\/wp\/v2\/pages"}],"about":[{"href":"https:\/\/skydoo.com\/nl\/wp-json\/wp\/v2\/types\/page"}],"author":[{"embeddable":true,"href":"https:\/\/skydoo.com\/nl\/wp-json\/wp\/v2\/users\/9"}],"replies":[{"embeddable":true,"href":"https:\/\/skydoo.com\/nl\/wp-json\/wp\/v2\/comments?post=5837"}],"version-history":[{"count":0,"href":"https:\/\/skydoo.com\/nl\/wp-json\/wp\/v2\/pages\/5837\/revisions"}],"wp:attachment":[{"href":"https:\/\/skydoo.com\/nl\/wp-json\/wp\/v2\/media?parent=5837"}],"curies":[{"name":"wp","href":"https:\/\/api.w.org\/{rel}","templated":true}]}}